{"id":15162,"date":"2022-11-12T15:17:54","date_gmt":"2022-11-12T14:17:54","guid":{"rendered":"https:\/\/boostialsurf.com\/product\/tavola-da-wing-foil-surf-gonfiabile-modello-d1-90-l\/"},"modified":"2023-06-28T11:58:10","modified_gmt":"2023-06-28T09:58:10","slug":"aufblasbares-wing-foil-surfboard-model-d1-90-l","status":"publish","type":"product","link":"https:\/\/boostialsurf.com\/de\/produkt\/aufblasbares-wing-foil-surfboard-model-d1-90-l\/","title":{"rendered":"Aufblasbares Wing-Foil-Surfboard, model D1 \u2013 90 L"},"content":{"rendered":"<p><strong>Aufblasbares Wing-Foil-Surfboard, model D1 \u2013 90 L<\/strong><\/p>\n<p>Aufblasbares Wingfoil-Board mit &#8222;Gewobenem Dropstitch&#8220;-Technologie, doppelschichtig verschwei\u00dft, mit einer \u00e4u\u00dferst robusten, gro\u00dfformatigen Carbonfaserplatte von 100% und einer Dicke von 17 mm. Das Board ist vollst\u00e4ndig kompatibel mit allen Foil-Marken wie Naish, Cabrinha, Fanatic, RRD, Gong und allen anderen, die das doppelte parallele Schienenkastensystem (2x US-Railbox) f\u00fcr die Foilmontage verwenden.<\/p>\n<p>Unser Modell D1 bietet ein responsives und steifes Fahrgef\u00fchl, vergleichbar mit den besten starren Wingsurf-Foiling-Boards, und bietet gleichzeitig mehr Fahrkomfort, eine h\u00f6here Sto\u00dffestigkeit und eine unvergleichliche Flexibilit\u00e4t beim Transport.<\/p>\n<p>Das Board erm\u00f6glicht die Montage von 3 bequemen Fu\u00dfschlaufen, wobei f\u00fcr jede Seite 2 Befestigungsschrauben verwendet werden, um eine \u00e4u\u00dferst robuste Verbindung zum Board zu gew\u00e4hrleisten. Das Deck ist aus einer &#8222;3D Diamond&#8220;-Geometrie mit einer Dicke von 5 mm gefertigt, die aufgrund ihrer Dichte und Oberfl\u00e4chenbeschaffenheit f\u00fcr einen hervorragenden Halt und au\u00dfergew\u00f6hnlichen Komfort w\u00e4hrend der Wassersessions sorgt.<\/p>\n<p><strong>Empfohlene Verwendung:<\/strong><\/p>\n<p>Modell D1-90<\/p>\n<ul>\n<li>Anf\u00e4nger im Wingsurfen (die Verwendung von Anf\u00e4nger-Fu\u00dfschlaufen wird nicht empfohlen) gewicht: 50kg-80kg<\/li>\n<li>Erfahrene Wingsurfer 70kg-100kg<\/li>\n<\/ul>\n<p><strong>Das Board wird mit folgendem Zubeh\u00f6r geliefert: <\/strong><\/p>\n<ul>\n<li>\n<div>3 bequeme Fu\u00dfschlaufen<\/div>\n<\/li>\n<li>\n<div>12 Schrauben und 6 gezahnte Platten aus A4-Edelstahl zur Befestigung der Fu\u00dfschlaufen<\/div>\n<\/li>\n<li>\n<div>Pumpe zum Aufpumpen des Boards<\/div>\n<\/li>\n<li>Robuste Flugtasche (90x75x25 cm) mit Rucksackriemen, Rollen, Innentasche mit Velcro Verschluss und gro\u00dfer Au\u00dfentasche mit Rei\u00dfverschluss<\/li>\n<li>\n<div>7 mm &#8222;Pigtail&#8220;-Kn\u00f6chelleine<\/div>\n<\/li>\n<li>\n<div>Reparaturset<\/div>\n<\/li>\n<li>\n<div>Allgemeines Foil-Befestigungsset, bestehend aus:<\/div>\n<ul>\n<li>\n<div>5 Torx-Schrauben mit abgerundetem Kopf aus A4-Edelstahl, Gr\u00f6\u00dfe 20&#215;6 mm<\/div>\n<\/li>\n<li>\n<div>5 Torx-Schrauben mit abgerundetem Kopf aus A4-Edelstahl, Gr\u00f6\u00dfe 16&#215;6 mm<\/div>\n<\/li>\n<li>\n<div>5 A4-Edelstahl-Unterlegscheiben<\/div>\n<\/li>\n<li>\n<div>5 blinde Messing-Eins\u00e4tze<\/div>\n<\/li>\n<li>\n<div>8 Gummi-Stopper zum Fixieren der Eins\u00e4tze in den Schienen<\/div>\n<\/li>\n<li>\n<div>Torx-Schl\u00fcssel zur Befestigung der Schrauben<\/div>\n<\/li>\n<\/ul>\n<\/li>\n<\/ul>\n","protected":false},"excerpt":{"rendered":"<p><strong>\u2022 Ma\u00dfe: 145x60x12.7 cm<br \/>\n<\/strong><strong>\u2022 Volumen: 90 L<\/strong><\/p>\n<p>Aufblasbares Wingfoil-Board mit &#8222;Gewobenem Dropstitch&#8220;-Technologie, doppelschichtig verschwei\u00dft, mit einer \u00e4u\u00dferst robusten, gro\u00dfformatigen Carbonfaserplatte von 100% und einer Dicke von 17 mm.<\/p>\n<p>Das Board ist vollst\u00e4ndig kompatibel mit allen Foil-Marken wie Naish, Cabrinha, Fanatic, RRD, Gong und allen anderen, die das doppelte parallele Schienenkastensystem (2x US-Railbox) f\u00fcr die Foilmontage verwenden.<\/p>\n","protected":false},"featured_media":16567,"comment_status":"open","ping_status":"closed","template":"","meta":[],"product_brand":[],"product_cat":[103],"product_tag":[],"class_list":{"0":"post-15162","1":"product","2":"type-product","3":"status-publish","4":"has-post-thumbnail","6":"product_cat-wing-foil-boards-model-d1-de","7":"product_shipping_class-classe-tavole-de","9":"first","10":"instock","11":"sale","12":"taxable","13":"shipping-taxable","14":"purchasable","15":"product-type-simple"},"yoast_head":"<!-- This site is optimized with the Yoast SEO plugin v27.3 - https:\/\/yoast.com\/product\/yoast-seo-wordpress\/ -->\n<title>Aufblasbares Wing-Foil-Surfboard, model D1 \u2013 90 L - BOOSTIAL SURF | Tavole da wing foil gonfiabili<\/title>\n<meta name=\"robots\" content=\"index, follow, max-snippet:-1, max-image-preview:large, max-video-preview:-1\" \/>\n<link rel=\"canonical\" href=\"https:\/\/boostialsurf.com\/de\/produkt\/aufblasbares-wing-foil-surfboard-model-d1-90-l\/\" \/>\n<meta property=\"og:locale\" content=\"de_DE\" \/>\n<meta property=\"og:type\" content=\"article\" \/>\n<meta property=\"og:title\" content=\"Aufblasbares Wing-Foil-Surfboard, model D1 \u2013 90 L - BOOSTIAL SURF | Tavole da wing foil gonfiabili\" \/>\n<meta property=\"og:description\" content=\"\u2022 Ma\u00dfe: 145x60x12.7 cm \u2022 Volumen: 90 L  Aufblasbares Wingfoil-Board mit &quot;Gewobenem Dropstitch&quot;-Technologie, doppelschichtig verschwei\u00dft, mit einer \u00e4u\u00dferst robusten, gro\u00dfformatigen Carbonfaserplatte von 100% und einer Dicke von 17 mm.  Das Board ist vollst\u00e4ndig kompatibel mit allen Foil-Marken wie Naish, Cabrinha, Fanatic, RRD, Gong und allen anderen, die das doppelte parallele Schienenkastensystem (2x US-Railbox) f\u00fcr die Foilmontage verwenden.\" \/>\n<meta property=\"og:url\" content=\"https:\/\/boostialsurf.com\/de\/produkt\/aufblasbares-wing-foil-surfboard-model-d1-90-l\/\" \/>\n<meta property=\"og:site_name\" content=\"BOOSTIAL SURF | Tavole da wing foil gonfiabili\" \/>\n<meta property=\"article:publisher\" content=\"https:\/\/www.facebook.com\/boostial.surf\" \/>\n<meta property=\"article:modified_time\" content=\"2023-06-28T09:58:10+00:00\" \/>\n<meta property=\"og:image\" content=\"https:\/\/boostialsurf.com\/wp-content\/uploads\/2022\/11\/Boostial-tavola-wing-foil-surf-gonfiabile-MODEL-D1-90-L-100.jpg\" \/>\n\t<meta property=\"og:image:width\" content=\"2000\" \/>\n\t<meta property=\"og:image:height\" content=\"2000\" \/>\n\t<meta property=\"og:image:type\" content=\"image\/jpeg\" \/>\n<meta name=\"twitter:card\" content=\"summary_large_image\" \/>\n<meta name=\"twitter:label1\" content=\"Gesch\u00e4tzte Lesezeit\" \/>\n\t<meta name=\"twitter:data1\" content=\"2\u00a0Minuten\" \/>\n<script type=\"application\/ld+json\" class=\"yoast-schema-graph\">{\"@context\":\"https:\\\/\\\/schema.org\",\"@graph\":[{\"@type\":\"WebPage\",\"@id\":\"https:\\\/\\\/boostialsurf.com\\\/de\\\/produkt\\\/aufblasbares-wing-foil-surfboard-model-d1-90-l\\\/\",\"url\":\"https:\\\/\\\/boostialsurf.com\\\/de\\\/produkt\\\/aufblasbares-wing-foil-surfboard-model-d1-90-l\\\/\",\"name\":\"Aufblasbares Wing-Foil-Surfboard, model D1 \u2013 90 L - BOOSTIAL SURF | Tavole da wing foil gonfiabili\",\"isPartOf\":{\"@id\":\"https:\\\/\\\/boostialsurf.com\\\/de\\\/#website\"},\"primaryImageOfPage\":{\"@id\":\"https:\\\/\\\/boostialsurf.com\\\/de\\\/produkt\\\/aufblasbares-wing-foil-surfboard-model-d1-90-l\\\/#primaryimage\"},\"image\":{\"@id\":\"https:\\\/\\\/boostialsurf.com\\\/de\\\/produkt\\\/aufblasbares-wing-foil-surfboard-model-d1-90-l\\\/#primaryimage\"},\"thumbnailUrl\":\"https:\\\/\\\/boostialsurf.com\\\/wp-content\\\/uploads\\\/2022\\\/11\\\/Boostial-surf.jpg\",\"datePublished\":\"2022-11-12T14:17:54+00:00\",\"dateModified\":\"2023-06-28T09:58:10+00:00\",\"breadcrumb\":{\"@id\":\"https:\\\/\\\/boostialsurf.com\\\/de\\\/produkt\\\/aufblasbares-wing-foil-surfboard-model-d1-90-l\\\/#breadcrumb\"},\"inLanguage\":\"de\",\"potentialAction\":[{\"@type\":\"ReadAction\",\"target\":[\"https:\\\/\\\/boostialsurf.com\\\/de\\\/produkt\\\/aufblasbares-wing-foil-surfboard-model-d1-90-l\\\/\"]}]},{\"@type\":\"ImageObject\",\"inLanguage\":\"de\",\"@id\":\"https:\\\/\\\/boostialsurf.com\\\/de\\\/produkt\\\/aufblasbares-wing-foil-surfboard-model-d1-90-l\\\/#primaryimage\",\"url\":\"https:\\\/\\\/boostialsurf.com\\\/wp-content\\\/uploads\\\/2022\\\/11\\\/Boostial-surf.jpg\",\"contentUrl\":\"https:\\\/\\\/boostialsurf.com\\\/wp-content\\\/uploads\\\/2022\\\/11\\\/Boostial-surf.jpg\",\"width\":2000,\"height\":2000},{\"@type\":\"BreadcrumbList\",\"@id\":\"https:\\\/\\\/boostialsurf.com\\\/de\\\/produkt\\\/aufblasbares-wing-foil-surfboard-model-d1-90-l\\\/#breadcrumb\",\"itemListElement\":[{\"@type\":\"ListItem\",\"position\":1,\"name\":\"Home\",\"item\":\"https:\\\/\\\/boostialsurf.com\\\/de\\\/\"},{\"@type\":\"ListItem\",\"position\":2,\"name\":\"Shop\",\"item\":\"https:\\\/\\\/boostialsurf.com\\\/de\\\/shop\\\/\"},{\"@type\":\"ListItem\",\"position\":3,\"name\":\"Aufblasbares Wing-Foil-Surfboard, model D1 \u2013 90 L\"}]},{\"@type\":\"WebSite\",\"@id\":\"https:\\\/\\\/boostialsurf.com\\\/de\\\/#website\",\"url\":\"https:\\\/\\\/boostialsurf.com\\\/de\\\/\",\"name\":\"BOOSTIAL SURF | Tavole da wing foil gonfiabili\",\"description\":\"\",\"publisher\":{\"@id\":\"https:\\\/\\\/boostialsurf.com\\\/de\\\/#organization\"},\"potentialAction\":[{\"@type\":\"SearchAction\",\"target\":{\"@type\":\"EntryPoint\",\"urlTemplate\":\"https:\\\/\\\/boostialsurf.com\\\/de\\\/?s={search_term_string}\"},\"query-input\":{\"@type\":\"PropertyValueSpecification\",\"valueRequired\":true,\"valueName\":\"search_term_string\"}}],\"inLanguage\":\"de\"},{\"@type\":\"Organization\",\"@id\":\"https:\\\/\\\/boostialsurf.com\\\/de\\\/#organization\",\"name\":\"BOOSTIAL SURF | Tavole da wing foil gonfiabili\",\"url\":\"https:\\\/\\\/boostialsurf.com\\\/de\\\/\",\"logo\":{\"@type\":\"ImageObject\",\"inLanguage\":\"de\",\"@id\":\"https:\\\/\\\/boostialsurf.com\\\/de\\\/#\\\/schema\\\/logo\\\/image\\\/\",\"url\":\"https:\\\/\\\/boostialsurf.com\\\/wp-content\\\/uploads\\\/2022\\\/11\\\/boostial-logo.png\",\"contentUrl\":\"https:\\\/\\\/boostialsurf.com\\\/wp-content\\\/uploads\\\/2022\\\/11\\\/boostial-logo.png\",\"width\":340,\"height\":60,\"caption\":\"BOOSTIAL SURF | Tavole da wing foil gonfiabili\"},\"image\":{\"@id\":\"https:\\\/\\\/boostialsurf.com\\\/de\\\/#\\\/schema\\\/logo\\\/image\\\/\"},\"sameAs\":[\"https:\\\/\\\/www.facebook.com\\\/boostial.surf\",\"https:\\\/\\\/www.youtube.com\\\/channel\\\/UCkhn29F8XryPBI_P-AavFfQ\",\"https:\\\/\\\/www.linkedin.com\\\/company\\\/icab-s-r-l\\\/\",\"https:\\\/\\\/www.instagram.com\\\/boostial.surf\\\/\"]}]}<\/script>\n<!-- \/ Yoast SEO plugin. -->","yoast_head_json":{"title":"Aufblasbares Wing-Foil-Surfboard, model D1 \u2013 90 L - BOOSTIAL SURF | Tavole da wing foil gonfiabili","robots":{"index":"index","follow":"follow","max-snippet":"max-snippet:-1","max-image-preview":"max-image-preview:large","max-video-preview":"max-video-preview:-1"},"canonical":"https:\/\/boostialsurf.com\/de\/produkt\/aufblasbares-wing-foil-surfboard-model-d1-90-l\/","og_locale":"de_DE","og_type":"article","og_title":"Aufblasbares Wing-Foil-Surfboard, model D1 \u2013 90 L - BOOSTIAL SURF | Tavole da wing foil gonfiabili","og_description":"\u2022 Ma\u00dfe: 145x60x12.7 cm \u2022 Volumen: 90 L  Aufblasbares Wingfoil-Board mit \"Gewobenem Dropstitch\"-Technologie, doppelschichtig verschwei\u00dft, mit einer \u00e4u\u00dferst robusten, gro\u00dfformatigen Carbonfaserplatte von 100% und einer Dicke von 17 mm.  Das Board ist vollst\u00e4ndig kompatibel mit allen Foil-Marken wie Naish, Cabrinha, Fanatic, RRD, Gong und allen anderen, die das doppelte parallele Schienenkastensystem (2x US-Railbox) f\u00fcr die Foilmontage verwenden.","og_url":"https:\/\/boostialsurf.com\/de\/produkt\/aufblasbares-wing-foil-surfboard-model-d1-90-l\/","og_site_name":"BOOSTIAL SURF | Tavole da wing foil gonfiabili","article_publisher":"https:\/\/www.facebook.com\/boostial.surf","article_modified_time":"2023-06-28T09:58:10+00:00","og_image":[{"width":2000,"height":2000,"url":"https:\/\/boostialsurf.com\/wp-content\/uploads\/2022\/11\/Boostial-tavola-wing-foil-surf-gonfiabile-MODEL-D1-90-L-100.jpg","type":"image\/jpeg"}],"twitter_card":"summary_large_image","twitter_misc":{"Gesch\u00e4tzte Lesezeit":"2\u00a0Minuten"},"schema":{"@context":"https:\/\/schema.org","@graph":[{"@type":"WebPage","@id":"https:\/\/boostialsurf.com\/de\/produkt\/aufblasbares-wing-foil-surfboard-model-d1-90-l\/","url":"https:\/\/boostialsurf.com\/de\/produkt\/aufblasbares-wing-foil-surfboard-model-d1-90-l\/","name":"Aufblasbares Wing-Foil-Surfboard, model D1 \u2013 90 L - BOOSTIAL SURF | Tavole da wing foil gonfiabili","isPartOf":{"@id":"https:\/\/boostialsurf.com\/de\/#website"},"primaryImageOfPage":{"@id":"https:\/\/boostialsurf.com\/de\/produkt\/aufblasbares-wing-foil-surfboard-model-d1-90-l\/#primaryimage"},"image":{"@id":"https:\/\/boostialsurf.com\/de\/produkt\/aufblasbares-wing-foil-surfboard-model-d1-90-l\/#primaryimage"},"thumbnailUrl":"https:\/\/boostialsurf.com\/wp-content\/uploads\/2022\/11\/Boostial-surf.jpg","datePublished":"2022-11-12T14:17:54+00:00","dateModified":"2023-06-28T09:58:10+00:00","breadcrumb":{"@id":"https:\/\/boostialsurf.com\/de\/produkt\/aufblasbares-wing-foil-surfboard-model-d1-90-l\/#breadcrumb"},"inLanguage":"de","potentialAction":[{"@type":"ReadAction","target":["https:\/\/boostialsurf.com\/de\/produkt\/aufblasbares-wing-foil-surfboard-model-d1-90-l\/"]}]},{"@type":"ImageObject","inLanguage":"de","@id":"https:\/\/boostialsurf.com\/de\/produkt\/aufblasbares-wing-foil-surfboard-model-d1-90-l\/#primaryimage","url":"https:\/\/boostialsurf.com\/wp-content\/uploads\/2022\/11\/Boostial-surf.jpg","contentUrl":"https:\/\/boostialsurf.com\/wp-content\/uploads\/2022\/11\/Boostial-surf.jpg","width":2000,"height":2000},{"@type":"BreadcrumbList","@id":"https:\/\/boostialsurf.com\/de\/produkt\/aufblasbares-wing-foil-surfboard-model-d1-90-l\/#breadcrumb","itemListElement":[{"@type":"ListItem","position":1,"name":"Home","item":"https:\/\/boostialsurf.com\/de\/"},{"@type":"ListItem","position":2,"name":"Shop","item":"https:\/\/boostialsurf.com\/de\/shop\/"},{"@type":"ListItem","position":3,"name":"Aufblasbares Wing-Foil-Surfboard, model D1 \u2013 90 L"}]},{"@type":"WebSite","@id":"https:\/\/boostialsurf.com\/de\/#website","url":"https:\/\/boostialsurf.com\/de\/","name":"BOOSTIAL SURF | Tavole da wing foil gonfiabili","description":"","publisher":{"@id":"https:\/\/boostialsurf.com\/de\/#organization"},"potentialAction":[{"@type":"SearchAction","target":{"@type":"EntryPoint","urlTemplate":"https:\/\/boostialsurf.com\/de\/?s={search_term_string}"},"query-input":{"@type":"PropertyValueSpecification","valueRequired":true,"valueName":"search_term_string"}}],"inLanguage":"de"},{"@type":"Organization","@id":"https:\/\/boostialsurf.com\/de\/#organization","name":"BOOSTIAL SURF | Tavole da wing foil gonfiabili","url":"https:\/\/boostialsurf.com\/de\/","logo":{"@type":"ImageObject","inLanguage":"de","@id":"https:\/\/boostialsurf.com\/de\/#\/schema\/logo\/image\/","url":"https:\/\/boostialsurf.com\/wp-content\/uploads\/2022\/11\/boostial-logo.png","contentUrl":"https:\/\/boostialsurf.com\/wp-content\/uploads\/2022\/11\/boostial-logo.png","width":340,"height":60,"caption":"BOOSTIAL SURF | Tavole da wing foil gonfiabili"},"image":{"@id":"https:\/\/boostialsurf.com\/de\/#\/schema\/logo\/image\/"},"sameAs":["https:\/\/www.facebook.com\/boostial.surf","https:\/\/www.youtube.com\/channel\/UCkhn29F8XryPBI_P-AavFfQ","https:\/\/www.linkedin.com\/company\/icab-s-r-l\/","https:\/\/www.instagram.com\/boostial.surf\/"]}]}},"_links":{"self":[{"href":"https:\/\/boostialsurf.com\/de\/wp-json\/wp\/v2\/product\/15162","targetHints":{"allow":["GET"]}}],"collection":[{"href":"https:\/\/boostialsurf.com\/de\/wp-json\/wp\/v2\/product"}],"about":[{"href":"https:\/\/boostialsurf.com\/de\/wp-json\/wp\/v2\/types\/product"}],"replies":[{"embeddable":true,"href":"https:\/\/boostialsurf.com\/de\/wp-json\/wp\/v2\/comments?post=15162"}],"wp:featuredmedia":[{"embeddable":true,"href":"https:\/\/boostialsurf.com\/de\/wp-json\/wp\/v2\/media\/16567"}],"wp:attachment":[{"href":"https:\/\/boostialsurf.com\/de\/wp-json\/wp\/v2\/media?parent=15162"}],"wp:term":[{"taxonomy":"product_brand","embeddable":true,"href":"https:\/\/boostialsurf.com\/de\/wp-json\/wp\/v2\/product_brand?post=15162"},{"taxonomy":"product_cat","embeddable":true,"href":"https:\/\/boostialsurf.com\/de\/wp-json\/wp\/v2\/product_cat?post=15162"},{"taxonomy":"product_tag","embeddable":true,"href":"https:\/\/boostialsurf.com\/de\/wp-json\/wp\/v2\/product_tag?post=15162"}],"curies":[{"name":"wp","href":"https:\/\/api.w.org\/{rel}","templated":true}]}}