{"id":15439,"date":"2023-08-24T10:31:16","date_gmt":"2023-08-24T08:31:16","guid":{"rendered":"https:\/\/boostialsurf.com\/?post_type=product&#038;p=15439"},"modified":"2023-09-11T12:00:41","modified_gmt":"2023-09-11T10:00:41","slug":"b83945k-sabfoil-onda-83945-black-series-kit-hydrofoil","status":"publish","type":"product","link":"https:\/\/boostialsurf.com\/de\/produkt\/b83945k-sabfoil-onda-83945-black-series-kit-hydrofoil\/","title":{"rendered":"B83945K &#8211; Sabfoil Onda 83945 Black Series | Kit Hydrofoil"},"content":{"rendered":"<p>Das\u00a0<strong>Onda Black Series 83945<\/strong>\u00a0Hydrofoil-Kit ist ein vielseitiges Produkt, das f\u00fcr\u00a0<strong>Surfer entwickelt wurde, die\u00a0<\/strong><strong>mittelstarke Wellen<\/strong>\u00a0bei schwachem Wind bew\u00e4ltigen , aber auch\u00a0<strong>Wingfoil-<\/strong>\u00a0Sessions\u00a0absolvieren m\u00f6chten .<\/p>\n<p>Die Komponenten der Black Series bieten\u00a0diesem\u00a0<strong>Vollcarbon-Bausatz\u00a0<\/strong><strong>ein unschlagbares Preis-Leistungs-Verh\u00e4ltnis<\/strong>\u00a0und machen ihn ideal f\u00fcr alle, die in die Welt der Tragfl\u00e4chenboote einsteigen m\u00f6chten, ohne auf die Qualit\u00e4t von Carbon zu verzichten.\u00a0Alle Komponenten sind mit der Standardserie kompatibel, sodass Sie Ihre Ausr\u00fcstung jederzeit aufr\u00fcsten k\u00f6nnen.\u00a0Die Steifigkeit ist etwa 15 % niedriger als bei Standardkomponenten und das Design ist einfarbig.<\/p>\n<p>Der Frontfl\u00fcgel (\u00a0<strong>WO945<\/strong>\u00a0) zeichnet sich durch eine mittlere Streckung, ein flaches Profil und eine relativ gro\u00dfe Oberfl\u00e4che aus und bietet eine ausgewogene Kombination aus Man\u00f6vrierf\u00e4higkeit und Auftrieb bei dennoch diskreter Geschwindigkeit.\u00a0Dies erm\u00f6glicht es Surfern, m\u00fchelos zu carven, zu beschleunigen und oben auf dem Wellenkamm zu bleiben.\u00a0Der Mast (\u00a0<strong>M83K<\/strong>\u00a0) hat ein ausgewogenes Profil und erm\u00f6glicht eine sanfte und schnelle Fahrt ohne Einbu\u00dfen bei der Steifigkeit.\u00a0Der flache Stabilisator (\u00a0<strong>S425<\/strong>\u00a0) sorgt f\u00fcr hervorragende Man\u00f6vrierf\u00e4higkeit.<\/p>\n<p>Egal, ob Sie ein erfahrener Surfer sind, der ein Hochleistungsprodukt sucht, oder gerade erst anfangen, das Onda Black Series 83945 Hydrofoil-Kit bietet ein vielseitiges und unterhaltsames Surferlebnis.<\/p>\n<p><img loading=\"lazy\" decoding=\"async\" class=\"alignnone wp-image-16005 size-full\" src=\"https:\/\/boostialsurf.com\/wp-content\/uploads\/2023\/08\/Subfoil-201.png\" alt=\"\" width=\"2524\" height=\"1402\" srcset=\"https:\/\/boostialsurf.com\/wp-content\/uploads\/2023\/08\/Subfoil-201.png 2524w, https:\/\/boostialsurf.com\/wp-content\/uploads\/2023\/08\/Subfoil-201-300x167.png 300w, https:\/\/boostialsurf.com\/wp-content\/uploads\/2023\/08\/Subfoil-201-1024x569.png 1024w, https:\/\/boostialsurf.com\/wp-content\/uploads\/2023\/08\/Subfoil-201-768x427.png 768w, https:\/\/boostialsurf.com\/wp-content\/uploads\/2023\/08\/Subfoil-201-1536x853.png 1536w, https:\/\/boostialsurf.com\/wp-content\/uploads\/2023\/08\/Subfoil-201-2048x1138.png 2048w, https:\/\/boostialsurf.com\/wp-content\/uploads\/2023\/08\/Subfoil-201-600x333.png 600w\" sizes=\"auto, (max-width: 2524px) 100vw, 2524px\" \/><\/p>\n","protected":false},"excerpt":{"rendered":"<p><span class=\"block text-base font-bold\">\u2022 <strong>Reichweite:<\/strong> <\/span><span class=\"block font-medium text-gray-700\">Black Series &#8211; Onda<br \/>\n<\/span><span class=\"block text-base font-bold\">\u2022 <strong>Empfohlen f\u00fcr: <\/strong>Welle \u2013 Surfen \u2013 Freeride<\/span><span class=\"block font-medium text-gray-700\"><br \/>\n<span class=\"block text-base font-bold\">\u2022<strong> Niedrige Endgeschwindigkeit<\/strong><\/span><\/span><strong><span class=\"block text-base font-bold\">: <\/span><\/strong><span class=\"block font-medium text-gray-700\">10 &#8211; 12 kn<br \/>\n<span class=\"block text-base font-bold\">\u2022 <strong>H\u00f6chstgeschwindigkeit (durchschnittlich 75 kg schwerer Benutzer)<\/strong><\/span><\/span><strong><span class=\"block text-base font-bold\">: <\/span><\/strong><span class=\"block font-medium text-gray-700\">19 &#8211; 21 kn<\/span><\/p>\n<p><strong>Deine Bestellung wird einer Verf\u00fcgbarkeitspr\u00fcfung des Artikels beim Lieferanten unterzogen. Die Versandzeit wird in Zusammenarbeit mit dem Lieferanten verwaltet.<\/strong><\/p>\n","protected":false},"featured_media":15442,"comment_status":"open","ping_status":"closed","template":"","meta":[],"product_brand":[],"product_cat":[126,127],"product_tag":[],"class_list":{"0":"post-15439","1":"product","2":"type-product","3":"status-publish","4":"has-post-thumbnail","6":"product_cat-sabfoil-kits-de","7":"product_cat-blackseries-de","8":"product_shipping_class-classe-partner-de","10":"first","11":"instock","12":"taxable","13":"shipping-taxable","14":"purchasable","15":"product-type-simple"},"yoast_head":"<!-- This site is optimized with the Yoast SEO plugin v27.4 - https:\/\/yoast.com\/product\/yoast-seo-wordpress\/ -->\n<title>B83945K - Sabfoil Onda 83945 Black Series | Kit Hydrofoil - BOOSTIAL SURF | Tavole da wing foil gonfiabili<\/title>\n<meta name=\"description\" content=\"Das\u00a0Onda Black Series 83945\u00a0Hydrofoil-Kit ist ein vielseitiges Produkt, das f\u00fcr\u00a0Surfer entwickelt wurde, die\u00a0mittelstarke Wellen\u00a0bei schwachem Wind bew\u00e4ltigen , aber auch\u00a0Wingfoil-\u00a0Sessions\u00a0absolvieren m\u00f6chten .\" \/>\n<meta name=\"robots\" content=\"index, follow, max-snippet:-1, max-image-preview:large, max-video-preview:-1\" \/>\n<link rel=\"canonical\" href=\"https:\/\/boostialsurf.com\/de\/produkt\/b83945k-sabfoil-onda-83945-black-series-kit-hydrofoil\/\" \/>\n<meta property=\"og:locale\" content=\"de_DE\" \/>\n<meta property=\"og:type\" content=\"article\" \/>\n<meta property=\"og:title\" content=\"B83945K - Sabfoil Onda 83945 Black Series | Kit Hydrofoil - BOOSTIAL SURF | Tavole da wing foil gonfiabili\" \/>\n<meta property=\"og:description\" content=\"Das\u00a0Onda Black Series 83945\u00a0Hydrofoil-Kit ist ein vielseitiges Produkt, das f\u00fcr\u00a0Surfer entwickelt wurde, die\u00a0mittelstarke Wellen\u00a0bei schwachem Wind bew\u00e4ltigen , aber auch\u00a0Wingfoil-\u00a0Sessions\u00a0absolvieren m\u00f6chten .\" \/>\n<meta property=\"og:url\" content=\"https:\/\/boostialsurf.com\/de\/produkt\/b83945k-sabfoil-onda-83945-black-series-kit-hydrofoil\/\" \/>\n<meta property=\"og:site_name\" content=\"BOOSTIAL SURF | Tavole da wing foil gonfiabili\" \/>\n<meta property=\"article:publisher\" content=\"https:\/\/www.facebook.com\/boostial.surf\" \/>\n<meta property=\"article:modified_time\" content=\"2023-09-11T10:00:41+00:00\" \/>\n<meta property=\"og:image\" content=\"https:\/\/boostialsurf.com\/wp-content\/uploads\/2023\/08\/image.webp\" \/>\n\t<meta property=\"og:image:width\" content=\"1440\" \/>\n\t<meta property=\"og:image:height\" content=\"1080\" \/>\n\t<meta property=\"og:image:type\" content=\"image\/webp\" \/>\n<script type=\"application\/ld+json\" class=\"yoast-schema-graph\">{\"@context\":\"https:\\\/\\\/schema.org\",\"@graph\":[{\"@type\":\"WebPage\",\"@id\":\"https:\\\/\\\/boostialsurf.com\\\/de\\\/produkt\\\/b83945k-sabfoil-onda-83945-black-series-kit-hydrofoil\\\/\",\"url\":\"https:\\\/\\\/boostialsurf.com\\\/de\\\/produkt\\\/b83945k-sabfoil-onda-83945-black-series-kit-hydrofoil\\\/\",\"name\":\"B83945K - Sabfoil Onda 83945 Black Series | Kit Hydrofoil - BOOSTIAL SURF | Tavole da wing foil gonfiabili\",\"isPartOf\":{\"@id\":\"https:\\\/\\\/boostialsurf.com\\\/de\\\/#website\"},\"primaryImageOfPage\":{\"@id\":\"https:\\\/\\\/boostialsurf.com\\\/de\\\/produkt\\\/b83945k-sabfoil-onda-83945-black-series-kit-hydrofoil\\\/#primaryimage\"},\"image\":{\"@id\":\"https:\\\/\\\/boostialsurf.com\\\/de\\\/produkt\\\/b83945k-sabfoil-onda-83945-black-series-kit-hydrofoil\\\/#primaryimage\"},\"thumbnailUrl\":\"https:\\\/\\\/boostialsurf.com\\\/wp-content\\\/uploads\\\/2023\\\/08\\\/image.webp\",\"datePublished\":\"2023-08-24T08:31:16+00:00\",\"dateModified\":\"2023-09-11T10:00:41+00:00\",\"description\":\"Das\u00a0Onda Black Series 83945\u00a0Hydrofoil-Kit ist ein vielseitiges Produkt, das f\u00fcr\u00a0Surfer entwickelt wurde, die\u00a0mittelstarke Wellen\u00a0bei schwachem Wind bew\u00e4ltigen , aber auch\u00a0Wingfoil-\u00a0Sessions\u00a0absolvieren m\u00f6chten .\",\"breadcrumb\":{\"@id\":\"https:\\\/\\\/boostialsurf.com\\\/de\\\/produkt\\\/b83945k-sabfoil-onda-83945-black-series-kit-hydrofoil\\\/#breadcrumb\"},\"inLanguage\":\"de\",\"potentialAction\":[{\"@type\":\"ReadAction\",\"target\":[\"https:\\\/\\\/boostialsurf.com\\\/de\\\/produkt\\\/b83945k-sabfoil-onda-83945-black-series-kit-hydrofoil\\\/\"]}]},{\"@type\":\"ImageObject\",\"inLanguage\":\"de\",\"@id\":\"https:\\\/\\\/boostialsurf.com\\\/de\\\/produkt\\\/b83945k-sabfoil-onda-83945-black-series-kit-hydrofoil\\\/#primaryimage\",\"url\":\"https:\\\/\\\/boostialsurf.com\\\/wp-content\\\/uploads\\\/2023\\\/08\\\/image.webp\",\"contentUrl\":\"https:\\\/\\\/boostialsurf.com\\\/wp-content\\\/uploads\\\/2023\\\/08\\\/image.webp\",\"width\":1440,\"height\":1080},{\"@type\":\"BreadcrumbList\",\"@id\":\"https:\\\/\\\/boostialsurf.com\\\/de\\\/produkt\\\/b83945k-sabfoil-onda-83945-black-series-kit-hydrofoil\\\/#breadcrumb\",\"itemListElement\":[{\"@type\":\"ListItem\",\"position\":1,\"name\":\"Home\",\"item\":\"https:\\\/\\\/boostialsurf.com\\\/de\\\/\"},{\"@type\":\"ListItem\",\"position\":2,\"name\":\"Shop\",\"item\":\"https:\\\/\\\/boostialsurf.com\\\/de\\\/shop\\\/\"},{\"@type\":\"ListItem\",\"position\":3,\"name\":\"B83945K &#8211; Sabfoil Onda 83945 Black Series | Kit Hydrofoil\"}]},{\"@type\":\"WebSite\",\"@id\":\"https:\\\/\\\/boostialsurf.com\\\/de\\\/#website\",\"url\":\"https:\\\/\\\/boostialsurf.com\\\/de\\\/\",\"name\":\"BOOSTIAL SURF | Tavole da wing foil gonfiabili\",\"description\":\"\",\"publisher\":{\"@id\":\"https:\\\/\\\/boostialsurf.com\\\/de\\\/#organization\"},\"potentialAction\":[{\"@type\":\"SearchAction\",\"target\":{\"@type\":\"EntryPoint\",\"urlTemplate\":\"https:\\\/\\\/boostialsurf.com\\\/de\\\/?s={search_term_string}\"},\"query-input\":{\"@type\":\"PropertyValueSpecification\",\"valueRequired\":true,\"valueName\":\"search_term_string\"}}],\"inLanguage\":\"de\"},{\"@type\":\"Organization\",\"@id\":\"https:\\\/\\\/boostialsurf.com\\\/de\\\/#organization\",\"name\":\"BOOSTIAL SURF | Tavole da wing foil gonfiabili\",\"url\":\"https:\\\/\\\/boostialsurf.com\\\/de\\\/\",\"logo\":{\"@type\":\"ImageObject\",\"inLanguage\":\"de\",\"@id\":\"https:\\\/\\\/boostialsurf.com\\\/de\\\/#\\\/schema\\\/logo\\\/image\\\/\",\"url\":\"https:\\\/\\\/boostialsurf.com\\\/wp-content\\\/uploads\\\/2022\\\/11\\\/boostial-logo.png\",\"contentUrl\":\"https:\\\/\\\/boostialsurf.com\\\/wp-content\\\/uploads\\\/2022\\\/11\\\/boostial-logo.png\",\"width\":340,\"height\":60,\"caption\":\"BOOSTIAL SURF | Tavole da wing foil gonfiabili\"},\"image\":{\"@id\":\"https:\\\/\\\/boostialsurf.com\\\/de\\\/#\\\/schema\\\/logo\\\/image\\\/\"},\"sameAs\":[\"https:\\\/\\\/www.facebook.com\\\/boostial.surf\",\"https:\\\/\\\/www.youtube.com\\\/channel\\\/UCkhn29F8XryPBI_P-AavFfQ\",\"https:\\\/\\\/www.linkedin.com\\\/company\\\/icab-s-r-l\\\/\",\"https:\\\/\\\/www.instagram.com\\\/boostial.surf\\\/\"]}]}<\/script>\n<!-- \/ Yoast SEO plugin. -->","yoast_head_json":{"title":"B83945K - Sabfoil Onda 83945 Black Series | Kit Hydrofoil - BOOSTIAL SURF | Tavole da wing foil gonfiabili","description":"Das\u00a0Onda Black Series 83945\u00a0Hydrofoil-Kit ist ein vielseitiges Produkt, das f\u00fcr\u00a0Surfer entwickelt wurde, die\u00a0mittelstarke Wellen\u00a0bei schwachem Wind bew\u00e4ltigen , aber auch\u00a0Wingfoil-\u00a0Sessions\u00a0absolvieren m\u00f6chten .","robots":{"index":"index","follow":"follow","max-snippet":"max-snippet:-1","max-image-preview":"max-image-preview:large","max-video-preview":"max-video-preview:-1"},"canonical":"https:\/\/boostialsurf.com\/de\/produkt\/b83945k-sabfoil-onda-83945-black-series-kit-hydrofoil\/","og_locale":"de_DE","og_type":"article","og_title":"B83945K - Sabfoil Onda 83945 Black Series | Kit Hydrofoil - BOOSTIAL SURF | Tavole da wing foil gonfiabili","og_description":"Das\u00a0Onda Black Series 83945\u00a0Hydrofoil-Kit ist ein vielseitiges Produkt, das f\u00fcr\u00a0Surfer entwickelt wurde, die\u00a0mittelstarke Wellen\u00a0bei schwachem Wind bew\u00e4ltigen , aber auch\u00a0Wingfoil-\u00a0Sessions\u00a0absolvieren m\u00f6chten .","og_url":"https:\/\/boostialsurf.com\/de\/produkt\/b83945k-sabfoil-onda-83945-black-series-kit-hydrofoil\/","og_site_name":"BOOSTIAL SURF | Tavole da wing foil gonfiabili","article_publisher":"https:\/\/www.facebook.com\/boostial.surf","article_modified_time":"2023-09-11T10:00:41+00:00","og_image":[{"width":1440,"height":1080,"url":"https:\/\/boostialsurf.com\/wp-content\/uploads\/2023\/08\/image.webp","type":"image\/webp"}],"schema":{"@context":"https:\/\/schema.org","@graph":[{"@type":"WebPage","@id":"https:\/\/boostialsurf.com\/de\/produkt\/b83945k-sabfoil-onda-83945-black-series-kit-hydrofoil\/","url":"https:\/\/boostialsurf.com\/de\/produkt\/b83945k-sabfoil-onda-83945-black-series-kit-hydrofoil\/","name":"B83945K - Sabfoil Onda 83945 Black Series | Kit Hydrofoil - BOOSTIAL SURF | Tavole da wing foil gonfiabili","isPartOf":{"@id":"https:\/\/boostialsurf.com\/de\/#website"},"primaryImageOfPage":{"@id":"https:\/\/boostialsurf.com\/de\/produkt\/b83945k-sabfoil-onda-83945-black-series-kit-hydrofoil\/#primaryimage"},"image":{"@id":"https:\/\/boostialsurf.com\/de\/produkt\/b83945k-sabfoil-onda-83945-black-series-kit-hydrofoil\/#primaryimage"},"thumbnailUrl":"https:\/\/boostialsurf.com\/wp-content\/uploads\/2023\/08\/image.webp","datePublished":"2023-08-24T08:31:16+00:00","dateModified":"2023-09-11T10:00:41+00:00","description":"Das\u00a0Onda Black Series 83945\u00a0Hydrofoil-Kit ist ein vielseitiges Produkt, das f\u00fcr\u00a0Surfer entwickelt wurde, die\u00a0mittelstarke Wellen\u00a0bei schwachem Wind bew\u00e4ltigen , aber auch\u00a0Wingfoil-\u00a0Sessions\u00a0absolvieren m\u00f6chten .","breadcrumb":{"@id":"https:\/\/boostialsurf.com\/de\/produkt\/b83945k-sabfoil-onda-83945-black-series-kit-hydrofoil\/#breadcrumb"},"inLanguage":"de","potentialAction":[{"@type":"ReadAction","target":["https:\/\/boostialsurf.com\/de\/produkt\/b83945k-sabfoil-onda-83945-black-series-kit-hydrofoil\/"]}]},{"@type":"ImageObject","inLanguage":"de","@id":"https:\/\/boostialsurf.com\/de\/produkt\/b83945k-sabfoil-onda-83945-black-series-kit-hydrofoil\/#primaryimage","url":"https:\/\/boostialsurf.com\/wp-content\/uploads\/2023\/08\/image.webp","contentUrl":"https:\/\/boostialsurf.com\/wp-content\/uploads\/2023\/08\/image.webp","width":1440,"height":1080},{"@type":"BreadcrumbList","@id":"https:\/\/boostialsurf.com\/de\/produkt\/b83945k-sabfoil-onda-83945-black-series-kit-hydrofoil\/#breadcrumb","itemListElement":[{"@type":"ListItem","position":1,"name":"Home","item":"https:\/\/boostialsurf.com\/de\/"},{"@type":"ListItem","position":2,"name":"Shop","item":"https:\/\/boostialsurf.com\/de\/shop\/"},{"@type":"ListItem","position":3,"name":"B83945K &#8211; Sabfoil Onda 83945 Black Series | Kit Hydrofoil"}]},{"@type":"WebSite","@id":"https:\/\/boostialsurf.com\/de\/#website","url":"https:\/\/boostialsurf.com\/de\/","name":"BOOSTIAL SURF | Tavole da wing foil gonfiabili","description":"","publisher":{"@id":"https:\/\/boostialsurf.com\/de\/#organization"},"potentialAction":[{"@type":"SearchAction","target":{"@type":"EntryPoint","urlTemplate":"https:\/\/boostialsurf.com\/de\/?s={search_term_string}"},"query-input":{"@type":"PropertyValueSpecification","valueRequired":true,"valueName":"search_term_string"}}],"inLanguage":"de"},{"@type":"Organization","@id":"https:\/\/boostialsurf.com\/de\/#organization","name":"BOOSTIAL SURF | Tavole da wing foil gonfiabili","url":"https:\/\/boostialsurf.com\/de\/","logo":{"@type":"ImageObject","inLanguage":"de","@id":"https:\/\/boostialsurf.com\/de\/#\/schema\/logo\/image\/","url":"https:\/\/boostialsurf.com\/wp-content\/uploads\/2022\/11\/boostial-logo.png","contentUrl":"https:\/\/boostialsurf.com\/wp-content\/uploads\/2022\/11\/boostial-logo.png","width":340,"height":60,"caption":"BOOSTIAL SURF | Tavole da wing foil gonfiabili"},"image":{"@id":"https:\/\/boostialsurf.com\/de\/#\/schema\/logo\/image\/"},"sameAs":["https:\/\/www.facebook.com\/boostial.surf","https:\/\/www.youtube.com\/channel\/UCkhn29F8XryPBI_P-AavFfQ","https:\/\/www.linkedin.com\/company\/icab-s-r-l\/","https:\/\/www.instagram.com\/boostial.surf\/"]}]}},"_links":{"self":[{"href":"https:\/\/boostialsurf.com\/de\/wp-json\/wp\/v2\/product\/15439","targetHints":{"allow":["GET"]}}],"collection":[{"href":"https:\/\/boostialsurf.com\/de\/wp-json\/wp\/v2\/product"}],"about":[{"href":"https:\/\/boostialsurf.com\/de\/wp-json\/wp\/v2\/types\/product"}],"replies":[{"embeddable":true,"href":"https:\/\/boostialsurf.com\/de\/wp-json\/wp\/v2\/comments?post=15439"}],"wp:featuredmedia":[{"embeddable":true,"href":"https:\/\/boostialsurf.com\/de\/wp-json\/wp\/v2\/media\/15442"}],"wp:attachment":[{"href":"https:\/\/boostialsurf.com\/de\/wp-json\/wp\/v2\/media?parent=15439"}],"wp:term":[{"taxonomy":"product_brand","embeddable":true,"href":"https:\/\/boostialsurf.com\/de\/wp-json\/wp\/v2\/product_brand?post=15439"},{"taxonomy":"product_cat","embeddable":true,"href":"https:\/\/boostialsurf.com\/de\/wp-json\/wp\/v2\/product_cat?post=15439"},{"taxonomy":"product_tag","embeddable":true,"href":"https:\/\/boostialsurf.com\/de\/wp-json\/wp\/v2\/product_tag?post=15439"}],"curies":[{"name":"wp","href":"https:\/\/api.w.org\/{rel}","templated":true}]}}