{"id":15503,"date":"2023-09-11T11:57:42","date_gmt":"2023-09-11T09:57:42","guid":{"rendered":"https:\/\/boostialsurf.com\/?post_type=product&#038;p=15503"},"modified":"2023-09-11T12:01:03","modified_gmt":"2023-09-11T10:01:03","slug":"bv83790k-sabfoil-vento-tortuga-83790-black-series-kit-hydrofoil","status":"publish","type":"product","link":"https:\/\/boostialsurf.com\/de\/produkt\/bv83790k-sabfoil-vento-tortuga-83790-black-series-kit-hydrofoil\/","title":{"rendered":"BV83790K &#8211; Sabfoil Vento Tortuga 83790 Black Series | Kit Hydrofoil"},"content":{"rendered":"<p>Das\u00a0<strong>Vento\u00a0<\/strong><strong>Tortuga Black Series 83790-<\/strong>\u00a0Kit ist ein\u00a0<strong>einsteigerfreundliches<\/strong>\u00a0Produkt, das f\u00fcr\u00a0<strong>das Windfoiling<\/strong>\u00a0entwickelt wurde und sich ideal f\u00fcr\u00a0<strong>Freeride<\/strong>\u00a0bei m\u00e4\u00dfigen bis schwachen Windbedingungen eignet.<\/p>\n<p>Die Komponenten der Black Series bieten\u00a0diesem\u00a0<strong>Vollcarbon-Bausatz\u00a0<\/strong><strong>ein unschlagbares Preis-Leistungs-Verh\u00e4ltnis<\/strong>\u00a0und machen ihn ideal f\u00fcr alle, die in die Welt der Tragfl\u00e4chenboote einsteigen m\u00f6chten, ohne auf die Qualit\u00e4t von Carbon zu verzichten.\u00a0Alle Komponenten sind mit der Standardserie kompatibel, sodass Sie Ihre Ausr\u00fcstung jederzeit aufr\u00fcsten k\u00f6nnen.\u00a0Die Steifigkeit ist etwa 15 % niedriger als bei Standardkomponenten und das Design ist einfarbig.<\/p>\n<p>Der Frontfl\u00fcgel (\u00a0<strong>WT790<\/strong>\u00a0) zeichnet sich durch ein niedriges Streckungsverh\u00e4ltnis, ein hohes Volumen und eine gro\u00dfz\u00fcgige Oberfl\u00e4che aus und sorgt so f\u00fcr gro\u00dfen Auftrieb. Die kleinen Winglets erh\u00f6hen die Stabilit\u00e4t und machen ihn auch f\u00fcr Einsteiger in den Sport leicht zu fahren.\u00a0Der Mast (\u00a0<strong>M83K<\/strong>\u00a0) hat ein Standardprofil, das eine sanfte und schnelle Fahrt bei gleichzeitig hervorragender Steifigkeit erm\u00f6glicht.\u00a0Der Gullwing-Shape-Stabilisator (\u00a0<strong>S430<\/strong>\u00a0) sorgt f\u00fcr optimale Kontrolle ohne Einbu\u00dfen bei der Man\u00f6vrierf\u00e4higkeit.<\/p>\n<p>Der Vento Tortuga 83790 ist die ideale Wahl f\u00fcr alle, die ihr Abenteuer im Windfoilen beginnen m\u00f6chten und ein zuverl\u00e4ssiges Produkt suchen, das eine unterhaltsame und zug\u00e4ngliche M\u00f6glichkeit bietet, den Sport zu genie\u00dfen.<\/p>\n<p><img loading=\"lazy\" decoding=\"async\" class=\"alignnone wp-image-16095 size-full\" src=\"https:\/\/boostialsurf.com\/wp-content\/uploads\/2023\/08\/Subfoil-417.png\" alt=\"\" width=\"2524\" height=\"1402\" srcset=\"https:\/\/boostialsurf.com\/wp-content\/uploads\/2023\/08\/Subfoil-417.png 2524w, https:\/\/boostialsurf.com\/wp-content\/uploads\/2023\/08\/Subfoil-417-300x167.png 300w, https:\/\/boostialsurf.com\/wp-content\/uploads\/2023\/08\/Subfoil-417-1024x569.png 1024w, https:\/\/boostialsurf.com\/wp-content\/uploads\/2023\/08\/Subfoil-417-768x427.png 768w, https:\/\/boostialsurf.com\/wp-content\/uploads\/2023\/08\/Subfoil-417-1536x853.png 1536w, https:\/\/boostialsurf.com\/wp-content\/uploads\/2023\/08\/Subfoil-417-2048x1138.png 2048w, https:\/\/boostialsurf.com\/wp-content\/uploads\/2023\/08\/Subfoil-417-600x333.png 600w\" sizes=\"auto, (max-width: 2524px) 100vw, 2524px\" \/><\/p>\n","protected":false},"excerpt":{"rendered":"<p><strong>\u2022 Reichweite<\/strong>: Black Series &#8211; Tortuga<br \/>\n<strong>\u2022 Empfohlen f\u00fcr<\/strong>: Einfaches Fahren \u2013 Freeride<br \/>\n<strong>\u2022 Niedrige Endgeschwindigkeit:<\/strong> 7 &#8211; 9 kn<br \/>\n<strong>\u2022 H\u00f6chstgeschwindigkeit (durchschnittlich 75 kg schwerer Benutzer):<\/strong> 19 &#8211; 21 kn<\/p>\n<p><strong>Deine Bestellung wird einer Verf\u00fcgbarkeitspr\u00fcfung des Artikels beim Lieferanten unterzogen. Die Versandzeit wird in Zusammenarbeit mit dem Lieferanten verwaltet.<\/strong><\/p>\n","protected":false},"featured_media":15506,"comment_status":"open","ping_status":"closed","template":"","meta":[],"product_brand":[],"product_cat":[139,126],"product_tag":[],"class_list":{"0":"post-15503","1":"product","2":"type-product","3":"status-publish","4":"has-post-thumbnail","6":"product_cat-tortuga-de","7":"product_cat-sabfoil-kits-de","8":"product_shipping_class-classe-partner-de","10":"first","11":"instock","12":"taxable","13":"shipping-taxable","14":"purchasable","15":"product-type-simple"},"yoast_head":"<!-- This site is optimized with the Yoast SEO plugin v27.3 - https:\/\/yoast.com\/product\/yoast-seo-wordpress\/ -->\n<title>BV83790K - Sabfoil Vento Tortuga 83790 Black Series | Kit Hydrofoil - BOOSTIAL SURF | Tavole da wing foil gonfiabili<\/title>\n<meta name=\"description\" content=\"Das\u00a0Vento\u00a0Tortuga Black Series 83790-\u00a0Kit ist ein\u00a0einsteigerfreundliches\u00a0Produkt, das f\u00fcr\u00a0das Windfoiling\u00a0entwickelt wurde und sich ideal f\u00fcr\u00a0Freeride\u00a0bei m\u00e4\u00dfigen bis schwachen Windbedingungen eignet.\" \/>\n<meta name=\"robots\" content=\"index, follow, max-snippet:-1, max-image-preview:large, max-video-preview:-1\" \/>\n<link rel=\"canonical\" href=\"https:\/\/boostialsurf.com\/de\/produkt\/bv83790k-sabfoil-vento-tortuga-83790-black-series-kit-hydrofoil\/\" \/>\n<meta property=\"og:locale\" content=\"de_DE\" \/>\n<meta property=\"og:type\" content=\"article\" \/>\n<meta property=\"og:title\" content=\"BV83790K - Sabfoil Vento Tortuga 83790 Black Series | Kit Hydrofoil - BOOSTIAL SURF | Tavole da wing foil gonfiabili\" \/>\n<meta property=\"og:description\" content=\"Das\u00a0Vento\u00a0Tortuga Black Series 83790-\u00a0Kit ist ein\u00a0einsteigerfreundliches\u00a0Produkt, das f\u00fcr\u00a0das Windfoiling\u00a0entwickelt wurde und sich ideal f\u00fcr\u00a0Freeride\u00a0bei m\u00e4\u00dfigen bis schwachen Windbedingungen eignet.\" \/>\n<meta property=\"og:url\" content=\"https:\/\/boostialsurf.com\/de\/produkt\/bv83790k-sabfoil-vento-tortuga-83790-black-series-kit-hydrofoil\/\" \/>\n<meta property=\"og:site_name\" content=\"BOOSTIAL SURF | Tavole da wing foil gonfiabili\" \/>\n<meta property=\"article:publisher\" content=\"https:\/\/www.facebook.com\/boostial.surf\" \/>\n<meta property=\"article:modified_time\" content=\"2023-09-11T10:01:03+00:00\" \/>\n<meta property=\"og:image\" content=\"https:\/\/boostialsurf.com\/wp-content\/uploads\/2023\/08\/image-5.jpg\" \/>\n\t<meta property=\"og:image:width\" content=\"1440\" \/>\n\t<meta property=\"og:image:height\" content=\"1080\" \/>\n\t<meta property=\"og:image:type\" content=\"image\/jpeg\" \/>\n<meta name=\"twitter:card\" content=\"summary_large_image\" \/>\n<meta name=\"twitter:label1\" content=\"Gesch\u00e4tzte Lesezeit\" \/>\n\t<meta name=\"twitter:data1\" content=\"2\u00a0Minuten\" \/>\n<script type=\"application\/ld+json\" class=\"yoast-schema-graph\">{\"@context\":\"https:\\\/\\\/schema.org\",\"@graph\":[{\"@type\":\"WebPage\",\"@id\":\"https:\\\/\\\/boostialsurf.com\\\/de\\\/produkt\\\/bv83790k-sabfoil-vento-tortuga-83790-black-series-kit-hydrofoil\\\/\",\"url\":\"https:\\\/\\\/boostialsurf.com\\\/de\\\/produkt\\\/bv83790k-sabfoil-vento-tortuga-83790-black-series-kit-hydrofoil\\\/\",\"name\":\"BV83790K - Sabfoil Vento Tortuga 83790 Black Series | Kit Hydrofoil - BOOSTIAL SURF | Tavole da wing foil gonfiabili\",\"isPartOf\":{\"@id\":\"https:\\\/\\\/boostialsurf.com\\\/de\\\/#website\"},\"primaryImageOfPage\":{\"@id\":\"https:\\\/\\\/boostialsurf.com\\\/de\\\/produkt\\\/bv83790k-sabfoil-vento-tortuga-83790-black-series-kit-hydrofoil\\\/#primaryimage\"},\"image\":{\"@id\":\"https:\\\/\\\/boostialsurf.com\\\/de\\\/produkt\\\/bv83790k-sabfoil-vento-tortuga-83790-black-series-kit-hydrofoil\\\/#primaryimage\"},\"thumbnailUrl\":\"https:\\\/\\\/boostialsurf.com\\\/wp-content\\\/uploads\\\/2023\\\/08\\\/image-5.jpg\",\"datePublished\":\"2023-09-11T09:57:42+00:00\",\"dateModified\":\"2023-09-11T10:01:03+00:00\",\"description\":\"Das\u00a0Vento\u00a0Tortuga Black Series 83790-\u00a0Kit ist ein\u00a0einsteigerfreundliches\u00a0Produkt, das f\u00fcr\u00a0das Windfoiling\u00a0entwickelt wurde und sich ideal f\u00fcr\u00a0Freeride\u00a0bei m\u00e4\u00dfigen bis schwachen Windbedingungen eignet.\",\"breadcrumb\":{\"@id\":\"https:\\\/\\\/boostialsurf.com\\\/de\\\/produkt\\\/bv83790k-sabfoil-vento-tortuga-83790-black-series-kit-hydrofoil\\\/#breadcrumb\"},\"inLanguage\":\"de\",\"potentialAction\":[{\"@type\":\"ReadAction\",\"target\":[\"https:\\\/\\\/boostialsurf.com\\\/de\\\/produkt\\\/bv83790k-sabfoil-vento-tortuga-83790-black-series-kit-hydrofoil\\\/\"]}]},{\"@type\":\"ImageObject\",\"inLanguage\":\"de\",\"@id\":\"https:\\\/\\\/boostialsurf.com\\\/de\\\/produkt\\\/bv83790k-sabfoil-vento-tortuga-83790-black-series-kit-hydrofoil\\\/#primaryimage\",\"url\":\"https:\\\/\\\/boostialsurf.com\\\/wp-content\\\/uploads\\\/2023\\\/08\\\/image-5.jpg\",\"contentUrl\":\"https:\\\/\\\/boostialsurf.com\\\/wp-content\\\/uploads\\\/2023\\\/08\\\/image-5.jpg\",\"width\":1440,\"height\":1080},{\"@type\":\"BreadcrumbList\",\"@id\":\"https:\\\/\\\/boostialsurf.com\\\/de\\\/produkt\\\/bv83790k-sabfoil-vento-tortuga-83790-black-series-kit-hydrofoil\\\/#breadcrumb\",\"itemListElement\":[{\"@type\":\"ListItem\",\"position\":1,\"name\":\"Home\",\"item\":\"https:\\\/\\\/boostialsurf.com\\\/de\\\/\"},{\"@type\":\"ListItem\",\"position\":2,\"name\":\"Shop\",\"item\":\"https:\\\/\\\/boostialsurf.com\\\/de\\\/shop\\\/\"},{\"@type\":\"ListItem\",\"position\":3,\"name\":\"BV83790K &#8211; Sabfoil Vento Tortuga 83790 Black Series | Kit Hydrofoil\"}]},{\"@type\":\"WebSite\",\"@id\":\"https:\\\/\\\/boostialsurf.com\\\/de\\\/#website\",\"url\":\"https:\\\/\\\/boostialsurf.com\\\/de\\\/\",\"name\":\"BOOSTIAL SURF | Tavole da wing foil gonfiabili\",\"description\":\"\",\"publisher\":{\"@id\":\"https:\\\/\\\/boostialsurf.com\\\/de\\\/#organization\"},\"potentialAction\":[{\"@type\":\"SearchAction\",\"target\":{\"@type\":\"EntryPoint\",\"urlTemplate\":\"https:\\\/\\\/boostialsurf.com\\\/de\\\/?s={search_term_string}\"},\"query-input\":{\"@type\":\"PropertyValueSpecification\",\"valueRequired\":true,\"valueName\":\"search_term_string\"}}],\"inLanguage\":\"de\"},{\"@type\":\"Organization\",\"@id\":\"https:\\\/\\\/boostialsurf.com\\\/de\\\/#organization\",\"name\":\"BOOSTIAL SURF | Tavole da wing foil gonfiabili\",\"url\":\"https:\\\/\\\/boostialsurf.com\\\/de\\\/\",\"logo\":{\"@type\":\"ImageObject\",\"inLanguage\":\"de\",\"@id\":\"https:\\\/\\\/boostialsurf.com\\\/de\\\/#\\\/schema\\\/logo\\\/image\\\/\",\"url\":\"https:\\\/\\\/boostialsurf.com\\\/wp-content\\\/uploads\\\/2022\\\/11\\\/boostial-logo.png\",\"contentUrl\":\"https:\\\/\\\/boostialsurf.com\\\/wp-content\\\/uploads\\\/2022\\\/11\\\/boostial-logo.png\",\"width\":340,\"height\":60,\"caption\":\"BOOSTIAL SURF | Tavole da wing foil gonfiabili\"},\"image\":{\"@id\":\"https:\\\/\\\/boostialsurf.com\\\/de\\\/#\\\/schema\\\/logo\\\/image\\\/\"},\"sameAs\":[\"https:\\\/\\\/www.facebook.com\\\/boostial.surf\",\"https:\\\/\\\/www.youtube.com\\\/channel\\\/UCkhn29F8XryPBI_P-AavFfQ\",\"https:\\\/\\\/www.linkedin.com\\\/company\\\/icab-s-r-l\\\/\",\"https:\\\/\\\/www.instagram.com\\\/boostial.surf\\\/\"]}]}<\/script>\n<!-- \/ Yoast SEO plugin. -->","yoast_head_json":{"title":"BV83790K - Sabfoil Vento Tortuga 83790 Black Series | Kit Hydrofoil - BOOSTIAL SURF | Tavole da wing foil gonfiabili","description":"Das\u00a0Vento\u00a0Tortuga Black Series 83790-\u00a0Kit ist ein\u00a0einsteigerfreundliches\u00a0Produkt, das f\u00fcr\u00a0das Windfoiling\u00a0entwickelt wurde und sich ideal f\u00fcr\u00a0Freeride\u00a0bei m\u00e4\u00dfigen bis schwachen Windbedingungen eignet.","robots":{"index":"index","follow":"follow","max-snippet":"max-snippet:-1","max-image-preview":"max-image-preview:large","max-video-preview":"max-video-preview:-1"},"canonical":"https:\/\/boostialsurf.com\/de\/produkt\/bv83790k-sabfoil-vento-tortuga-83790-black-series-kit-hydrofoil\/","og_locale":"de_DE","og_type":"article","og_title":"BV83790K - Sabfoil Vento Tortuga 83790 Black Series | Kit Hydrofoil - BOOSTIAL SURF | Tavole da wing foil gonfiabili","og_description":"Das\u00a0Vento\u00a0Tortuga Black Series 83790-\u00a0Kit ist ein\u00a0einsteigerfreundliches\u00a0Produkt, das f\u00fcr\u00a0das Windfoiling\u00a0entwickelt wurde und sich ideal f\u00fcr\u00a0Freeride\u00a0bei m\u00e4\u00dfigen bis schwachen Windbedingungen eignet.","og_url":"https:\/\/boostialsurf.com\/de\/produkt\/bv83790k-sabfoil-vento-tortuga-83790-black-series-kit-hydrofoil\/","og_site_name":"BOOSTIAL SURF | Tavole da wing foil gonfiabili","article_publisher":"https:\/\/www.facebook.com\/boostial.surf","article_modified_time":"2023-09-11T10:01:03+00:00","og_image":[{"width":1440,"height":1080,"url":"https:\/\/boostialsurf.com\/wp-content\/uploads\/2023\/08\/image-5.jpg","type":"image\/jpeg"}],"twitter_card":"summary_large_image","twitter_misc":{"Gesch\u00e4tzte Lesezeit":"2\u00a0Minuten"},"schema":{"@context":"https:\/\/schema.org","@graph":[{"@type":"WebPage","@id":"https:\/\/boostialsurf.com\/de\/produkt\/bv83790k-sabfoil-vento-tortuga-83790-black-series-kit-hydrofoil\/","url":"https:\/\/boostialsurf.com\/de\/produkt\/bv83790k-sabfoil-vento-tortuga-83790-black-series-kit-hydrofoil\/","name":"BV83790K - Sabfoil Vento Tortuga 83790 Black Series | Kit Hydrofoil - BOOSTIAL SURF | Tavole da wing foil gonfiabili","isPartOf":{"@id":"https:\/\/boostialsurf.com\/de\/#website"},"primaryImageOfPage":{"@id":"https:\/\/boostialsurf.com\/de\/produkt\/bv83790k-sabfoil-vento-tortuga-83790-black-series-kit-hydrofoil\/#primaryimage"},"image":{"@id":"https:\/\/boostialsurf.com\/de\/produkt\/bv83790k-sabfoil-vento-tortuga-83790-black-series-kit-hydrofoil\/#primaryimage"},"thumbnailUrl":"https:\/\/boostialsurf.com\/wp-content\/uploads\/2023\/08\/image-5.jpg","datePublished":"2023-09-11T09:57:42+00:00","dateModified":"2023-09-11T10:01:03+00:00","description":"Das\u00a0Vento\u00a0Tortuga Black Series 83790-\u00a0Kit ist ein\u00a0einsteigerfreundliches\u00a0Produkt, das f\u00fcr\u00a0das Windfoiling\u00a0entwickelt wurde und sich ideal f\u00fcr\u00a0Freeride\u00a0bei m\u00e4\u00dfigen bis schwachen Windbedingungen eignet.","breadcrumb":{"@id":"https:\/\/boostialsurf.com\/de\/produkt\/bv83790k-sabfoil-vento-tortuga-83790-black-series-kit-hydrofoil\/#breadcrumb"},"inLanguage":"de","potentialAction":[{"@type":"ReadAction","target":["https:\/\/boostialsurf.com\/de\/produkt\/bv83790k-sabfoil-vento-tortuga-83790-black-series-kit-hydrofoil\/"]}]},{"@type":"ImageObject","inLanguage":"de","@id":"https:\/\/boostialsurf.com\/de\/produkt\/bv83790k-sabfoil-vento-tortuga-83790-black-series-kit-hydrofoil\/#primaryimage","url":"https:\/\/boostialsurf.com\/wp-content\/uploads\/2023\/08\/image-5.jpg","contentUrl":"https:\/\/boostialsurf.com\/wp-content\/uploads\/2023\/08\/image-5.jpg","width":1440,"height":1080},{"@type":"BreadcrumbList","@id":"https:\/\/boostialsurf.com\/de\/produkt\/bv83790k-sabfoil-vento-tortuga-83790-black-series-kit-hydrofoil\/#breadcrumb","itemListElement":[{"@type":"ListItem","position":1,"name":"Home","item":"https:\/\/boostialsurf.com\/de\/"},{"@type":"ListItem","position":2,"name":"Shop","item":"https:\/\/boostialsurf.com\/de\/shop\/"},{"@type":"ListItem","position":3,"name":"BV83790K &#8211; Sabfoil Vento Tortuga 83790 Black Series | Kit Hydrofoil"}]},{"@type":"WebSite","@id":"https:\/\/boostialsurf.com\/de\/#website","url":"https:\/\/boostialsurf.com\/de\/","name":"BOOSTIAL SURF | Tavole da wing foil gonfiabili","description":"","publisher":{"@id":"https:\/\/boostialsurf.com\/de\/#organization"},"potentialAction":[{"@type":"SearchAction","target":{"@type":"EntryPoint","urlTemplate":"https:\/\/boostialsurf.com\/de\/?s={search_term_string}"},"query-input":{"@type":"PropertyValueSpecification","valueRequired":true,"valueName":"search_term_string"}}],"inLanguage":"de"},{"@type":"Organization","@id":"https:\/\/boostialsurf.com\/de\/#organization","name":"BOOSTIAL SURF | Tavole da wing foil gonfiabili","url":"https:\/\/boostialsurf.com\/de\/","logo":{"@type":"ImageObject","inLanguage":"de","@id":"https:\/\/boostialsurf.com\/de\/#\/schema\/logo\/image\/","url":"https:\/\/boostialsurf.com\/wp-content\/uploads\/2022\/11\/boostial-logo.png","contentUrl":"https:\/\/boostialsurf.com\/wp-content\/uploads\/2022\/11\/boostial-logo.png","width":340,"height":60,"caption":"BOOSTIAL SURF | Tavole da wing foil gonfiabili"},"image":{"@id":"https:\/\/boostialsurf.com\/de\/#\/schema\/logo\/image\/"},"sameAs":["https:\/\/www.facebook.com\/boostial.surf","https:\/\/www.youtube.com\/channel\/UCkhn29F8XryPBI_P-AavFfQ","https:\/\/www.linkedin.com\/company\/icab-s-r-l\/","https:\/\/www.instagram.com\/boostial.surf\/"]}]}},"_links":{"self":[{"href":"https:\/\/boostialsurf.com\/de\/wp-json\/wp\/v2\/product\/15503","targetHints":{"allow":["GET"]}}],"collection":[{"href":"https:\/\/boostialsurf.com\/de\/wp-json\/wp\/v2\/product"}],"about":[{"href":"https:\/\/boostialsurf.com\/de\/wp-json\/wp\/v2\/types\/product"}],"replies":[{"embeddable":true,"href":"https:\/\/boostialsurf.com\/de\/wp-json\/wp\/v2\/comments?post=15503"}],"wp:featuredmedia":[{"embeddable":true,"href":"https:\/\/boostialsurf.com\/de\/wp-json\/wp\/v2\/media\/15506"}],"wp:attachment":[{"href":"https:\/\/boostialsurf.com\/de\/wp-json\/wp\/v2\/media?parent=15503"}],"wp:term":[{"taxonomy":"product_brand","embeddable":true,"href":"https:\/\/boostialsurf.com\/de\/wp-json\/wp\/v2\/product_brand?post=15503"},{"taxonomy":"product_cat","embeddable":true,"href":"https:\/\/boostialsurf.com\/de\/wp-json\/wp\/v2\/product_cat?post=15503"},{"taxonomy":"product_tag","embeddable":true,"href":"https:\/\/boostialsurf.com\/de\/wp-json\/wp\/v2\/product_tag?post=15503"}],"curies":[{"name":"wp","href":"https:\/\/api.w.org\/{rel}","templated":true}]}}