{"id":15518,"date":"2023-09-11T11:57:41","date_gmt":"2023-09-11T09:57:41","guid":{"rendered":"https:\/\/boostialsurf.com\/?post_type=product&#038;p=15518"},"modified":"2023-09-11T12:01:04","modified_gmt":"2023-09-11T10:01:04","slug":"831350kl-sabfoil-leviathan-831350-kit-hydrofoil","status":"publish","type":"product","link":"https:\/\/boostialsurf.com\/de\/produkt\/831350kl-sabfoil-leviathan-831350-kit-hydrofoil\/","title":{"rendered":"831350KL &#8211; Sabfoil Leviathan 831350 | Kit Hydrofoil"},"content":{"rendered":"<p>Das\u00a0<strong>Leviathan 831350<\/strong>\u00a0Hydrofoil-Set ist ein Muss f\u00fcr jeden, der sein\u00a0<strong>Pump-<\/strong>\u00a0und\u00a0<strong>SUP-<\/strong>\u00a0Fahren auf die n\u00e4chste Stufe bringen m\u00f6chte.\u00a0Dieses Set\u00a0wurde f\u00fcr den Einsatz bei\u00a0<strong>schwachem Wind und Wellengang entwickelt und bietet hervorragende Leistung und Vielseitigkeit, was es zu einer unterhaltsamen und zuverl\u00e4ssigen Option auch f\u00fcr\u00a0<\/strong><strong>Downwind-<\/strong>\u00a0Sessions macht.<\/p>\n<p>Der Frontfl\u00fcgel (\u00a0<strong>WL1350<\/strong>\u00a0) verf\u00fcgt \u00fcber ein hohes Streckungsverh\u00e4ltnis, was zu au\u00dfergew\u00f6hnlichem Gleiten und Effizienz sowie einem einfachen Start f\u00fchrt und gleichzeitig eine gute H\u00f6chstgeschwindigkeit beibeh\u00e4lt.\u00a0Der steife Mast (\u00a0<strong>M83PLK<\/strong>\u00a0) sorgt f\u00fcr reduzierte Biegung und Torsion f\u00fcr maximale Stabilit\u00e4t und Kontrolle auch w\u00e4hrend Pumpsitzungen.\u00a0Der Gullwing-Shape-Stabilisator (\u00a0<strong>S380<\/strong>\u00a0) sorgt f\u00fcr hervorragende Kontrolle und erm\u00f6glicht ein einfaches Pumpen.<\/p>\n<p>Egal, ob Sie nach einer zuverl\u00e4ssigen L\u00f6sung zum SUP-Fahren und Pumpen suchen oder einfach nur nach einem unterhaltsamen Tag auf dem Wasser suchen, das Leviathan 831150 Hydrofoil-Set ist eine gute Wahl.<\/p>\n<p>Aufgrund der gro\u00dfen Gr\u00f6\u00dfe ist dieses Set\u00a0f\u00fcr Spr\u00fcnge und Freestyle ungeeignet\u00a0.<\/p>\n<p><strong>Tasche<\/strong>\u00a0und\u00a0<strong>Schnellverschlusssystem<\/strong>\u00a0(Q01K) im Lieferumfang enthalten<\/p>\n<p><img loading=\"lazy\" decoding=\"async\" class=\"alignnone wp-image-16089 size-full\" src=\"https:\/\/boostialsurf.com\/wp-content\/uploads\/2023\/08\/Subfoil-415.png\" alt=\"\" width=\"2524\" height=\"1402\" srcset=\"https:\/\/boostialsurf.com\/wp-content\/uploads\/2023\/08\/Subfoil-415.png 2524w, https:\/\/boostialsurf.com\/wp-content\/uploads\/2023\/08\/Subfoil-415-300x167.png 300w, https:\/\/boostialsurf.com\/wp-content\/uploads\/2023\/08\/Subfoil-415-1024x569.png 1024w, https:\/\/boostialsurf.com\/wp-content\/uploads\/2023\/08\/Subfoil-415-768x427.png 768w, https:\/\/boostialsurf.com\/wp-content\/uploads\/2023\/08\/Subfoil-415-1536x853.png 1536w, https:\/\/boostialsurf.com\/wp-content\/uploads\/2023\/08\/Subfoil-415-2048x1138.png 2048w, https:\/\/boostialsurf.com\/wp-content\/uploads\/2023\/08\/Subfoil-415-600x333.png 600w\" sizes=\"auto, (max-width: 2524px) 100vw, 2524px\" \/><\/p>\n","protected":false},"excerpt":{"rendered":"<p><strong>\u2022 Reichweite<\/strong>: Leviathan<br \/>\n<strong>\u2022 Empfohlen f\u00fcr<\/strong>: SUP &#8211; Pumping &#8211; Freeride &#8211; Downwind &#8211; Dock-Start<br \/>\n<strong>\u2022 Niedrige Endgeschwindigkeit:<\/strong> 6 kn \u2193<br \/>\n<strong>\u2022 H\u00f6chstgeschwindigkeit (durchschnittlich 75 kg schwerer Benutzer):<\/strong> 13 &#8211; 15 kn<\/p>\n<p><strong>Deine Bestellung wird einer Verf\u00fcgbarkeitspr\u00fcfung des Artikels beim Lieferanten unterzogen. Die Versandzeit wird in Zusammenarbeit mit dem Lieferanten verwaltet.<\/strong><\/p>\n","protected":false},"featured_media":15521,"comment_status":"open","ping_status":"closed","template":"","meta":[],"product_brand":[],"product_cat":[126,129],"product_tag":[],"class_list":{"0":"post-15518","1":"product","2":"type-product","3":"status-publish","4":"has-post-thumbnail","6":"product_cat-sabfoil-kits-de","7":"product_cat-leviathan-de","8":"product_shipping_class-classe-partner-de","10":"first","11":"instock","12":"taxable","13":"shipping-taxable","14":"purchasable","15":"product-type-simple"},"yoast_head":"<!-- This site is optimized with the Yoast SEO plugin v27.3 - https:\/\/yoast.com\/product\/yoast-seo-wordpress\/ -->\n<title>831350KL - Sabfoil Leviathan 831350 | Kit Hydrofoil - BOOSTIAL SURF | Tavole da wing foil gonfiabili<\/title>\n<meta name=\"description\" content=\"Das\u00a0Leviathan 831350\u00a0Hydrofoil-Set ist ein Muss f\u00fcr jeden, der sein\u00a0Pump-\u00a0und\u00a0SUP-\u00a0Fahren auf die n\u00e4chste Stufe bringen m\u00f6chte.\u00a0Dieses Set\u00a0wurde f\u00fcr den Einsatz bei\u00a0schwachem Wind und Wellengang entwickelt und bietet hervorragende Leistung und Vielseitigkeit, was es zu einer unterhaltsamen und zuverl\u00e4ssigen Option auch f\u00fcr\u00a0Downwind-\u00a0Sessions macht.\" \/>\n<meta name=\"robots\" content=\"index, follow, max-snippet:-1, max-image-preview:large, max-video-preview:-1\" \/>\n<link rel=\"canonical\" href=\"https:\/\/boostialsurf.com\/de\/produkt\/831350kl-sabfoil-leviathan-831350-kit-hydrofoil\/\" \/>\n<meta property=\"og:locale\" content=\"de_DE\" \/>\n<meta property=\"og:type\" content=\"article\" \/>\n<meta property=\"og:title\" content=\"831350KL - Sabfoil Leviathan 831350 | Kit Hydrofoil - BOOSTIAL SURF | Tavole da wing foil gonfiabili\" \/>\n<meta property=\"og:description\" content=\"Das\u00a0Leviathan 831350\u00a0Hydrofoil-Set ist ein Muss f\u00fcr jeden, der sein\u00a0Pump-\u00a0und\u00a0SUP-\u00a0Fahren auf die n\u00e4chste Stufe bringen m\u00f6chte.\u00a0Dieses Set\u00a0wurde f\u00fcr den Einsatz bei\u00a0schwachem Wind und Wellengang entwickelt und bietet hervorragende Leistung und Vielseitigkeit, was es zu einer unterhaltsamen und zuverl\u00e4ssigen Option auch f\u00fcr\u00a0Downwind-\u00a0Sessions macht.\" \/>\n<meta property=\"og:url\" content=\"https:\/\/boostialsurf.com\/de\/produkt\/831350kl-sabfoil-leviathan-831350-kit-hydrofoil\/\" \/>\n<meta property=\"og:site_name\" content=\"BOOSTIAL SURF | Tavole da wing foil gonfiabili\" \/>\n<meta property=\"article:publisher\" content=\"https:\/\/www.facebook.com\/boostial.surf\" \/>\n<meta property=\"article:modified_time\" content=\"2023-09-11T10:01:04+00:00\" \/>\n<meta property=\"og:image\" content=\"https:\/\/boostialsurf.com\/wp-content\/uploads\/2023\/08\/image-6.jpg\" \/>\n\t<meta property=\"og:image:width\" content=\"1440\" \/>\n\t<meta property=\"og:image:height\" content=\"1080\" \/>\n\t<meta property=\"og:image:type\" content=\"image\/jpeg\" \/>\n<meta name=\"twitter:card\" content=\"summary_large_image\" \/>\n<meta name=\"twitter:label1\" content=\"Gesch\u00e4tzte Lesezeit\" \/>\n\t<meta name=\"twitter:data1\" content=\"2\u00a0Minuten\" \/>\n<script type=\"application\/ld+json\" class=\"yoast-schema-graph\">{\"@context\":\"https:\\\/\\\/schema.org\",\"@graph\":[{\"@type\":\"WebPage\",\"@id\":\"https:\\\/\\\/boostialsurf.com\\\/de\\\/produkt\\\/831350kl-sabfoil-leviathan-831350-kit-hydrofoil\\\/\",\"url\":\"https:\\\/\\\/boostialsurf.com\\\/de\\\/produkt\\\/831350kl-sabfoil-leviathan-831350-kit-hydrofoil\\\/\",\"name\":\"831350KL - Sabfoil Leviathan 831350 | Kit Hydrofoil - BOOSTIAL SURF | Tavole da wing foil gonfiabili\",\"isPartOf\":{\"@id\":\"https:\\\/\\\/boostialsurf.com\\\/de\\\/#website\"},\"primaryImageOfPage\":{\"@id\":\"https:\\\/\\\/boostialsurf.com\\\/de\\\/produkt\\\/831350kl-sabfoil-leviathan-831350-kit-hydrofoil\\\/#primaryimage\"},\"image\":{\"@id\":\"https:\\\/\\\/boostialsurf.com\\\/de\\\/produkt\\\/831350kl-sabfoil-leviathan-831350-kit-hydrofoil\\\/#primaryimage\"},\"thumbnailUrl\":\"https:\\\/\\\/boostialsurf.com\\\/wp-content\\\/uploads\\\/2023\\\/08\\\/image-6.jpg\",\"datePublished\":\"2023-09-11T09:57:41+00:00\",\"dateModified\":\"2023-09-11T10:01:04+00:00\",\"description\":\"Das\u00a0Leviathan 831350\u00a0Hydrofoil-Set ist ein Muss f\u00fcr jeden, der sein\u00a0Pump-\u00a0und\u00a0SUP-\u00a0Fahren auf die n\u00e4chste Stufe bringen m\u00f6chte.\u00a0Dieses Set\u00a0wurde f\u00fcr den Einsatz bei\u00a0schwachem Wind und Wellengang entwickelt und bietet hervorragende Leistung und Vielseitigkeit, was es zu einer unterhaltsamen und zuverl\u00e4ssigen Option auch f\u00fcr\u00a0Downwind-\u00a0Sessions macht.\",\"breadcrumb\":{\"@id\":\"https:\\\/\\\/boostialsurf.com\\\/de\\\/produkt\\\/831350kl-sabfoil-leviathan-831350-kit-hydrofoil\\\/#breadcrumb\"},\"inLanguage\":\"de\",\"potentialAction\":[{\"@type\":\"ReadAction\",\"target\":[\"https:\\\/\\\/boostialsurf.com\\\/de\\\/produkt\\\/831350kl-sabfoil-leviathan-831350-kit-hydrofoil\\\/\"]}]},{\"@type\":\"ImageObject\",\"inLanguage\":\"de\",\"@id\":\"https:\\\/\\\/boostialsurf.com\\\/de\\\/produkt\\\/831350kl-sabfoil-leviathan-831350-kit-hydrofoil\\\/#primaryimage\",\"url\":\"https:\\\/\\\/boostialsurf.com\\\/wp-content\\\/uploads\\\/2023\\\/08\\\/image-6.jpg\",\"contentUrl\":\"https:\\\/\\\/boostialsurf.com\\\/wp-content\\\/uploads\\\/2023\\\/08\\\/image-6.jpg\",\"width\":1440,\"height\":1080},{\"@type\":\"BreadcrumbList\",\"@id\":\"https:\\\/\\\/boostialsurf.com\\\/de\\\/produkt\\\/831350kl-sabfoil-leviathan-831350-kit-hydrofoil\\\/#breadcrumb\",\"itemListElement\":[{\"@type\":\"ListItem\",\"position\":1,\"name\":\"Home\",\"item\":\"https:\\\/\\\/boostialsurf.com\\\/de\\\/\"},{\"@type\":\"ListItem\",\"position\":2,\"name\":\"Shop\",\"item\":\"https:\\\/\\\/boostialsurf.com\\\/de\\\/shop\\\/\"},{\"@type\":\"ListItem\",\"position\":3,\"name\":\"831350KL &#8211; Sabfoil Leviathan 831350 | Kit Hydrofoil\"}]},{\"@type\":\"WebSite\",\"@id\":\"https:\\\/\\\/boostialsurf.com\\\/de\\\/#website\",\"url\":\"https:\\\/\\\/boostialsurf.com\\\/de\\\/\",\"name\":\"BOOSTIAL SURF | Tavole da wing foil gonfiabili\",\"description\":\"\",\"publisher\":{\"@id\":\"https:\\\/\\\/boostialsurf.com\\\/de\\\/#organization\"},\"potentialAction\":[{\"@type\":\"SearchAction\",\"target\":{\"@type\":\"EntryPoint\",\"urlTemplate\":\"https:\\\/\\\/boostialsurf.com\\\/de\\\/?s={search_term_string}\"},\"query-input\":{\"@type\":\"PropertyValueSpecification\",\"valueRequired\":true,\"valueName\":\"search_term_string\"}}],\"inLanguage\":\"de\"},{\"@type\":\"Organization\",\"@id\":\"https:\\\/\\\/boostialsurf.com\\\/de\\\/#organization\",\"name\":\"BOOSTIAL SURF | Tavole da wing foil gonfiabili\",\"url\":\"https:\\\/\\\/boostialsurf.com\\\/de\\\/\",\"logo\":{\"@type\":\"ImageObject\",\"inLanguage\":\"de\",\"@id\":\"https:\\\/\\\/boostialsurf.com\\\/de\\\/#\\\/schema\\\/logo\\\/image\\\/\",\"url\":\"https:\\\/\\\/boostialsurf.com\\\/wp-content\\\/uploads\\\/2022\\\/11\\\/boostial-logo.png\",\"contentUrl\":\"https:\\\/\\\/boostialsurf.com\\\/wp-content\\\/uploads\\\/2022\\\/11\\\/boostial-logo.png\",\"width\":340,\"height\":60,\"caption\":\"BOOSTIAL SURF | Tavole da wing foil gonfiabili\"},\"image\":{\"@id\":\"https:\\\/\\\/boostialsurf.com\\\/de\\\/#\\\/schema\\\/logo\\\/image\\\/\"},\"sameAs\":[\"https:\\\/\\\/www.facebook.com\\\/boostial.surf\",\"https:\\\/\\\/www.youtube.com\\\/channel\\\/UCkhn29F8XryPBI_P-AavFfQ\",\"https:\\\/\\\/www.linkedin.com\\\/company\\\/icab-s-r-l\\\/\",\"https:\\\/\\\/www.instagram.com\\\/boostial.surf\\\/\"]}]}<\/script>\n<!-- \/ Yoast SEO plugin. -->","yoast_head_json":{"title":"831350KL - Sabfoil Leviathan 831350 | Kit Hydrofoil - BOOSTIAL SURF | Tavole da wing foil gonfiabili","description":"Das\u00a0Leviathan 831350\u00a0Hydrofoil-Set ist ein Muss f\u00fcr jeden, der sein\u00a0Pump-\u00a0und\u00a0SUP-\u00a0Fahren auf die n\u00e4chste Stufe bringen m\u00f6chte.\u00a0Dieses Set\u00a0wurde f\u00fcr den Einsatz bei\u00a0schwachem Wind und Wellengang entwickelt und bietet hervorragende Leistung und Vielseitigkeit, was es zu einer unterhaltsamen und zuverl\u00e4ssigen Option auch f\u00fcr\u00a0Downwind-\u00a0Sessions macht.","robots":{"index":"index","follow":"follow","max-snippet":"max-snippet:-1","max-image-preview":"max-image-preview:large","max-video-preview":"max-video-preview:-1"},"canonical":"https:\/\/boostialsurf.com\/de\/produkt\/831350kl-sabfoil-leviathan-831350-kit-hydrofoil\/","og_locale":"de_DE","og_type":"article","og_title":"831350KL - Sabfoil Leviathan 831350 | Kit Hydrofoil - BOOSTIAL SURF | Tavole da wing foil gonfiabili","og_description":"Das\u00a0Leviathan 831350\u00a0Hydrofoil-Set ist ein Muss f\u00fcr jeden, der sein\u00a0Pump-\u00a0und\u00a0SUP-\u00a0Fahren auf die n\u00e4chste Stufe bringen m\u00f6chte.\u00a0Dieses Set\u00a0wurde f\u00fcr den Einsatz bei\u00a0schwachem Wind und Wellengang entwickelt und bietet hervorragende Leistung und Vielseitigkeit, was es zu einer unterhaltsamen und zuverl\u00e4ssigen Option auch f\u00fcr\u00a0Downwind-\u00a0Sessions macht.","og_url":"https:\/\/boostialsurf.com\/de\/produkt\/831350kl-sabfoil-leviathan-831350-kit-hydrofoil\/","og_site_name":"BOOSTIAL SURF | Tavole da wing foil gonfiabili","article_publisher":"https:\/\/www.facebook.com\/boostial.surf","article_modified_time":"2023-09-11T10:01:04+00:00","og_image":[{"width":1440,"height":1080,"url":"https:\/\/boostialsurf.com\/wp-content\/uploads\/2023\/08\/image-6.jpg","type":"image\/jpeg"}],"twitter_card":"summary_large_image","twitter_misc":{"Gesch\u00e4tzte Lesezeit":"2\u00a0Minuten"},"schema":{"@context":"https:\/\/schema.org","@graph":[{"@type":"WebPage","@id":"https:\/\/boostialsurf.com\/de\/produkt\/831350kl-sabfoil-leviathan-831350-kit-hydrofoil\/","url":"https:\/\/boostialsurf.com\/de\/produkt\/831350kl-sabfoil-leviathan-831350-kit-hydrofoil\/","name":"831350KL - Sabfoil Leviathan 831350 | Kit Hydrofoil - BOOSTIAL SURF | Tavole da wing foil gonfiabili","isPartOf":{"@id":"https:\/\/boostialsurf.com\/de\/#website"},"primaryImageOfPage":{"@id":"https:\/\/boostialsurf.com\/de\/produkt\/831350kl-sabfoil-leviathan-831350-kit-hydrofoil\/#primaryimage"},"image":{"@id":"https:\/\/boostialsurf.com\/de\/produkt\/831350kl-sabfoil-leviathan-831350-kit-hydrofoil\/#primaryimage"},"thumbnailUrl":"https:\/\/boostialsurf.com\/wp-content\/uploads\/2023\/08\/image-6.jpg","datePublished":"2023-09-11T09:57:41+00:00","dateModified":"2023-09-11T10:01:04+00:00","description":"Das\u00a0Leviathan 831350\u00a0Hydrofoil-Set ist ein Muss f\u00fcr jeden, der sein\u00a0Pump-\u00a0und\u00a0SUP-\u00a0Fahren auf die n\u00e4chste Stufe bringen m\u00f6chte.\u00a0Dieses Set\u00a0wurde f\u00fcr den Einsatz bei\u00a0schwachem Wind und Wellengang entwickelt und bietet hervorragende Leistung und Vielseitigkeit, was es zu einer unterhaltsamen und zuverl\u00e4ssigen Option auch f\u00fcr\u00a0Downwind-\u00a0Sessions macht.","breadcrumb":{"@id":"https:\/\/boostialsurf.com\/de\/produkt\/831350kl-sabfoil-leviathan-831350-kit-hydrofoil\/#breadcrumb"},"inLanguage":"de","potentialAction":[{"@type":"ReadAction","target":["https:\/\/boostialsurf.com\/de\/produkt\/831350kl-sabfoil-leviathan-831350-kit-hydrofoil\/"]}]},{"@type":"ImageObject","inLanguage":"de","@id":"https:\/\/boostialsurf.com\/de\/produkt\/831350kl-sabfoil-leviathan-831350-kit-hydrofoil\/#primaryimage","url":"https:\/\/boostialsurf.com\/wp-content\/uploads\/2023\/08\/image-6.jpg","contentUrl":"https:\/\/boostialsurf.com\/wp-content\/uploads\/2023\/08\/image-6.jpg","width":1440,"height":1080},{"@type":"BreadcrumbList","@id":"https:\/\/boostialsurf.com\/de\/produkt\/831350kl-sabfoil-leviathan-831350-kit-hydrofoil\/#breadcrumb","itemListElement":[{"@type":"ListItem","position":1,"name":"Home","item":"https:\/\/boostialsurf.com\/de\/"},{"@type":"ListItem","position":2,"name":"Shop","item":"https:\/\/boostialsurf.com\/de\/shop\/"},{"@type":"ListItem","position":3,"name":"831350KL &#8211; Sabfoil Leviathan 831350 | Kit Hydrofoil"}]},{"@type":"WebSite","@id":"https:\/\/boostialsurf.com\/de\/#website","url":"https:\/\/boostialsurf.com\/de\/","name":"BOOSTIAL SURF | Tavole da wing foil gonfiabili","description":"","publisher":{"@id":"https:\/\/boostialsurf.com\/de\/#organization"},"potentialAction":[{"@type":"SearchAction","target":{"@type":"EntryPoint","urlTemplate":"https:\/\/boostialsurf.com\/de\/?s={search_term_string}"},"query-input":{"@type":"PropertyValueSpecification","valueRequired":true,"valueName":"search_term_string"}}],"inLanguage":"de"},{"@type":"Organization","@id":"https:\/\/boostialsurf.com\/de\/#organization","name":"BOOSTIAL SURF | Tavole da wing foil gonfiabili","url":"https:\/\/boostialsurf.com\/de\/","logo":{"@type":"ImageObject","inLanguage":"de","@id":"https:\/\/boostialsurf.com\/de\/#\/schema\/logo\/image\/","url":"https:\/\/boostialsurf.com\/wp-content\/uploads\/2022\/11\/boostial-logo.png","contentUrl":"https:\/\/boostialsurf.com\/wp-content\/uploads\/2022\/11\/boostial-logo.png","width":340,"height":60,"caption":"BOOSTIAL SURF | Tavole da wing foil gonfiabili"},"image":{"@id":"https:\/\/boostialsurf.com\/de\/#\/schema\/logo\/image\/"},"sameAs":["https:\/\/www.facebook.com\/boostial.surf","https:\/\/www.youtube.com\/channel\/UCkhn29F8XryPBI_P-AavFfQ","https:\/\/www.linkedin.com\/company\/icab-s-r-l\/","https:\/\/www.instagram.com\/boostial.surf\/"]}]}},"_links":{"self":[{"href":"https:\/\/boostialsurf.com\/de\/wp-json\/wp\/v2\/product\/15518","targetHints":{"allow":["GET"]}}],"collection":[{"href":"https:\/\/boostialsurf.com\/de\/wp-json\/wp\/v2\/product"}],"about":[{"href":"https:\/\/boostialsurf.com\/de\/wp-json\/wp\/v2\/types\/product"}],"replies":[{"embeddable":true,"href":"https:\/\/boostialsurf.com\/de\/wp-json\/wp\/v2\/comments?post=15518"}],"wp:featuredmedia":[{"embeddable":true,"href":"https:\/\/boostialsurf.com\/de\/wp-json\/wp\/v2\/media\/15521"}],"wp:attachment":[{"href":"https:\/\/boostialsurf.com\/de\/wp-json\/wp\/v2\/media?parent=15518"}],"wp:term":[{"taxonomy":"product_brand","embeddable":true,"href":"https:\/\/boostialsurf.com\/de\/wp-json\/wp\/v2\/product_brand?post=15518"},{"taxonomy":"product_cat","embeddable":true,"href":"https:\/\/boostialsurf.com\/de\/wp-json\/wp\/v2\/product_cat?post=15518"},{"taxonomy":"product_tag","embeddable":true,"href":"https:\/\/boostialsurf.com\/de\/wp-json\/wp\/v2\/product_tag?post=15518"}],"curies":[{"name":"wp","href":"https:\/\/api.w.org\/{rel}","templated":true}]}}