{"id":15560,"date":"2023-09-11T11:57:41","date_gmt":"2023-09-11T09:57:41","guid":{"rendered":"https:\/\/boostialsurf.com\/?post_type=product&#038;p=15560"},"modified":"2023-09-11T12:01:04","modified_gmt":"2023-09-11T10:01:04","slug":"831550kl-sabfoil-leviathan-831550-kit-hydrofoil","status":"publish","type":"product","link":"https:\/\/boostialsurf.com\/de\/produkt\/831550kl-sabfoil-leviathan-831550-kit-hydrofoil\/","title":{"rendered":"831550KL &#8211; Sabfoil Leviathan 831550 | Kit Hydrofoil"},"content":{"rendered":"<p><span>Das\u00a0<\/span><strong><span>Leviathan 831550<\/span><\/strong><span>\u00a0Hydrofoil-Kit ist ein Muss f\u00fcr jeden, der\u00a0<\/span><strong><span>Pumpfoil<\/span><\/strong><span>\u00a0bei\u00a0<\/span><strong><span>sehr schwachem Wind<\/span><\/strong><span>\u00a0\u00fcben m\u00f6chte .\u00a0Die unglaubliche\u00a0<\/span><strong><span>Effizienz<\/span><\/strong><span>\u00a0macht es auch perfekt f\u00fcr\u00a0<\/span><strong><span>Flachwasserbedingungen<\/span><\/strong><span>\u00a0und\u00a0<\/span><strong><span>Stand-Up-Paddeln<\/span><\/strong><span>\u00a0.<\/span><\/p>\n<p><span>Der Frontfl\u00fcgel (\u00a0<\/span><strong><span>WL1550<\/span><\/strong><span>\u00a0) verf\u00fcgt \u00fcber ein hohes Streckungsverh\u00e4ltnis, was zu au\u00dfergew\u00f6hnlichem Gleiten und Effizienz f\u00fchrt, und das Profil beg\u00fcnstigt einen einfachen Start.\u00a0Der steife Mast (\u00a0<\/span><strong><span>M83PLK<\/span><\/strong><span>\u00a0) sorgt f\u00fcr reduzierte Biegung und Torsion f\u00fcr maximale Stabilit\u00e4t und Kontrolle auch w\u00e4hrend Pumpsitzungen.\u00a0Der Gullwing-Shape-Stabilisator (\u00a0<\/span><strong><span>S380<\/span><\/strong><span>\u00a0) sorgt f\u00fcr hervorragende Kontrolle und erm\u00f6glicht ein einfaches Pumpen.<\/span><\/p>\n<p><span>F\u00fcr diejenigen, die einfache Starts, lange Gleitfahrten, SUP-Sessions oder einfach nur einen unterhaltsamen Tag auf flachem Wasser suchen, ist das Leviathan 831150 Hydrofoil-Kit eine gute Wahl.<\/span><\/p>\n<p>Aufgrund seiner Gr\u00f6\u00dfe ist es f\u00fcr Spr\u00fcnge und Freestyle ungeeignet.<\/p>\n<p><strong>Tasche<\/strong>\u00a0und\u00a0<strong>Schnellverschlusssystem<\/strong>\u00a0(Q01K) im Lieferumfang enthalten<\/p>\n<p><img loading=\"lazy\" decoding=\"async\" class=\"alignnone wp-image-16077 size-full\" src=\"https:\/\/boostialsurf.com\/wp-content\/uploads\/2023\/08\/Subfoil-411.png\" alt=\"\" width=\"2524\" height=\"1402\" srcset=\"https:\/\/boostialsurf.com\/wp-content\/uploads\/2023\/08\/Subfoil-411.png 2524w, https:\/\/boostialsurf.com\/wp-content\/uploads\/2023\/08\/Subfoil-411-300x167.png 300w, https:\/\/boostialsurf.com\/wp-content\/uploads\/2023\/08\/Subfoil-411-1024x569.png 1024w, https:\/\/boostialsurf.com\/wp-content\/uploads\/2023\/08\/Subfoil-411-768x427.png 768w, https:\/\/boostialsurf.com\/wp-content\/uploads\/2023\/08\/Subfoil-411-1536x853.png 1536w, https:\/\/boostialsurf.com\/wp-content\/uploads\/2023\/08\/Subfoil-411-2048x1138.png 2048w, https:\/\/boostialsurf.com\/wp-content\/uploads\/2023\/08\/Subfoil-411-600x333.png 600w\" sizes=\"auto, (max-width: 2524px) 100vw, 2524px\" \/><\/p>\n","protected":false},"excerpt":{"rendered":"<p><strong>\u2022 Reichweite<\/strong>: Leviathan<br \/>\n<strong>\u2022 Empfohlen f\u00fcr<\/strong>: Dock-Start \u2013 Pumpen \u2013 SUP<br \/>\n<strong>\u2022 Niedrige Endgeschwindigkeit:<\/strong> 6 kn \u2193<br \/>\n<strong>\u2022 H\u00f6chstgeschwindigkeit (durchschnittlich 75 kg schwerer Benutzer):<\/strong> 10 &#8211; 12 kn<\/p>\n<p><strong>Deine Bestellung wird einer Verf\u00fcgbarkeitspr\u00fcfung des Artikels beim Lieferanten unterzogen. Die Versandzeit wird in Zusammenarbeit mit dem Lieferanten verwaltet.<\/strong><\/p>\n","protected":false},"featured_media":15563,"comment_status":"open","ping_status":"closed","template":"","meta":[],"product_brand":[],"product_cat":[126,129],"product_tag":[],"class_list":{"0":"post-15560","1":"product","2":"type-product","3":"status-publish","4":"has-post-thumbnail","6":"product_cat-sabfoil-kits-de","7":"product_cat-leviathan-de","8":"product_shipping_class-classe-partner-de","10":"first","11":"instock","12":"taxable","13":"shipping-taxable","14":"purchasable","15":"product-type-simple"},"yoast_head":"<!-- This site is optimized with the Yoast SEO plugin v27.4 - https:\/\/yoast.com\/product\/yoast-seo-wordpress\/ -->\n<title>831550KL - Sabfoil Leviathan 831550 | Kit Hydrofoil - BOOSTIAL SURF | Tavole da wing foil gonfiabili<\/title>\n<meta name=\"description\" content=\"Das\u00a0Leviathan 831550\u00a0Hydrofoil-Kit ist ein Muss f\u00fcr jeden, der\u00a0Pumpfoil\u00a0bei\u00a0sehr schwachem Wind\u00a0\u00fcben m\u00f6chte .\u00a0Die unglaubliche\u00a0Effizienz\u00a0macht es auch perfekt f\u00fcr\u00a0Flachwasserbedingungen\u00a0und\u00a0Stand-Up-Paddeln\u00a0.\" \/>\n<meta name=\"robots\" content=\"index, follow, max-snippet:-1, max-image-preview:large, max-video-preview:-1\" \/>\n<link rel=\"canonical\" href=\"https:\/\/boostialsurf.com\/de\/produkt\/831550kl-sabfoil-leviathan-831550-kit-hydrofoil\/\" \/>\n<meta property=\"og:locale\" content=\"de_DE\" \/>\n<meta property=\"og:type\" content=\"article\" \/>\n<meta property=\"og:title\" content=\"831550KL - Sabfoil Leviathan 831550 | Kit Hydrofoil - BOOSTIAL SURF | Tavole da wing foil gonfiabili\" \/>\n<meta property=\"og:description\" content=\"Das\u00a0Leviathan 831550\u00a0Hydrofoil-Kit ist ein Muss f\u00fcr jeden, der\u00a0Pumpfoil\u00a0bei\u00a0sehr schwachem Wind\u00a0\u00fcben m\u00f6chte .\u00a0Die unglaubliche\u00a0Effizienz\u00a0macht es auch perfekt f\u00fcr\u00a0Flachwasserbedingungen\u00a0und\u00a0Stand-Up-Paddeln\u00a0.\" \/>\n<meta property=\"og:url\" content=\"https:\/\/boostialsurf.com\/de\/produkt\/831550kl-sabfoil-leviathan-831550-kit-hydrofoil\/\" \/>\n<meta property=\"og:site_name\" content=\"BOOSTIAL SURF | Tavole da wing foil gonfiabili\" \/>\n<meta property=\"article:publisher\" content=\"https:\/\/www.facebook.com\/boostial.surf\" \/>\n<meta property=\"article:modified_time\" content=\"2023-09-11T10:01:04+00:00\" \/>\n<meta property=\"og:image\" content=\"https:\/\/boostialsurf.com\/wp-content\/uploads\/2023\/08\/image-7.jpg\" \/>\n\t<meta property=\"og:image:width\" content=\"1440\" \/>\n\t<meta property=\"og:image:height\" content=\"1080\" \/>\n\t<meta property=\"og:image:type\" content=\"image\/jpeg\" \/>\n<script type=\"application\/ld+json\" class=\"yoast-schema-graph\">{\"@context\":\"https:\\\/\\\/schema.org\",\"@graph\":[{\"@type\":\"WebPage\",\"@id\":\"https:\\\/\\\/boostialsurf.com\\\/de\\\/produkt\\\/831550kl-sabfoil-leviathan-831550-kit-hydrofoil\\\/\",\"url\":\"https:\\\/\\\/boostialsurf.com\\\/de\\\/produkt\\\/831550kl-sabfoil-leviathan-831550-kit-hydrofoil\\\/\",\"name\":\"831550KL - Sabfoil Leviathan 831550 | Kit Hydrofoil - BOOSTIAL SURF | Tavole da wing foil gonfiabili\",\"isPartOf\":{\"@id\":\"https:\\\/\\\/boostialsurf.com\\\/de\\\/#website\"},\"primaryImageOfPage\":{\"@id\":\"https:\\\/\\\/boostialsurf.com\\\/de\\\/produkt\\\/831550kl-sabfoil-leviathan-831550-kit-hydrofoil\\\/#primaryimage\"},\"image\":{\"@id\":\"https:\\\/\\\/boostialsurf.com\\\/de\\\/produkt\\\/831550kl-sabfoil-leviathan-831550-kit-hydrofoil\\\/#primaryimage\"},\"thumbnailUrl\":\"https:\\\/\\\/boostialsurf.com\\\/wp-content\\\/uploads\\\/2023\\\/08\\\/image-7.jpg\",\"datePublished\":\"2023-09-11T09:57:41+00:00\",\"dateModified\":\"2023-09-11T10:01:04+00:00\",\"description\":\"Das\u00a0Leviathan 831550\u00a0Hydrofoil-Kit ist ein Muss f\u00fcr jeden, der\u00a0Pumpfoil\u00a0bei\u00a0sehr schwachem Wind\u00a0\u00fcben m\u00f6chte .\u00a0Die unglaubliche\u00a0Effizienz\u00a0macht es auch perfekt f\u00fcr\u00a0Flachwasserbedingungen\u00a0und\u00a0Stand-Up-Paddeln\u00a0.\",\"breadcrumb\":{\"@id\":\"https:\\\/\\\/boostialsurf.com\\\/de\\\/produkt\\\/831550kl-sabfoil-leviathan-831550-kit-hydrofoil\\\/#breadcrumb\"},\"inLanguage\":\"de\",\"potentialAction\":[{\"@type\":\"ReadAction\",\"target\":[\"https:\\\/\\\/boostialsurf.com\\\/de\\\/produkt\\\/831550kl-sabfoil-leviathan-831550-kit-hydrofoil\\\/\"]}]},{\"@type\":\"ImageObject\",\"inLanguage\":\"de\",\"@id\":\"https:\\\/\\\/boostialsurf.com\\\/de\\\/produkt\\\/831550kl-sabfoil-leviathan-831550-kit-hydrofoil\\\/#primaryimage\",\"url\":\"https:\\\/\\\/boostialsurf.com\\\/wp-content\\\/uploads\\\/2023\\\/08\\\/image-7.jpg\",\"contentUrl\":\"https:\\\/\\\/boostialsurf.com\\\/wp-content\\\/uploads\\\/2023\\\/08\\\/image-7.jpg\",\"width\":1440,\"height\":1080},{\"@type\":\"BreadcrumbList\",\"@id\":\"https:\\\/\\\/boostialsurf.com\\\/de\\\/produkt\\\/831550kl-sabfoil-leviathan-831550-kit-hydrofoil\\\/#breadcrumb\",\"itemListElement\":[{\"@type\":\"ListItem\",\"position\":1,\"name\":\"Home\",\"item\":\"https:\\\/\\\/boostialsurf.com\\\/de\\\/\"},{\"@type\":\"ListItem\",\"position\":2,\"name\":\"Shop\",\"item\":\"https:\\\/\\\/boostialsurf.com\\\/de\\\/shop\\\/\"},{\"@type\":\"ListItem\",\"position\":3,\"name\":\"831550KL &#8211; Sabfoil Leviathan 831550 | Kit Hydrofoil\"}]},{\"@type\":\"WebSite\",\"@id\":\"https:\\\/\\\/boostialsurf.com\\\/de\\\/#website\",\"url\":\"https:\\\/\\\/boostialsurf.com\\\/de\\\/\",\"name\":\"BOOSTIAL SURF | Tavole da wing foil gonfiabili\",\"description\":\"\",\"publisher\":{\"@id\":\"https:\\\/\\\/boostialsurf.com\\\/de\\\/#organization\"},\"potentialAction\":[{\"@type\":\"SearchAction\",\"target\":{\"@type\":\"EntryPoint\",\"urlTemplate\":\"https:\\\/\\\/boostialsurf.com\\\/de\\\/?s={search_term_string}\"},\"query-input\":{\"@type\":\"PropertyValueSpecification\",\"valueRequired\":true,\"valueName\":\"search_term_string\"}}],\"inLanguage\":\"de\"},{\"@type\":\"Organization\",\"@id\":\"https:\\\/\\\/boostialsurf.com\\\/de\\\/#organization\",\"name\":\"BOOSTIAL SURF | Tavole da wing foil gonfiabili\",\"url\":\"https:\\\/\\\/boostialsurf.com\\\/de\\\/\",\"logo\":{\"@type\":\"ImageObject\",\"inLanguage\":\"de\",\"@id\":\"https:\\\/\\\/boostialsurf.com\\\/de\\\/#\\\/schema\\\/logo\\\/image\\\/\",\"url\":\"https:\\\/\\\/boostialsurf.com\\\/wp-content\\\/uploads\\\/2022\\\/11\\\/boostial-logo.png\",\"contentUrl\":\"https:\\\/\\\/boostialsurf.com\\\/wp-content\\\/uploads\\\/2022\\\/11\\\/boostial-logo.png\",\"width\":340,\"height\":60,\"caption\":\"BOOSTIAL SURF | Tavole da wing foil gonfiabili\"},\"image\":{\"@id\":\"https:\\\/\\\/boostialsurf.com\\\/de\\\/#\\\/schema\\\/logo\\\/image\\\/\"},\"sameAs\":[\"https:\\\/\\\/www.facebook.com\\\/boostial.surf\",\"https:\\\/\\\/www.youtube.com\\\/channel\\\/UCkhn29F8XryPBI_P-AavFfQ\",\"https:\\\/\\\/www.linkedin.com\\\/company\\\/icab-s-r-l\\\/\",\"https:\\\/\\\/www.instagram.com\\\/boostial.surf\\\/\"]}]}<\/script>\n<!-- \/ Yoast SEO plugin. -->","yoast_head_json":{"title":"831550KL - Sabfoil Leviathan 831550 | Kit Hydrofoil - BOOSTIAL SURF | Tavole da wing foil gonfiabili","description":"Das\u00a0Leviathan 831550\u00a0Hydrofoil-Kit ist ein Muss f\u00fcr jeden, der\u00a0Pumpfoil\u00a0bei\u00a0sehr schwachem Wind\u00a0\u00fcben m\u00f6chte .\u00a0Die unglaubliche\u00a0Effizienz\u00a0macht es auch perfekt f\u00fcr\u00a0Flachwasserbedingungen\u00a0und\u00a0Stand-Up-Paddeln\u00a0.","robots":{"index":"index","follow":"follow","max-snippet":"max-snippet:-1","max-image-preview":"max-image-preview:large","max-video-preview":"max-video-preview:-1"},"canonical":"https:\/\/boostialsurf.com\/de\/produkt\/831550kl-sabfoil-leviathan-831550-kit-hydrofoil\/","og_locale":"de_DE","og_type":"article","og_title":"831550KL - Sabfoil Leviathan 831550 | Kit Hydrofoil - BOOSTIAL SURF | Tavole da wing foil gonfiabili","og_description":"Das\u00a0Leviathan 831550\u00a0Hydrofoil-Kit ist ein Muss f\u00fcr jeden, der\u00a0Pumpfoil\u00a0bei\u00a0sehr schwachem Wind\u00a0\u00fcben m\u00f6chte .\u00a0Die unglaubliche\u00a0Effizienz\u00a0macht es auch perfekt f\u00fcr\u00a0Flachwasserbedingungen\u00a0und\u00a0Stand-Up-Paddeln\u00a0.","og_url":"https:\/\/boostialsurf.com\/de\/produkt\/831550kl-sabfoil-leviathan-831550-kit-hydrofoil\/","og_site_name":"BOOSTIAL SURF | Tavole da wing foil gonfiabili","article_publisher":"https:\/\/www.facebook.com\/boostial.surf","article_modified_time":"2023-09-11T10:01:04+00:00","og_image":[{"width":1440,"height":1080,"url":"https:\/\/boostialsurf.com\/wp-content\/uploads\/2023\/08\/image-7.jpg","type":"image\/jpeg"}],"schema":{"@context":"https:\/\/schema.org","@graph":[{"@type":"WebPage","@id":"https:\/\/boostialsurf.com\/de\/produkt\/831550kl-sabfoil-leviathan-831550-kit-hydrofoil\/","url":"https:\/\/boostialsurf.com\/de\/produkt\/831550kl-sabfoil-leviathan-831550-kit-hydrofoil\/","name":"831550KL - Sabfoil Leviathan 831550 | Kit Hydrofoil - BOOSTIAL SURF | Tavole da wing foil gonfiabili","isPartOf":{"@id":"https:\/\/boostialsurf.com\/de\/#website"},"primaryImageOfPage":{"@id":"https:\/\/boostialsurf.com\/de\/produkt\/831550kl-sabfoil-leviathan-831550-kit-hydrofoil\/#primaryimage"},"image":{"@id":"https:\/\/boostialsurf.com\/de\/produkt\/831550kl-sabfoil-leviathan-831550-kit-hydrofoil\/#primaryimage"},"thumbnailUrl":"https:\/\/boostialsurf.com\/wp-content\/uploads\/2023\/08\/image-7.jpg","datePublished":"2023-09-11T09:57:41+00:00","dateModified":"2023-09-11T10:01:04+00:00","description":"Das\u00a0Leviathan 831550\u00a0Hydrofoil-Kit ist ein Muss f\u00fcr jeden, der\u00a0Pumpfoil\u00a0bei\u00a0sehr schwachem Wind\u00a0\u00fcben m\u00f6chte .\u00a0Die unglaubliche\u00a0Effizienz\u00a0macht es auch perfekt f\u00fcr\u00a0Flachwasserbedingungen\u00a0und\u00a0Stand-Up-Paddeln\u00a0.","breadcrumb":{"@id":"https:\/\/boostialsurf.com\/de\/produkt\/831550kl-sabfoil-leviathan-831550-kit-hydrofoil\/#breadcrumb"},"inLanguage":"de","potentialAction":[{"@type":"ReadAction","target":["https:\/\/boostialsurf.com\/de\/produkt\/831550kl-sabfoil-leviathan-831550-kit-hydrofoil\/"]}]},{"@type":"ImageObject","inLanguage":"de","@id":"https:\/\/boostialsurf.com\/de\/produkt\/831550kl-sabfoil-leviathan-831550-kit-hydrofoil\/#primaryimage","url":"https:\/\/boostialsurf.com\/wp-content\/uploads\/2023\/08\/image-7.jpg","contentUrl":"https:\/\/boostialsurf.com\/wp-content\/uploads\/2023\/08\/image-7.jpg","width":1440,"height":1080},{"@type":"BreadcrumbList","@id":"https:\/\/boostialsurf.com\/de\/produkt\/831550kl-sabfoil-leviathan-831550-kit-hydrofoil\/#breadcrumb","itemListElement":[{"@type":"ListItem","position":1,"name":"Home","item":"https:\/\/boostialsurf.com\/de\/"},{"@type":"ListItem","position":2,"name":"Shop","item":"https:\/\/boostialsurf.com\/de\/shop\/"},{"@type":"ListItem","position":3,"name":"831550KL &#8211; Sabfoil Leviathan 831550 | Kit Hydrofoil"}]},{"@type":"WebSite","@id":"https:\/\/boostialsurf.com\/de\/#website","url":"https:\/\/boostialsurf.com\/de\/","name":"BOOSTIAL SURF | Tavole da wing foil gonfiabili","description":"","publisher":{"@id":"https:\/\/boostialsurf.com\/de\/#organization"},"potentialAction":[{"@type":"SearchAction","target":{"@type":"EntryPoint","urlTemplate":"https:\/\/boostialsurf.com\/de\/?s={search_term_string}"},"query-input":{"@type":"PropertyValueSpecification","valueRequired":true,"valueName":"search_term_string"}}],"inLanguage":"de"},{"@type":"Organization","@id":"https:\/\/boostialsurf.com\/de\/#organization","name":"BOOSTIAL SURF | Tavole da wing foil gonfiabili","url":"https:\/\/boostialsurf.com\/de\/","logo":{"@type":"ImageObject","inLanguage":"de","@id":"https:\/\/boostialsurf.com\/de\/#\/schema\/logo\/image\/","url":"https:\/\/boostialsurf.com\/wp-content\/uploads\/2022\/11\/boostial-logo.png","contentUrl":"https:\/\/boostialsurf.com\/wp-content\/uploads\/2022\/11\/boostial-logo.png","width":340,"height":60,"caption":"BOOSTIAL SURF | Tavole da wing foil gonfiabili"},"image":{"@id":"https:\/\/boostialsurf.com\/de\/#\/schema\/logo\/image\/"},"sameAs":["https:\/\/www.facebook.com\/boostial.surf","https:\/\/www.youtube.com\/channel\/UCkhn29F8XryPBI_P-AavFfQ","https:\/\/www.linkedin.com\/company\/icab-s-r-l\/","https:\/\/www.instagram.com\/boostial.surf\/"]}]}},"_links":{"self":[{"href":"https:\/\/boostialsurf.com\/de\/wp-json\/wp\/v2\/product\/15560","targetHints":{"allow":["GET"]}}],"collection":[{"href":"https:\/\/boostialsurf.com\/de\/wp-json\/wp\/v2\/product"}],"about":[{"href":"https:\/\/boostialsurf.com\/de\/wp-json\/wp\/v2\/types\/product"}],"replies":[{"embeddable":true,"href":"https:\/\/boostialsurf.com\/de\/wp-json\/wp\/v2\/comments?post=15560"}],"wp:featuredmedia":[{"embeddable":true,"href":"https:\/\/boostialsurf.com\/de\/wp-json\/wp\/v2\/media\/15563"}],"wp:attachment":[{"href":"https:\/\/boostialsurf.com\/de\/wp-json\/wp\/v2\/media?parent=15560"}],"wp:term":[{"taxonomy":"product_brand","embeddable":true,"href":"https:\/\/boostialsurf.com\/de\/wp-json\/wp\/v2\/product_brand?post=15560"},{"taxonomy":"product_cat","embeddable":true,"href":"https:\/\/boostialsurf.com\/de\/wp-json\/wp\/v2\/product_cat?post=15560"},{"taxonomy":"product_tag","embeddable":true,"href":"https:\/\/boostialsurf.com\/de\/wp-json\/wp\/v2\/product_tag?post=15560"}],"curies":[{"name":"wp","href":"https:\/\/api.w.org\/{rel}","templated":true}]}}