{"id":15638,"date":"2023-09-11T11:57:41","date_gmt":"2023-09-11T09:57:41","guid":{"rendered":"https:\/\/boostialsurf.com\/?post_type=product&#038;p=15638"},"modified":"2023-09-11T12:01:04","modified_gmt":"2023-09-11T10:01:04","slug":"93999km-sabfoil-medusa-93999-kit-hydrofoil","status":"publish","type":"product","link":"https:\/\/boostialsurf.com\/de\/produkt\/93999km-sabfoil-medusa-93999-kit-hydrofoil\/","title":{"rendered":"93999KM &#8211; Sabfoil Medusa 93999 | Kit Hydrofoil"},"content":{"rendered":"<p><span>Das\u00a0<\/span><strong><span>Medusa 93999-<\/span><\/strong><span>\u00a0Kit ist f\u00fcr\u00a0<\/span><strong><span>das Wingfoilen<\/span><\/strong><span>\u00a0bei schwachem Wind konzipiert und eine ausgezeichnete Wahl f\u00fcr\u00a0<\/span><strong><span>Freestyle-<\/span><\/strong><span>\u00a0und\u00a0<\/span><strong><span>Freeride<\/span><\/strong><span>\u00a0-Sessions.<\/span><\/p>\n<p><span>Der Frontfl\u00fcgel (\u00a0<\/span><strong><span>WM999<\/span><\/strong><span>\u00a0) wurde in Zusammenarbeit mit dem Profi-Fahrer Balz Muller entwickelt und verf\u00fcgt \u00fcber ein mittleres bis niedriges Seitenverh\u00e4ltnis, was f\u00fcr seine gro\u00dfe Gr\u00f6\u00dfe eine gute Man\u00f6vrierf\u00e4higkeit bietet.\u00a0Das hohe Profil und die breite Oberfl\u00e4che des Fl\u00fcgels\u00a0<\/span><span>sorgen f\u00fcr einen hervorragenden\u00a0<\/span><span>Auftrieb\u00a0<\/span><strong><span>und<\/span><\/strong><span>\u00a0erleichtern den Start nach einem\u00a0<\/span><span>Flugman\u00f6ver.\u00a0Der Mast (\u00a0<\/span><strong><span>M93K<\/span><\/strong><span>\u00a0) hat ein ausgewogenes Profil und sorgt f\u00fcr eine sanfte Fahrt ohne Einbu\u00dfen bei der Steifigkeit.\u00a0Der Gullwing-Shape-Stabilisator (\u00a0<\/span><strong><span>S430<\/span><\/strong><span>\u00a0) bietet hervorragende Kontrolle ohne Einbu\u00dfen bei der Man\u00f6vrierf\u00e4higkeit.<\/span><\/p>\n<p><span>Egal, ob Sie im Freestyle an Ihre Grenzen gehen oder einfach nur eine gem\u00fctliche Fahrt genie\u00dfen m\u00f6chten, der Medusa 83899 ist die perfekte Wahl f\u00fcr Sie.<\/span><\/p>\n<p><strong>Tasche<\/strong>\u00a0und\u00a0<strong>Schnellverschlusssystem<\/strong>\u00a0(Q01K) im Lieferumfang enthalten<\/p>\n<p><img loading=\"lazy\" decoding=\"async\" class=\"alignnone wp-image-16053 size-full\" src=\"https:\/\/boostialsurf.com\/wp-content\/uploads\/2023\/08\/Subfoil-403.png\" alt=\"\" width=\"2524\" height=\"1402\" srcset=\"https:\/\/boostialsurf.com\/wp-content\/uploads\/2023\/08\/Subfoil-403.png 2524w, https:\/\/boostialsurf.com\/wp-content\/uploads\/2023\/08\/Subfoil-403-300x167.png 300w, https:\/\/boostialsurf.com\/wp-content\/uploads\/2023\/08\/Subfoil-403-1024x569.png 1024w, https:\/\/boostialsurf.com\/wp-content\/uploads\/2023\/08\/Subfoil-403-768x427.png 768w, https:\/\/boostialsurf.com\/wp-content\/uploads\/2023\/08\/Subfoil-403-1536x853.png 1536w, https:\/\/boostialsurf.com\/wp-content\/uploads\/2023\/08\/Subfoil-403-2048x1138.png 2048w, https:\/\/boostialsurf.com\/wp-content\/uploads\/2023\/08\/Subfoil-403-600x333.png 600w\" sizes=\"auto, (max-width: 2524px) 100vw, 2524px\" \/><\/p>\n","protected":false},"excerpt":{"rendered":"<p><strong>\u2022 Reichweite<\/strong>: Medusa<br \/>\n<strong>\u2022 Empfohlen f\u00fcr<\/strong>: Freeride &#8211; Freestyle<br \/>\n<strong>\u2022 Niedrige Endgeschwindigkeit:<\/strong> 7 &#8211; 9 kn<br \/>\n<strong>\u2022 H\u00f6chstgeschwindigkeit (durchschnittlich 75 kg schwerer Benutzer):<\/strong> 16 &#8211; 18 kn<\/p>\n<p><strong>Deine Bestellung wird einer Verf\u00fcgbarkeitspr\u00fcfung des Artikels beim Lieferanten unterzogen. Die Versandzeit wird in Zusammenarbeit mit dem Lieferanten verwaltet.<\/strong><\/p>\n","protected":false},"featured_media":15641,"comment_status":"open","ping_status":"closed","template":"","meta":[],"product_brand":[],"product_cat":[126,131],"product_tag":[],"class_list":{"0":"post-15638","1":"product","2":"type-product","3":"status-publish","4":"has-post-thumbnail","6":"product_cat-sabfoil-kits-de","7":"product_cat-medusa-de","8":"product_shipping_class-classe-partner-de","10":"first","11":"instock","12":"taxable","13":"shipping-taxable","14":"purchasable","15":"product-type-simple"},"yoast_head":"<!-- This site is optimized with the Yoast SEO plugin v27.3 - https:\/\/yoast.com\/product\/yoast-seo-wordpress\/ -->\n<title>93999KM - Sabfoil Medusa 93999 | Kit Hydrofoil - BOOSTIAL SURF | Tavole da wing foil gonfiabili<\/title>\n<meta name=\"description\" content=\"Das\u00a0Medusa 93999-\u00a0Kit ist f\u00fcr\u00a0das Wingfoilen\u00a0bei schwachem Wind konzipiert und eine ausgezeichnete Wahl f\u00fcr\u00a0Freestyle-\u00a0und\u00a0Freeride\u00a0-Sessions.\" \/>\n<meta name=\"robots\" content=\"index, follow, max-snippet:-1, max-image-preview:large, max-video-preview:-1\" \/>\n<link rel=\"canonical\" href=\"https:\/\/boostialsurf.com\/de\/produkt\/93999km-sabfoil-medusa-93999-kit-hydrofoil\/\" \/>\n<meta property=\"og:locale\" content=\"de_DE\" \/>\n<meta property=\"og:type\" content=\"article\" \/>\n<meta property=\"og:title\" content=\"93999KM - Sabfoil Medusa 93999 | Kit Hydrofoil - BOOSTIAL SURF | Tavole da wing foil gonfiabili\" \/>\n<meta property=\"og:description\" content=\"Das\u00a0Medusa 93999-\u00a0Kit ist f\u00fcr\u00a0das Wingfoilen\u00a0bei schwachem Wind konzipiert und eine ausgezeichnete Wahl f\u00fcr\u00a0Freestyle-\u00a0und\u00a0Freeride\u00a0-Sessions.\" \/>\n<meta property=\"og:url\" content=\"https:\/\/boostialsurf.com\/de\/produkt\/93999km-sabfoil-medusa-93999-kit-hydrofoil\/\" \/>\n<meta property=\"og:site_name\" content=\"BOOSTIAL SURF | Tavole da wing foil gonfiabili\" \/>\n<meta property=\"article:publisher\" content=\"https:\/\/www.facebook.com\/boostial.surf\" \/>\n<meta property=\"article:modified_time\" content=\"2023-09-11T10:01:04+00:00\" \/>\n<meta property=\"og:image\" content=\"https:\/\/boostialsurf.com\/wp-content\/uploads\/2023\/08\/image-10.jpg\" \/>\n\t<meta property=\"og:image:width\" content=\"1440\" \/>\n\t<meta property=\"og:image:height\" content=\"1080\" \/>\n\t<meta property=\"og:image:type\" content=\"image\/jpeg\" \/>\n<meta name=\"twitter:card\" content=\"summary_large_image\" \/>\n<meta name=\"twitter:label1\" content=\"Gesch\u00e4tzte Lesezeit\" \/>\n\t<meta name=\"twitter:data1\" content=\"1\u00a0Minute\" \/>\n<script type=\"application\/ld+json\" class=\"yoast-schema-graph\">{\"@context\":\"https:\\\/\\\/schema.org\",\"@graph\":[{\"@type\":\"WebPage\",\"@id\":\"https:\\\/\\\/boostialsurf.com\\\/de\\\/produkt\\\/93999km-sabfoil-medusa-93999-kit-hydrofoil\\\/\",\"url\":\"https:\\\/\\\/boostialsurf.com\\\/de\\\/produkt\\\/93999km-sabfoil-medusa-93999-kit-hydrofoil\\\/\",\"name\":\"93999KM - Sabfoil Medusa 93999 | Kit Hydrofoil - BOOSTIAL SURF | Tavole da wing foil gonfiabili\",\"isPartOf\":{\"@id\":\"https:\\\/\\\/boostialsurf.com\\\/de\\\/#website\"},\"primaryImageOfPage\":{\"@id\":\"https:\\\/\\\/boostialsurf.com\\\/de\\\/produkt\\\/93999km-sabfoil-medusa-93999-kit-hydrofoil\\\/#primaryimage\"},\"image\":{\"@id\":\"https:\\\/\\\/boostialsurf.com\\\/de\\\/produkt\\\/93999km-sabfoil-medusa-93999-kit-hydrofoil\\\/#primaryimage\"},\"thumbnailUrl\":\"https:\\\/\\\/boostialsurf.com\\\/wp-content\\\/uploads\\\/2023\\\/08\\\/image-10.jpg\",\"datePublished\":\"2023-09-11T09:57:41+00:00\",\"dateModified\":\"2023-09-11T10:01:04+00:00\",\"description\":\"Das\u00a0Medusa 93999-\u00a0Kit ist f\u00fcr\u00a0das Wingfoilen\u00a0bei schwachem Wind konzipiert und eine ausgezeichnete Wahl f\u00fcr\u00a0Freestyle-\u00a0und\u00a0Freeride\u00a0-Sessions.\",\"breadcrumb\":{\"@id\":\"https:\\\/\\\/boostialsurf.com\\\/de\\\/produkt\\\/93999km-sabfoil-medusa-93999-kit-hydrofoil\\\/#breadcrumb\"},\"inLanguage\":\"de\",\"potentialAction\":[{\"@type\":\"ReadAction\",\"target\":[\"https:\\\/\\\/boostialsurf.com\\\/de\\\/produkt\\\/93999km-sabfoil-medusa-93999-kit-hydrofoil\\\/\"]}]},{\"@type\":\"ImageObject\",\"inLanguage\":\"de\",\"@id\":\"https:\\\/\\\/boostialsurf.com\\\/de\\\/produkt\\\/93999km-sabfoil-medusa-93999-kit-hydrofoil\\\/#primaryimage\",\"url\":\"https:\\\/\\\/boostialsurf.com\\\/wp-content\\\/uploads\\\/2023\\\/08\\\/image-10.jpg\",\"contentUrl\":\"https:\\\/\\\/boostialsurf.com\\\/wp-content\\\/uploads\\\/2023\\\/08\\\/image-10.jpg\",\"width\":1440,\"height\":1080},{\"@type\":\"BreadcrumbList\",\"@id\":\"https:\\\/\\\/boostialsurf.com\\\/de\\\/produkt\\\/93999km-sabfoil-medusa-93999-kit-hydrofoil\\\/#breadcrumb\",\"itemListElement\":[{\"@type\":\"ListItem\",\"position\":1,\"name\":\"Home\",\"item\":\"https:\\\/\\\/boostialsurf.com\\\/de\\\/\"},{\"@type\":\"ListItem\",\"position\":2,\"name\":\"Shop\",\"item\":\"https:\\\/\\\/boostialsurf.com\\\/de\\\/shop\\\/\"},{\"@type\":\"ListItem\",\"position\":3,\"name\":\"93999KM &#8211; Sabfoil Medusa 93999 | Kit Hydrofoil\"}]},{\"@type\":\"WebSite\",\"@id\":\"https:\\\/\\\/boostialsurf.com\\\/de\\\/#website\",\"url\":\"https:\\\/\\\/boostialsurf.com\\\/de\\\/\",\"name\":\"BOOSTIAL SURF | Tavole da wing foil gonfiabili\",\"description\":\"\",\"publisher\":{\"@id\":\"https:\\\/\\\/boostialsurf.com\\\/de\\\/#organization\"},\"potentialAction\":[{\"@type\":\"SearchAction\",\"target\":{\"@type\":\"EntryPoint\",\"urlTemplate\":\"https:\\\/\\\/boostialsurf.com\\\/de\\\/?s={search_term_string}\"},\"query-input\":{\"@type\":\"PropertyValueSpecification\",\"valueRequired\":true,\"valueName\":\"search_term_string\"}}],\"inLanguage\":\"de\"},{\"@type\":\"Organization\",\"@id\":\"https:\\\/\\\/boostialsurf.com\\\/de\\\/#organization\",\"name\":\"BOOSTIAL SURF | Tavole da wing foil gonfiabili\",\"url\":\"https:\\\/\\\/boostialsurf.com\\\/de\\\/\",\"logo\":{\"@type\":\"ImageObject\",\"inLanguage\":\"de\",\"@id\":\"https:\\\/\\\/boostialsurf.com\\\/de\\\/#\\\/schema\\\/logo\\\/image\\\/\",\"url\":\"https:\\\/\\\/boostialsurf.com\\\/wp-content\\\/uploads\\\/2022\\\/11\\\/boostial-logo.png\",\"contentUrl\":\"https:\\\/\\\/boostialsurf.com\\\/wp-content\\\/uploads\\\/2022\\\/11\\\/boostial-logo.png\",\"width\":340,\"height\":60,\"caption\":\"BOOSTIAL SURF | Tavole da wing foil gonfiabili\"},\"image\":{\"@id\":\"https:\\\/\\\/boostialsurf.com\\\/de\\\/#\\\/schema\\\/logo\\\/image\\\/\"},\"sameAs\":[\"https:\\\/\\\/www.facebook.com\\\/boostial.surf\",\"https:\\\/\\\/www.youtube.com\\\/channel\\\/UCkhn29F8XryPBI_P-AavFfQ\",\"https:\\\/\\\/www.linkedin.com\\\/company\\\/icab-s-r-l\\\/\",\"https:\\\/\\\/www.instagram.com\\\/boostial.surf\\\/\"]}]}<\/script>\n<!-- \/ Yoast SEO plugin. -->","yoast_head_json":{"title":"93999KM - Sabfoil Medusa 93999 | Kit Hydrofoil - BOOSTIAL SURF | Tavole da wing foil gonfiabili","description":"Das\u00a0Medusa 93999-\u00a0Kit ist f\u00fcr\u00a0das Wingfoilen\u00a0bei schwachem Wind konzipiert und eine ausgezeichnete Wahl f\u00fcr\u00a0Freestyle-\u00a0und\u00a0Freeride\u00a0-Sessions.","robots":{"index":"index","follow":"follow","max-snippet":"max-snippet:-1","max-image-preview":"max-image-preview:large","max-video-preview":"max-video-preview:-1"},"canonical":"https:\/\/boostialsurf.com\/de\/produkt\/93999km-sabfoil-medusa-93999-kit-hydrofoil\/","og_locale":"de_DE","og_type":"article","og_title":"93999KM - Sabfoil Medusa 93999 | Kit Hydrofoil - BOOSTIAL SURF | Tavole da wing foil gonfiabili","og_description":"Das\u00a0Medusa 93999-\u00a0Kit ist f\u00fcr\u00a0das Wingfoilen\u00a0bei schwachem Wind konzipiert und eine ausgezeichnete Wahl f\u00fcr\u00a0Freestyle-\u00a0und\u00a0Freeride\u00a0-Sessions.","og_url":"https:\/\/boostialsurf.com\/de\/produkt\/93999km-sabfoil-medusa-93999-kit-hydrofoil\/","og_site_name":"BOOSTIAL SURF | Tavole da wing foil gonfiabili","article_publisher":"https:\/\/www.facebook.com\/boostial.surf","article_modified_time":"2023-09-11T10:01:04+00:00","og_image":[{"width":1440,"height":1080,"url":"https:\/\/boostialsurf.com\/wp-content\/uploads\/2023\/08\/image-10.jpg","type":"image\/jpeg"}],"twitter_card":"summary_large_image","twitter_misc":{"Gesch\u00e4tzte Lesezeit":"1\u00a0Minute"},"schema":{"@context":"https:\/\/schema.org","@graph":[{"@type":"WebPage","@id":"https:\/\/boostialsurf.com\/de\/produkt\/93999km-sabfoil-medusa-93999-kit-hydrofoil\/","url":"https:\/\/boostialsurf.com\/de\/produkt\/93999km-sabfoil-medusa-93999-kit-hydrofoil\/","name":"93999KM - Sabfoil Medusa 93999 | Kit Hydrofoil - BOOSTIAL SURF | Tavole da wing foil gonfiabili","isPartOf":{"@id":"https:\/\/boostialsurf.com\/de\/#website"},"primaryImageOfPage":{"@id":"https:\/\/boostialsurf.com\/de\/produkt\/93999km-sabfoil-medusa-93999-kit-hydrofoil\/#primaryimage"},"image":{"@id":"https:\/\/boostialsurf.com\/de\/produkt\/93999km-sabfoil-medusa-93999-kit-hydrofoil\/#primaryimage"},"thumbnailUrl":"https:\/\/boostialsurf.com\/wp-content\/uploads\/2023\/08\/image-10.jpg","datePublished":"2023-09-11T09:57:41+00:00","dateModified":"2023-09-11T10:01:04+00:00","description":"Das\u00a0Medusa 93999-\u00a0Kit ist f\u00fcr\u00a0das Wingfoilen\u00a0bei schwachem Wind konzipiert und eine ausgezeichnete Wahl f\u00fcr\u00a0Freestyle-\u00a0und\u00a0Freeride\u00a0-Sessions.","breadcrumb":{"@id":"https:\/\/boostialsurf.com\/de\/produkt\/93999km-sabfoil-medusa-93999-kit-hydrofoil\/#breadcrumb"},"inLanguage":"de","potentialAction":[{"@type":"ReadAction","target":["https:\/\/boostialsurf.com\/de\/produkt\/93999km-sabfoil-medusa-93999-kit-hydrofoil\/"]}]},{"@type":"ImageObject","inLanguage":"de","@id":"https:\/\/boostialsurf.com\/de\/produkt\/93999km-sabfoil-medusa-93999-kit-hydrofoil\/#primaryimage","url":"https:\/\/boostialsurf.com\/wp-content\/uploads\/2023\/08\/image-10.jpg","contentUrl":"https:\/\/boostialsurf.com\/wp-content\/uploads\/2023\/08\/image-10.jpg","width":1440,"height":1080},{"@type":"BreadcrumbList","@id":"https:\/\/boostialsurf.com\/de\/produkt\/93999km-sabfoil-medusa-93999-kit-hydrofoil\/#breadcrumb","itemListElement":[{"@type":"ListItem","position":1,"name":"Home","item":"https:\/\/boostialsurf.com\/de\/"},{"@type":"ListItem","position":2,"name":"Shop","item":"https:\/\/boostialsurf.com\/de\/shop\/"},{"@type":"ListItem","position":3,"name":"93999KM &#8211; Sabfoil Medusa 93999 | Kit Hydrofoil"}]},{"@type":"WebSite","@id":"https:\/\/boostialsurf.com\/de\/#website","url":"https:\/\/boostialsurf.com\/de\/","name":"BOOSTIAL SURF | Tavole da wing foil gonfiabili","description":"","publisher":{"@id":"https:\/\/boostialsurf.com\/de\/#organization"},"potentialAction":[{"@type":"SearchAction","target":{"@type":"EntryPoint","urlTemplate":"https:\/\/boostialsurf.com\/de\/?s={search_term_string}"},"query-input":{"@type":"PropertyValueSpecification","valueRequired":true,"valueName":"search_term_string"}}],"inLanguage":"de"},{"@type":"Organization","@id":"https:\/\/boostialsurf.com\/de\/#organization","name":"BOOSTIAL SURF | Tavole da wing foil gonfiabili","url":"https:\/\/boostialsurf.com\/de\/","logo":{"@type":"ImageObject","inLanguage":"de","@id":"https:\/\/boostialsurf.com\/de\/#\/schema\/logo\/image\/","url":"https:\/\/boostialsurf.com\/wp-content\/uploads\/2022\/11\/boostial-logo.png","contentUrl":"https:\/\/boostialsurf.com\/wp-content\/uploads\/2022\/11\/boostial-logo.png","width":340,"height":60,"caption":"BOOSTIAL SURF | Tavole da wing foil gonfiabili"},"image":{"@id":"https:\/\/boostialsurf.com\/de\/#\/schema\/logo\/image\/"},"sameAs":["https:\/\/www.facebook.com\/boostial.surf","https:\/\/www.youtube.com\/channel\/UCkhn29F8XryPBI_P-AavFfQ","https:\/\/www.linkedin.com\/company\/icab-s-r-l\/","https:\/\/www.instagram.com\/boostial.surf\/"]}]}},"_links":{"self":[{"href":"https:\/\/boostialsurf.com\/de\/wp-json\/wp\/v2\/product\/15638","targetHints":{"allow":["GET"]}}],"collection":[{"href":"https:\/\/boostialsurf.com\/de\/wp-json\/wp\/v2\/product"}],"about":[{"href":"https:\/\/boostialsurf.com\/de\/wp-json\/wp\/v2\/types\/product"}],"replies":[{"embeddable":true,"href":"https:\/\/boostialsurf.com\/de\/wp-json\/wp\/v2\/comments?post=15638"}],"wp:featuredmedia":[{"embeddable":true,"href":"https:\/\/boostialsurf.com\/de\/wp-json\/wp\/v2\/media\/15641"}],"wp:attachment":[{"href":"https:\/\/boostialsurf.com\/de\/wp-json\/wp\/v2\/media?parent=15638"}],"wp:term":[{"taxonomy":"product_brand","embeddable":true,"href":"https:\/\/boostialsurf.com\/de\/wp-json\/wp\/v2\/product_brand?post=15638"},{"taxonomy":"product_cat","embeddable":true,"href":"https:\/\/boostialsurf.com\/de\/wp-json\/wp\/v2\/product_cat?post=15638"},{"taxonomy":"product_tag","embeddable":true,"href":"https:\/\/boostialsurf.com\/de\/wp-json\/wp\/v2\/product_tag?post=15638"}],"curies":[{"name":"wp","href":"https:\/\/api.w.org\/{rel}","templated":true}]}}