{"id":15737,"date":"2023-09-11T11:57:40","date_gmt":"2023-09-11T09:57:40","guid":{"rendered":"https:\/\/boostialsurf.com\/?post_type=product&#038;p=15737"},"modified":"2023-09-11T12:01:05","modified_gmt":"2023-09-11T10:01:05","slug":"73880kr-sabfoil-razor-73880-kit-hydrofoil","status":"publish","type":"product","link":"https:\/\/boostialsurf.com\/de\/produkt\/73880kr-sabfoil-razor-73880-kit-hydrofoil\/","title":{"rendered":"73880KR &#8211; Sabfoil Razor 73880 | Kit Hydrofoil"},"content":{"rendered":"<p><span>Das\u00a0<\/span><strong><span>Razor 73880<\/span><\/strong><span>\u00a0Hydrofoil-Kit ist eine ausgezeichnete Wahl f\u00fcr\u00a0<\/span><strong><span>Downwind-<\/span><\/strong><span>\u00a0Fahrten bei\u00a0<\/span><strong><span>mittlerem Wind.<\/span><\/strong><\/p>\n<p><span>Der Frontfl\u00fcgel (\u00a0<\/span><strong><span>WR880<\/span><\/strong><span>\u00a0) verf\u00fcgt \u00fcber ein hohes Streckungsverh\u00e4ltnis und ein spezielles Profil f\u00fcr au\u00dfergew\u00f6hnliche Gleiteffizienz.\u00a0Au\u00dferdem l\u00e4sst es sich sehr leicht pumpen, um von Welle zu Welle zu wechseln.\u00a0Der Geschwindigkeitsbereich ist breit und erm\u00f6glicht einen fr\u00fchen Start.\u00a0Der Mast (\u00a0<\/span><strong><span>M73K<\/span><\/strong><span>\u00a0) hat ein ausgewogenes Profil und erm\u00f6glicht eine sanfte und schnelle Fahrt ohne Einbu\u00dfen bei der Steifigkeit.\u00a0Der Gullwing-Shape-Stabilisator (\u00a0<\/span><strong><span>S380<\/span><\/strong><span>\u00a0) sorgt f\u00fcr hervorragende Kontrolle und erm\u00f6glicht bei Bedarf ein einfaches Pumpen.<\/span><\/p>\n<p><span>Ganz gleich, ob Sie Anf\u00e4nger oder erfahrener Fahrer sind, dieses Hydrofoil-Set wird mit Sicherheit ein aufregendes und angenehmes Erlebnis auf dem Wasser bieten.<\/span><\/p>\n<p><strong>Tasche<\/strong>\u00a0und\u00a0<strong>Schnellverschlusssystem<\/strong>\u00a0(Q01K) im Lieferumfang enthalten<\/p>\n<p><img loading=\"lazy\" decoding=\"async\" class=\"alignnone wp-image-16023 size-full\" src=\"https:\/\/boostialsurf.com\/wp-content\/uploads\/2023\/08\/Subfoil-206.png\" alt=\"\" width=\"2524\" height=\"1402\" srcset=\"https:\/\/boostialsurf.com\/wp-content\/uploads\/2023\/08\/Subfoil-206.png 2524w, https:\/\/boostialsurf.com\/wp-content\/uploads\/2023\/08\/Subfoil-206-300x167.png 300w, https:\/\/boostialsurf.com\/wp-content\/uploads\/2023\/08\/Subfoil-206-1024x569.png 1024w, https:\/\/boostialsurf.com\/wp-content\/uploads\/2023\/08\/Subfoil-206-768x427.png 768w, https:\/\/boostialsurf.com\/wp-content\/uploads\/2023\/08\/Subfoil-206-1536x853.png 1536w, https:\/\/boostialsurf.com\/wp-content\/uploads\/2023\/08\/Subfoil-206-2048x1138.png 2048w, https:\/\/boostialsurf.com\/wp-content\/uploads\/2023\/08\/Subfoil-206-600x333.png 600w\" sizes=\"auto, (max-width: 2524px) 100vw, 2524px\" \/><\/p>\n","protected":false},"excerpt":{"rendered":"<p><strong>\u2022 Reichweite<\/strong>: Razor<br \/>\n<strong>\u2022 Empfohlen f\u00fcr<\/strong>: Gegen den Wind \u2013 Surfen<br \/>\n<strong>\u2022 Niedrige Endgeschwindigkeit:<\/strong> 7 &#8211; 9 kn<br \/>\n<strong>\u2022 H\u00f6chstgeschwindigkeit (durchschnittlich 75 kg schwerer Benutzer):<\/strong> 16 &#8211; 18 kn<\/p>\n<p><strong>Deine Bestellung wird einer Verf\u00fcgbarkeitspr\u00fcfung des Artikels beim Lieferanten unterzogen. Die Versandzeit wird in Zusammenarbeit mit dem Lieferanten verwaltet.<\/strong><\/p>\n","protected":false},"featured_media":15740,"comment_status":"open","ping_status":"closed","template":"","meta":[],"product_brand":[],"product_cat":[135,126],"product_tag":[],"class_list":{"0":"post-15737","1":"product","2":"type-product","3":"status-publish","4":"has-post-thumbnail","6":"product_cat-razor-de","7":"product_cat-sabfoil-kits-de","8":"product_shipping_class-classe-partner-de","10":"first","11":"instock","12":"taxable","13":"shipping-taxable","14":"purchasable","15":"product-type-simple"},"yoast_head":"<!-- This site is optimized with the Yoast SEO plugin v27.3 - https:\/\/yoast.com\/product\/yoast-seo-wordpress\/ -->\n<title>73880KR - Sabfoil Razor 73880 | Kit Hydrofoil - BOOSTIAL SURF | Tavole da wing foil gonfiabili<\/title>\n<meta name=\"description\" content=\"Das\u00a0Razor 73880\u00a0Hydrofoil-Kit ist eine ausgezeichnete Wahl f\u00fcr\u00a0Downwind-\u00a0Fahrten bei\u00a0mittlerem Wind.\" \/>\n<meta name=\"robots\" content=\"index, follow, max-snippet:-1, max-image-preview:large, max-video-preview:-1\" \/>\n<link rel=\"canonical\" href=\"https:\/\/boostialsurf.com\/de\/produkt\/73880kr-sabfoil-razor-73880-kit-hydrofoil\/\" \/>\n<meta property=\"og:locale\" content=\"de_DE\" \/>\n<meta property=\"og:type\" content=\"article\" \/>\n<meta property=\"og:title\" content=\"73880KR - Sabfoil Razor 73880 | Kit Hydrofoil - BOOSTIAL SURF | Tavole da wing foil gonfiabili\" \/>\n<meta property=\"og:description\" content=\"Das\u00a0Razor 73880\u00a0Hydrofoil-Kit ist eine ausgezeichnete Wahl f\u00fcr\u00a0Downwind-\u00a0Fahrten bei\u00a0mittlerem Wind.\" \/>\n<meta property=\"og:url\" content=\"https:\/\/boostialsurf.com\/de\/produkt\/73880kr-sabfoil-razor-73880-kit-hydrofoil\/\" \/>\n<meta property=\"og:site_name\" content=\"BOOSTIAL SURF | Tavole da wing foil gonfiabili\" \/>\n<meta property=\"article:publisher\" content=\"https:\/\/www.facebook.com\/boostial.surf\" \/>\n<meta property=\"article:modified_time\" content=\"2023-09-11T10:01:05+00:00\" \/>\n<meta property=\"og:image\" content=\"https:\/\/boostialsurf.com\/wp-content\/uploads\/2023\/08\/image-15.jpg\" \/>\n\t<meta property=\"og:image:width\" content=\"1440\" \/>\n\t<meta property=\"og:image:height\" content=\"1080\" \/>\n\t<meta property=\"og:image:type\" content=\"image\/jpeg\" \/>\n<meta name=\"twitter:card\" content=\"summary_large_image\" \/>\n<meta name=\"twitter:label1\" content=\"Gesch\u00e4tzte Lesezeit\" \/>\n\t<meta name=\"twitter:data1\" content=\"1\u00a0Minute\" \/>\n<script type=\"application\/ld+json\" class=\"yoast-schema-graph\">{\"@context\":\"https:\\\/\\\/schema.org\",\"@graph\":[{\"@type\":\"WebPage\",\"@id\":\"https:\\\/\\\/boostialsurf.com\\\/de\\\/produkt\\\/73880kr-sabfoil-razor-73880-kit-hydrofoil\\\/\",\"url\":\"https:\\\/\\\/boostialsurf.com\\\/de\\\/produkt\\\/73880kr-sabfoil-razor-73880-kit-hydrofoil\\\/\",\"name\":\"73880KR - Sabfoil Razor 73880 | Kit Hydrofoil - BOOSTIAL SURF | Tavole da wing foil gonfiabili\",\"isPartOf\":{\"@id\":\"https:\\\/\\\/boostialsurf.com\\\/de\\\/#website\"},\"primaryImageOfPage\":{\"@id\":\"https:\\\/\\\/boostialsurf.com\\\/de\\\/produkt\\\/73880kr-sabfoil-razor-73880-kit-hydrofoil\\\/#primaryimage\"},\"image\":{\"@id\":\"https:\\\/\\\/boostialsurf.com\\\/de\\\/produkt\\\/73880kr-sabfoil-razor-73880-kit-hydrofoil\\\/#primaryimage\"},\"thumbnailUrl\":\"https:\\\/\\\/boostialsurf.com\\\/wp-content\\\/uploads\\\/2023\\\/08\\\/image-15.jpg\",\"datePublished\":\"2023-09-11T09:57:40+00:00\",\"dateModified\":\"2023-09-11T10:01:05+00:00\",\"description\":\"Das\u00a0Razor 73880\u00a0Hydrofoil-Kit ist eine ausgezeichnete Wahl f\u00fcr\u00a0Downwind-\u00a0Fahrten bei\u00a0mittlerem Wind.\",\"breadcrumb\":{\"@id\":\"https:\\\/\\\/boostialsurf.com\\\/de\\\/produkt\\\/73880kr-sabfoil-razor-73880-kit-hydrofoil\\\/#breadcrumb\"},\"inLanguage\":\"de\",\"potentialAction\":[{\"@type\":\"ReadAction\",\"target\":[\"https:\\\/\\\/boostialsurf.com\\\/de\\\/produkt\\\/73880kr-sabfoil-razor-73880-kit-hydrofoil\\\/\"]}]},{\"@type\":\"ImageObject\",\"inLanguage\":\"de\",\"@id\":\"https:\\\/\\\/boostialsurf.com\\\/de\\\/produkt\\\/73880kr-sabfoil-razor-73880-kit-hydrofoil\\\/#primaryimage\",\"url\":\"https:\\\/\\\/boostialsurf.com\\\/wp-content\\\/uploads\\\/2023\\\/08\\\/image-15.jpg\",\"contentUrl\":\"https:\\\/\\\/boostialsurf.com\\\/wp-content\\\/uploads\\\/2023\\\/08\\\/image-15.jpg\",\"width\":1440,\"height\":1080},{\"@type\":\"BreadcrumbList\",\"@id\":\"https:\\\/\\\/boostialsurf.com\\\/de\\\/produkt\\\/73880kr-sabfoil-razor-73880-kit-hydrofoil\\\/#breadcrumb\",\"itemListElement\":[{\"@type\":\"ListItem\",\"position\":1,\"name\":\"Home\",\"item\":\"https:\\\/\\\/boostialsurf.com\\\/de\\\/\"},{\"@type\":\"ListItem\",\"position\":2,\"name\":\"Shop\",\"item\":\"https:\\\/\\\/boostialsurf.com\\\/de\\\/shop\\\/\"},{\"@type\":\"ListItem\",\"position\":3,\"name\":\"73880KR &#8211; Sabfoil Razor 73880 | Kit Hydrofoil\"}]},{\"@type\":\"WebSite\",\"@id\":\"https:\\\/\\\/boostialsurf.com\\\/de\\\/#website\",\"url\":\"https:\\\/\\\/boostialsurf.com\\\/de\\\/\",\"name\":\"BOOSTIAL SURF | Tavole da wing foil gonfiabili\",\"description\":\"\",\"publisher\":{\"@id\":\"https:\\\/\\\/boostialsurf.com\\\/de\\\/#organization\"},\"potentialAction\":[{\"@type\":\"SearchAction\",\"target\":{\"@type\":\"EntryPoint\",\"urlTemplate\":\"https:\\\/\\\/boostialsurf.com\\\/de\\\/?s={search_term_string}\"},\"query-input\":{\"@type\":\"PropertyValueSpecification\",\"valueRequired\":true,\"valueName\":\"search_term_string\"}}],\"inLanguage\":\"de\"},{\"@type\":\"Organization\",\"@id\":\"https:\\\/\\\/boostialsurf.com\\\/de\\\/#organization\",\"name\":\"BOOSTIAL SURF | Tavole da wing foil gonfiabili\",\"url\":\"https:\\\/\\\/boostialsurf.com\\\/de\\\/\",\"logo\":{\"@type\":\"ImageObject\",\"inLanguage\":\"de\",\"@id\":\"https:\\\/\\\/boostialsurf.com\\\/de\\\/#\\\/schema\\\/logo\\\/image\\\/\",\"url\":\"https:\\\/\\\/boostialsurf.com\\\/wp-content\\\/uploads\\\/2022\\\/11\\\/boostial-logo.png\",\"contentUrl\":\"https:\\\/\\\/boostialsurf.com\\\/wp-content\\\/uploads\\\/2022\\\/11\\\/boostial-logo.png\",\"width\":340,\"height\":60,\"caption\":\"BOOSTIAL SURF | Tavole da wing foil gonfiabili\"},\"image\":{\"@id\":\"https:\\\/\\\/boostialsurf.com\\\/de\\\/#\\\/schema\\\/logo\\\/image\\\/\"},\"sameAs\":[\"https:\\\/\\\/www.facebook.com\\\/boostial.surf\",\"https:\\\/\\\/www.youtube.com\\\/channel\\\/UCkhn29F8XryPBI_P-AavFfQ\",\"https:\\\/\\\/www.linkedin.com\\\/company\\\/icab-s-r-l\\\/\",\"https:\\\/\\\/www.instagram.com\\\/boostial.surf\\\/\"]}]}<\/script>\n<!-- \/ Yoast SEO plugin. -->","yoast_head_json":{"title":"73880KR - Sabfoil Razor 73880 | Kit Hydrofoil - BOOSTIAL SURF | Tavole da wing foil gonfiabili","description":"Das\u00a0Razor 73880\u00a0Hydrofoil-Kit ist eine ausgezeichnete Wahl f\u00fcr\u00a0Downwind-\u00a0Fahrten bei\u00a0mittlerem Wind.","robots":{"index":"index","follow":"follow","max-snippet":"max-snippet:-1","max-image-preview":"max-image-preview:large","max-video-preview":"max-video-preview:-1"},"canonical":"https:\/\/boostialsurf.com\/de\/produkt\/73880kr-sabfoil-razor-73880-kit-hydrofoil\/","og_locale":"de_DE","og_type":"article","og_title":"73880KR - Sabfoil Razor 73880 | Kit Hydrofoil - BOOSTIAL SURF | Tavole da wing foil gonfiabili","og_description":"Das\u00a0Razor 73880\u00a0Hydrofoil-Kit ist eine ausgezeichnete Wahl f\u00fcr\u00a0Downwind-\u00a0Fahrten bei\u00a0mittlerem Wind.","og_url":"https:\/\/boostialsurf.com\/de\/produkt\/73880kr-sabfoil-razor-73880-kit-hydrofoil\/","og_site_name":"BOOSTIAL SURF | Tavole da wing foil gonfiabili","article_publisher":"https:\/\/www.facebook.com\/boostial.surf","article_modified_time":"2023-09-11T10:01:05+00:00","og_image":[{"width":1440,"height":1080,"url":"https:\/\/boostialsurf.com\/wp-content\/uploads\/2023\/08\/image-15.jpg","type":"image\/jpeg"}],"twitter_card":"summary_large_image","twitter_misc":{"Gesch\u00e4tzte Lesezeit":"1\u00a0Minute"},"schema":{"@context":"https:\/\/schema.org","@graph":[{"@type":"WebPage","@id":"https:\/\/boostialsurf.com\/de\/produkt\/73880kr-sabfoil-razor-73880-kit-hydrofoil\/","url":"https:\/\/boostialsurf.com\/de\/produkt\/73880kr-sabfoil-razor-73880-kit-hydrofoil\/","name":"73880KR - Sabfoil Razor 73880 | Kit Hydrofoil - BOOSTIAL SURF | Tavole da wing foil gonfiabili","isPartOf":{"@id":"https:\/\/boostialsurf.com\/de\/#website"},"primaryImageOfPage":{"@id":"https:\/\/boostialsurf.com\/de\/produkt\/73880kr-sabfoil-razor-73880-kit-hydrofoil\/#primaryimage"},"image":{"@id":"https:\/\/boostialsurf.com\/de\/produkt\/73880kr-sabfoil-razor-73880-kit-hydrofoil\/#primaryimage"},"thumbnailUrl":"https:\/\/boostialsurf.com\/wp-content\/uploads\/2023\/08\/image-15.jpg","datePublished":"2023-09-11T09:57:40+00:00","dateModified":"2023-09-11T10:01:05+00:00","description":"Das\u00a0Razor 73880\u00a0Hydrofoil-Kit ist eine ausgezeichnete Wahl f\u00fcr\u00a0Downwind-\u00a0Fahrten bei\u00a0mittlerem Wind.","breadcrumb":{"@id":"https:\/\/boostialsurf.com\/de\/produkt\/73880kr-sabfoil-razor-73880-kit-hydrofoil\/#breadcrumb"},"inLanguage":"de","potentialAction":[{"@type":"ReadAction","target":["https:\/\/boostialsurf.com\/de\/produkt\/73880kr-sabfoil-razor-73880-kit-hydrofoil\/"]}]},{"@type":"ImageObject","inLanguage":"de","@id":"https:\/\/boostialsurf.com\/de\/produkt\/73880kr-sabfoil-razor-73880-kit-hydrofoil\/#primaryimage","url":"https:\/\/boostialsurf.com\/wp-content\/uploads\/2023\/08\/image-15.jpg","contentUrl":"https:\/\/boostialsurf.com\/wp-content\/uploads\/2023\/08\/image-15.jpg","width":1440,"height":1080},{"@type":"BreadcrumbList","@id":"https:\/\/boostialsurf.com\/de\/produkt\/73880kr-sabfoil-razor-73880-kit-hydrofoil\/#breadcrumb","itemListElement":[{"@type":"ListItem","position":1,"name":"Home","item":"https:\/\/boostialsurf.com\/de\/"},{"@type":"ListItem","position":2,"name":"Shop","item":"https:\/\/boostialsurf.com\/de\/shop\/"},{"@type":"ListItem","position":3,"name":"73880KR &#8211; Sabfoil Razor 73880 | Kit Hydrofoil"}]},{"@type":"WebSite","@id":"https:\/\/boostialsurf.com\/de\/#website","url":"https:\/\/boostialsurf.com\/de\/","name":"BOOSTIAL SURF | Tavole da wing foil gonfiabili","description":"","publisher":{"@id":"https:\/\/boostialsurf.com\/de\/#organization"},"potentialAction":[{"@type":"SearchAction","target":{"@type":"EntryPoint","urlTemplate":"https:\/\/boostialsurf.com\/de\/?s={search_term_string}"},"query-input":{"@type":"PropertyValueSpecification","valueRequired":true,"valueName":"search_term_string"}}],"inLanguage":"de"},{"@type":"Organization","@id":"https:\/\/boostialsurf.com\/de\/#organization","name":"BOOSTIAL SURF | Tavole da wing foil gonfiabili","url":"https:\/\/boostialsurf.com\/de\/","logo":{"@type":"ImageObject","inLanguage":"de","@id":"https:\/\/boostialsurf.com\/de\/#\/schema\/logo\/image\/","url":"https:\/\/boostialsurf.com\/wp-content\/uploads\/2022\/11\/boostial-logo.png","contentUrl":"https:\/\/boostialsurf.com\/wp-content\/uploads\/2022\/11\/boostial-logo.png","width":340,"height":60,"caption":"BOOSTIAL SURF | Tavole da wing foil gonfiabili"},"image":{"@id":"https:\/\/boostialsurf.com\/de\/#\/schema\/logo\/image\/"},"sameAs":["https:\/\/www.facebook.com\/boostial.surf","https:\/\/www.youtube.com\/channel\/UCkhn29F8XryPBI_P-AavFfQ","https:\/\/www.linkedin.com\/company\/icab-s-r-l\/","https:\/\/www.instagram.com\/boostial.surf\/"]}]}},"_links":{"self":[{"href":"https:\/\/boostialsurf.com\/de\/wp-json\/wp\/v2\/product\/15737","targetHints":{"allow":["GET"]}}],"collection":[{"href":"https:\/\/boostialsurf.com\/de\/wp-json\/wp\/v2\/product"}],"about":[{"href":"https:\/\/boostialsurf.com\/de\/wp-json\/wp\/v2\/types\/product"}],"replies":[{"embeddable":true,"href":"https:\/\/boostialsurf.com\/de\/wp-json\/wp\/v2\/comments?post=15737"}],"wp:featuredmedia":[{"embeddable":true,"href":"https:\/\/boostialsurf.com\/de\/wp-json\/wp\/v2\/media\/15740"}],"wp:attachment":[{"href":"https:\/\/boostialsurf.com\/de\/wp-json\/wp\/v2\/media?parent=15737"}],"wp:term":[{"taxonomy":"product_brand","embeddable":true,"href":"https:\/\/boostialsurf.com\/de\/wp-json\/wp\/v2\/product_brand?post=15737"},{"taxonomy":"product_cat","embeddable":true,"href":"https:\/\/boostialsurf.com\/de\/wp-json\/wp\/v2\/product_cat?post=15737"},{"taxonomy":"product_tag","embeddable":true,"href":"https:\/\/boostialsurf.com\/de\/wp-json\/wp\/v2\/product_tag?post=15737"}],"curies":[{"name":"wp","href":"https:\/\/api.w.org\/{rel}","templated":true}]}}