{"id":15803,"date":"2023-09-11T11:57:40","date_gmt":"2023-09-11T09:57:40","guid":{"rendered":"https:\/\/boostialsurf.com\/?post_type=product&#038;p=15803"},"modified":"2023-09-11T12:01:05","modified_gmt":"2023-09-11T10:01:05","slug":"v95636rd-sabfoil-vento-red-devil-95636-kit-hydrofoil-pwa","status":"publish","type":"product","link":"https:\/\/boostialsurf.com\/de\/produkt\/v95636rd-sabfoil-vento-red-devil-95636-kit-hydrofoil-pwa\/","title":{"rendered":"V95636RD &#8211; Sabfoil Vento Red Devil 95636 | Kit Hydrofoil Pwa"},"content":{"rendered":"<p>Das\u00a0<strong>Red Devil Vento 95636-<\/strong>\u00a0Kit ist ein Hochleistungs-Tragfl\u00fcgelboot der Sabfoil-Linie, das speziell f\u00fcr Rennen, Slalom und allgemein f\u00fcr Hochgeschwindigkeit entwickelt wurde.\u00a0Es eignet sich perfekt f\u00fcr Regatten bei\u00a0<strong>mittelstarken Windverh\u00e4ltnissen<\/strong>\u00a0und ist eine ausgezeichnete Wahl f\u00fcr wettbewerbsorientierte\u00a0<strong>Windfoils,<\/strong>\u00a0da es\u00a0<strong>PWA-zertifiziert<\/strong>\u00a0ist .<\/p>\n<p>Der Frontfl\u00fcgel (\u00a0<strong>WRD636<\/strong>\u00a0) zeichnet sich durch ein einzigartiges Gullwing-Design und ein Rennprofil aus, das au\u00dfergew\u00f6hnliche Geschwindigkeit bietet und gleichzeitig ein hervorragendes Gleichgewicht zwischen Kontrolle und Man\u00f6vrierf\u00e4higkeit bietet.\u00a0Der High Modulus-Mast (\u00a0<strong>M95VK<\/strong>\u00a0) sorgt f\u00fcr reduzierte Biegung und Torsion f\u00fcr maximale Leistung, Stabilit\u00e4t und Kontrolle bei Hochgeschwindigkeitssitzungen.\u00a0Der Stabilisator (\u00a0<strong>SRD379<\/strong>\u00a0) hat ein schnelles Profil und seine hohen Winglets sorgen f\u00fcr hervorragenden Antrieb bei Regatten.\u00a0Der Rumpf (\u00a0<strong>F1000RD<\/strong>\u00a0) verf\u00fcgt \u00fcber eine R6-Verbindung zu den Vorderfl\u00fcgeln und Stabilisatoren, um hydrodynamische Reibung und Turbulenzen zu minimieren, was zu einem schnellen und reibungslosen Erlebnis f\u00fchrt, w\u00e4hrend die R8-Verbindung (KMS) zum Mast f\u00fcr maximale Festigkeit sorgt.<\/p>\n<p>Tasche und Schnellverschlusssystem (Q01K) im Lieferumfang enthalten<\/p>\n<p>Teile aus High-Modulus-Carbon sind supersteif und leistungsstark, aber aus diesem Grund auch sehr zerbrechlich und anf\u00e4llig f\u00fcr St\u00f6\u00dfe\u00a0<strong>.\u00a0AUS DIESEM GRUND IST DIE RED DEVIL-SERIE NICHT F\u00dcR SPRINGE UND FREESTYLE GEEIGNET, UND IHRE VERWENDUNG F\u00dcR DIESE ART VON AKTIVIT\u00c4TEN KANN GEF\u00c4HRLICH SEIN UND DAHER NICHT ZUL\u00c4SSIG.<\/strong><\/p>\n<p><img loading=\"lazy\" decoding=\"async\" class=\"alignnone wp-image-16002 size-full\" src=\"https:\/\/boostialsurf.com\/wp-content\/uploads\/2023\/08\/Subfoil-pwa.png\" alt=\"\" width=\"2524\" height=\"1402\" srcset=\"https:\/\/boostialsurf.com\/wp-content\/uploads\/2023\/08\/Subfoil-pwa.png 2524w, https:\/\/boostialsurf.com\/wp-content\/uploads\/2023\/08\/Subfoil-pwa-300x167.png 300w, https:\/\/boostialsurf.com\/wp-content\/uploads\/2023\/08\/Subfoil-pwa-1024x569.png 1024w, https:\/\/boostialsurf.com\/wp-content\/uploads\/2023\/08\/Subfoil-pwa-768x427.png 768w, https:\/\/boostialsurf.com\/wp-content\/uploads\/2023\/08\/Subfoil-pwa-1536x853.png 1536w, https:\/\/boostialsurf.com\/wp-content\/uploads\/2023\/08\/Subfoil-pwa-2048x1138.png 2048w, https:\/\/boostialsurf.com\/wp-content\/uploads\/2023\/08\/Subfoil-pwa-600x333.png 600w\" sizes=\"auto, (max-width: 2524px) 100vw, 2524px\" \/><\/p>\n","protected":false},"excerpt":{"rendered":"<p><strong>\u2022 Reichweite<\/strong>: Red Devil<br \/>\n<strong>\u2022 Empfohlen f\u00fcr<\/strong>: Schneller Freeride \u2013 Slalom \u2013 Rennen \u2013 hohe Geschwindigkeit<br \/>\n<strong>\u2022 Niedrige Endgeschwindigkeit:<\/strong> 13 &#8211; 15 kn<br \/>\n<strong>\u2022 H\u00f6chstgeschwindigkeit (durchschnittlich 75 kg schwerer Benutzer):<\/strong> 30 kn \u2191<br \/>\n<strong>\u2022 Zertifizierungen:<\/strong> PWA<\/p>\n<p><strong>Deine Bestellung wird einer Verf\u00fcgbarkeitspr\u00fcfung des Artikels beim Lieferanten unterzogen. Die Versandzeit wird in Zusammenarbeit mit dem Lieferanten verwaltet.<\/strong><\/p>\n","protected":false},"featured_media":15806,"comment_status":"open","ping_status":"closed","template":"","meta":[],"product_brand":[],"product_cat":[137,126],"product_tag":[],"class_list":{"0":"post-15803","1":"product","2":"type-product","3":"status-publish","4":"has-post-thumbnail","6":"product_cat-red-devil-de","7":"product_cat-sabfoil-kits-de","8":"product_shipping_class-classe-partner-de","10":"first","11":"instock","12":"taxable","13":"shipping-taxable","14":"purchasable","15":"product-type-simple"},"yoast_head":"<!-- This site is optimized with the Yoast SEO plugin v27.3 - https:\/\/yoast.com\/product\/yoast-seo-wordpress\/ -->\n<title>V95636RD - Sabfoil Vento Red Devil 95636 | Kit Hydrofoil Pwa - BOOSTIAL SURF | Tavole da wing foil gonfiabili<\/title>\n<meta name=\"description\" content=\"Das\u00a0Red Devil Vento 95636-\u00a0Kit ist ein Hochleistungs-Tragfl\u00fcgelboot der Sabfoil-Linie, das speziell f\u00fcr Rennen, Slalom und allgemein f\u00fcr Hochgeschwindigkeit entwickelt wurde.\u00a0Es eignet sich perfekt f\u00fcr Regatten bei\u00a0mittelstarken Windverh\u00e4ltnissen\u00a0und ist eine ausgezeichnete Wahl f\u00fcr wettbewerbsorientierte\u00a0Windfoils,\u00a0da es\u00a0PWA-zertifiziert\u00a0ist .\" \/>\n<meta name=\"robots\" content=\"index, follow, max-snippet:-1, max-image-preview:large, max-video-preview:-1\" \/>\n<link rel=\"canonical\" href=\"https:\/\/boostialsurf.com\/de\/produkt\/v95636rd-sabfoil-vento-red-devil-95636-kit-hydrofoil-pwa\/\" \/>\n<meta property=\"og:locale\" content=\"de_DE\" \/>\n<meta property=\"og:type\" content=\"article\" \/>\n<meta property=\"og:title\" content=\"V95636RD - Sabfoil Vento Red Devil 95636 | Kit Hydrofoil Pwa - BOOSTIAL SURF | Tavole da wing foil gonfiabili\" \/>\n<meta property=\"og:description\" content=\"Das\u00a0Red Devil Vento 95636-\u00a0Kit ist ein Hochleistungs-Tragfl\u00fcgelboot der Sabfoil-Linie, das speziell f\u00fcr Rennen, Slalom und allgemein f\u00fcr Hochgeschwindigkeit entwickelt wurde.\u00a0Es eignet sich perfekt f\u00fcr Regatten bei\u00a0mittelstarken Windverh\u00e4ltnissen\u00a0und ist eine ausgezeichnete Wahl f\u00fcr wettbewerbsorientierte\u00a0Windfoils,\u00a0da es\u00a0PWA-zertifiziert\u00a0ist .\" \/>\n<meta property=\"og:url\" content=\"https:\/\/boostialsurf.com\/de\/produkt\/v95636rd-sabfoil-vento-red-devil-95636-kit-hydrofoil-pwa\/\" \/>\n<meta property=\"og:site_name\" content=\"BOOSTIAL SURF | Tavole da wing foil gonfiabili\" \/>\n<meta property=\"article:publisher\" content=\"https:\/\/www.facebook.com\/boostial.surf\" \/>\n<meta property=\"article:modified_time\" content=\"2023-09-11T10:01:05+00:00\" \/>\n<meta property=\"og:image\" content=\"https:\/\/boostialsurf.com\/wp-content\/uploads\/2023\/08\/image-16.webp\" \/>\n\t<meta property=\"og:image:width\" content=\"1440\" \/>\n\t<meta property=\"og:image:height\" content=\"1080\" \/>\n\t<meta property=\"og:image:type\" content=\"image\/webp\" \/>\n<meta name=\"twitter:card\" content=\"summary_large_image\" \/>\n<meta name=\"twitter:label1\" content=\"Gesch\u00e4tzte Lesezeit\" \/>\n\t<meta name=\"twitter:data1\" content=\"2\u00a0Minuten\" \/>\n<script type=\"application\/ld+json\" class=\"yoast-schema-graph\">{\"@context\":\"https:\\\/\\\/schema.org\",\"@graph\":[{\"@type\":\"WebPage\",\"@id\":\"https:\\\/\\\/boostialsurf.com\\\/de\\\/produkt\\\/v95636rd-sabfoil-vento-red-devil-95636-kit-hydrofoil-pwa\\\/\",\"url\":\"https:\\\/\\\/boostialsurf.com\\\/de\\\/produkt\\\/v95636rd-sabfoil-vento-red-devil-95636-kit-hydrofoil-pwa\\\/\",\"name\":\"V95636RD - Sabfoil Vento Red Devil 95636 | Kit Hydrofoil Pwa - BOOSTIAL SURF | Tavole da wing foil gonfiabili\",\"isPartOf\":{\"@id\":\"https:\\\/\\\/boostialsurf.com\\\/de\\\/#website\"},\"primaryImageOfPage\":{\"@id\":\"https:\\\/\\\/boostialsurf.com\\\/de\\\/produkt\\\/v95636rd-sabfoil-vento-red-devil-95636-kit-hydrofoil-pwa\\\/#primaryimage\"},\"image\":{\"@id\":\"https:\\\/\\\/boostialsurf.com\\\/de\\\/produkt\\\/v95636rd-sabfoil-vento-red-devil-95636-kit-hydrofoil-pwa\\\/#primaryimage\"},\"thumbnailUrl\":\"https:\\\/\\\/boostialsurf.com\\\/wp-content\\\/uploads\\\/2023\\\/08\\\/image-16.webp\",\"datePublished\":\"2023-09-11T09:57:40+00:00\",\"dateModified\":\"2023-09-11T10:01:05+00:00\",\"description\":\"Das\u00a0Red Devil Vento 95636-\u00a0Kit ist ein Hochleistungs-Tragfl\u00fcgelboot der Sabfoil-Linie, das speziell f\u00fcr Rennen, Slalom und allgemein f\u00fcr Hochgeschwindigkeit entwickelt wurde.\u00a0Es eignet sich perfekt f\u00fcr Regatten bei\u00a0mittelstarken Windverh\u00e4ltnissen\u00a0und ist eine ausgezeichnete Wahl f\u00fcr wettbewerbsorientierte\u00a0Windfoils,\u00a0da es\u00a0PWA-zertifiziert\u00a0ist .\",\"breadcrumb\":{\"@id\":\"https:\\\/\\\/boostialsurf.com\\\/de\\\/produkt\\\/v95636rd-sabfoil-vento-red-devil-95636-kit-hydrofoil-pwa\\\/#breadcrumb\"},\"inLanguage\":\"de\",\"potentialAction\":[{\"@type\":\"ReadAction\",\"target\":[\"https:\\\/\\\/boostialsurf.com\\\/de\\\/produkt\\\/v95636rd-sabfoil-vento-red-devil-95636-kit-hydrofoil-pwa\\\/\"]}]},{\"@type\":\"ImageObject\",\"inLanguage\":\"de\",\"@id\":\"https:\\\/\\\/boostialsurf.com\\\/de\\\/produkt\\\/v95636rd-sabfoil-vento-red-devil-95636-kit-hydrofoil-pwa\\\/#primaryimage\",\"url\":\"https:\\\/\\\/boostialsurf.com\\\/wp-content\\\/uploads\\\/2023\\\/08\\\/image-16.webp\",\"contentUrl\":\"https:\\\/\\\/boostialsurf.com\\\/wp-content\\\/uploads\\\/2023\\\/08\\\/image-16.webp\",\"width\":1440,\"height\":1080},{\"@type\":\"BreadcrumbList\",\"@id\":\"https:\\\/\\\/boostialsurf.com\\\/de\\\/produkt\\\/v95636rd-sabfoil-vento-red-devil-95636-kit-hydrofoil-pwa\\\/#breadcrumb\",\"itemListElement\":[{\"@type\":\"ListItem\",\"position\":1,\"name\":\"Home\",\"item\":\"https:\\\/\\\/boostialsurf.com\\\/de\\\/\"},{\"@type\":\"ListItem\",\"position\":2,\"name\":\"Shop\",\"item\":\"https:\\\/\\\/boostialsurf.com\\\/de\\\/shop\\\/\"},{\"@type\":\"ListItem\",\"position\":3,\"name\":\"V95636RD &#8211; Sabfoil Vento Red Devil 95636 | Kit Hydrofoil Pwa\"}]},{\"@type\":\"WebSite\",\"@id\":\"https:\\\/\\\/boostialsurf.com\\\/de\\\/#website\",\"url\":\"https:\\\/\\\/boostialsurf.com\\\/de\\\/\",\"name\":\"BOOSTIAL SURF | Tavole da wing foil gonfiabili\",\"description\":\"\",\"publisher\":{\"@id\":\"https:\\\/\\\/boostialsurf.com\\\/de\\\/#organization\"},\"potentialAction\":[{\"@type\":\"SearchAction\",\"target\":{\"@type\":\"EntryPoint\",\"urlTemplate\":\"https:\\\/\\\/boostialsurf.com\\\/de\\\/?s={search_term_string}\"},\"query-input\":{\"@type\":\"PropertyValueSpecification\",\"valueRequired\":true,\"valueName\":\"search_term_string\"}}],\"inLanguage\":\"de\"},{\"@type\":\"Organization\",\"@id\":\"https:\\\/\\\/boostialsurf.com\\\/de\\\/#organization\",\"name\":\"BOOSTIAL SURF | Tavole da wing foil gonfiabili\",\"url\":\"https:\\\/\\\/boostialsurf.com\\\/de\\\/\",\"logo\":{\"@type\":\"ImageObject\",\"inLanguage\":\"de\",\"@id\":\"https:\\\/\\\/boostialsurf.com\\\/de\\\/#\\\/schema\\\/logo\\\/image\\\/\",\"url\":\"https:\\\/\\\/boostialsurf.com\\\/wp-content\\\/uploads\\\/2022\\\/11\\\/boostial-logo.png\",\"contentUrl\":\"https:\\\/\\\/boostialsurf.com\\\/wp-content\\\/uploads\\\/2022\\\/11\\\/boostial-logo.png\",\"width\":340,\"height\":60,\"caption\":\"BOOSTIAL SURF | Tavole da wing foil gonfiabili\"},\"image\":{\"@id\":\"https:\\\/\\\/boostialsurf.com\\\/de\\\/#\\\/schema\\\/logo\\\/image\\\/\"},\"sameAs\":[\"https:\\\/\\\/www.facebook.com\\\/boostial.surf\",\"https:\\\/\\\/www.youtube.com\\\/channel\\\/UCkhn29F8XryPBI_P-AavFfQ\",\"https:\\\/\\\/www.linkedin.com\\\/company\\\/icab-s-r-l\\\/\",\"https:\\\/\\\/www.instagram.com\\\/boostial.surf\\\/\"]}]}<\/script>\n<!-- \/ Yoast SEO plugin. -->","yoast_head_json":{"title":"V95636RD - Sabfoil Vento Red Devil 95636 | Kit Hydrofoil Pwa - BOOSTIAL SURF | Tavole da wing foil gonfiabili","description":"Das\u00a0Red Devil Vento 95636-\u00a0Kit ist ein Hochleistungs-Tragfl\u00fcgelboot der Sabfoil-Linie, das speziell f\u00fcr Rennen, Slalom und allgemein f\u00fcr Hochgeschwindigkeit entwickelt wurde.\u00a0Es eignet sich perfekt f\u00fcr Regatten bei\u00a0mittelstarken Windverh\u00e4ltnissen\u00a0und ist eine ausgezeichnete Wahl f\u00fcr wettbewerbsorientierte\u00a0Windfoils,\u00a0da es\u00a0PWA-zertifiziert\u00a0ist .","robots":{"index":"index","follow":"follow","max-snippet":"max-snippet:-1","max-image-preview":"max-image-preview:large","max-video-preview":"max-video-preview:-1"},"canonical":"https:\/\/boostialsurf.com\/de\/produkt\/v95636rd-sabfoil-vento-red-devil-95636-kit-hydrofoil-pwa\/","og_locale":"de_DE","og_type":"article","og_title":"V95636RD - Sabfoil Vento Red Devil 95636 | Kit Hydrofoil Pwa - BOOSTIAL SURF | Tavole da wing foil gonfiabili","og_description":"Das\u00a0Red Devil Vento 95636-\u00a0Kit ist ein Hochleistungs-Tragfl\u00fcgelboot der Sabfoil-Linie, das speziell f\u00fcr Rennen, Slalom und allgemein f\u00fcr Hochgeschwindigkeit entwickelt wurde.\u00a0Es eignet sich perfekt f\u00fcr Regatten bei\u00a0mittelstarken Windverh\u00e4ltnissen\u00a0und ist eine ausgezeichnete Wahl f\u00fcr wettbewerbsorientierte\u00a0Windfoils,\u00a0da es\u00a0PWA-zertifiziert\u00a0ist .","og_url":"https:\/\/boostialsurf.com\/de\/produkt\/v95636rd-sabfoil-vento-red-devil-95636-kit-hydrofoil-pwa\/","og_site_name":"BOOSTIAL SURF | Tavole da wing foil gonfiabili","article_publisher":"https:\/\/www.facebook.com\/boostial.surf","article_modified_time":"2023-09-11T10:01:05+00:00","og_image":[{"width":1440,"height":1080,"url":"https:\/\/boostialsurf.com\/wp-content\/uploads\/2023\/08\/image-16.webp","type":"image\/webp"}],"twitter_card":"summary_large_image","twitter_misc":{"Gesch\u00e4tzte Lesezeit":"2\u00a0Minuten"},"schema":{"@context":"https:\/\/schema.org","@graph":[{"@type":"WebPage","@id":"https:\/\/boostialsurf.com\/de\/produkt\/v95636rd-sabfoil-vento-red-devil-95636-kit-hydrofoil-pwa\/","url":"https:\/\/boostialsurf.com\/de\/produkt\/v95636rd-sabfoil-vento-red-devil-95636-kit-hydrofoil-pwa\/","name":"V95636RD - Sabfoil Vento Red Devil 95636 | Kit Hydrofoil Pwa - BOOSTIAL SURF | Tavole da wing foil gonfiabili","isPartOf":{"@id":"https:\/\/boostialsurf.com\/de\/#website"},"primaryImageOfPage":{"@id":"https:\/\/boostialsurf.com\/de\/produkt\/v95636rd-sabfoil-vento-red-devil-95636-kit-hydrofoil-pwa\/#primaryimage"},"image":{"@id":"https:\/\/boostialsurf.com\/de\/produkt\/v95636rd-sabfoil-vento-red-devil-95636-kit-hydrofoil-pwa\/#primaryimage"},"thumbnailUrl":"https:\/\/boostialsurf.com\/wp-content\/uploads\/2023\/08\/image-16.webp","datePublished":"2023-09-11T09:57:40+00:00","dateModified":"2023-09-11T10:01:05+00:00","description":"Das\u00a0Red Devil Vento 95636-\u00a0Kit ist ein Hochleistungs-Tragfl\u00fcgelboot der Sabfoil-Linie, das speziell f\u00fcr Rennen, Slalom und allgemein f\u00fcr Hochgeschwindigkeit entwickelt wurde.\u00a0Es eignet sich perfekt f\u00fcr Regatten bei\u00a0mittelstarken Windverh\u00e4ltnissen\u00a0und ist eine ausgezeichnete Wahl f\u00fcr wettbewerbsorientierte\u00a0Windfoils,\u00a0da es\u00a0PWA-zertifiziert\u00a0ist .","breadcrumb":{"@id":"https:\/\/boostialsurf.com\/de\/produkt\/v95636rd-sabfoil-vento-red-devil-95636-kit-hydrofoil-pwa\/#breadcrumb"},"inLanguage":"de","potentialAction":[{"@type":"ReadAction","target":["https:\/\/boostialsurf.com\/de\/produkt\/v95636rd-sabfoil-vento-red-devil-95636-kit-hydrofoil-pwa\/"]}]},{"@type":"ImageObject","inLanguage":"de","@id":"https:\/\/boostialsurf.com\/de\/produkt\/v95636rd-sabfoil-vento-red-devil-95636-kit-hydrofoil-pwa\/#primaryimage","url":"https:\/\/boostialsurf.com\/wp-content\/uploads\/2023\/08\/image-16.webp","contentUrl":"https:\/\/boostialsurf.com\/wp-content\/uploads\/2023\/08\/image-16.webp","width":1440,"height":1080},{"@type":"BreadcrumbList","@id":"https:\/\/boostialsurf.com\/de\/produkt\/v95636rd-sabfoil-vento-red-devil-95636-kit-hydrofoil-pwa\/#breadcrumb","itemListElement":[{"@type":"ListItem","position":1,"name":"Home","item":"https:\/\/boostialsurf.com\/de\/"},{"@type":"ListItem","position":2,"name":"Shop","item":"https:\/\/boostialsurf.com\/de\/shop\/"},{"@type":"ListItem","position":3,"name":"V95636RD &#8211; Sabfoil Vento Red Devil 95636 | Kit Hydrofoil Pwa"}]},{"@type":"WebSite","@id":"https:\/\/boostialsurf.com\/de\/#website","url":"https:\/\/boostialsurf.com\/de\/","name":"BOOSTIAL SURF | Tavole da wing foil gonfiabili","description":"","publisher":{"@id":"https:\/\/boostialsurf.com\/de\/#organization"},"potentialAction":[{"@type":"SearchAction","target":{"@type":"EntryPoint","urlTemplate":"https:\/\/boostialsurf.com\/de\/?s={search_term_string}"},"query-input":{"@type":"PropertyValueSpecification","valueRequired":true,"valueName":"search_term_string"}}],"inLanguage":"de"},{"@type":"Organization","@id":"https:\/\/boostialsurf.com\/de\/#organization","name":"BOOSTIAL SURF | Tavole da wing foil gonfiabili","url":"https:\/\/boostialsurf.com\/de\/","logo":{"@type":"ImageObject","inLanguage":"de","@id":"https:\/\/boostialsurf.com\/de\/#\/schema\/logo\/image\/","url":"https:\/\/boostialsurf.com\/wp-content\/uploads\/2022\/11\/boostial-logo.png","contentUrl":"https:\/\/boostialsurf.com\/wp-content\/uploads\/2022\/11\/boostial-logo.png","width":340,"height":60,"caption":"BOOSTIAL SURF | Tavole da wing foil gonfiabili"},"image":{"@id":"https:\/\/boostialsurf.com\/de\/#\/schema\/logo\/image\/"},"sameAs":["https:\/\/www.facebook.com\/boostial.surf","https:\/\/www.youtube.com\/channel\/UCkhn29F8XryPBI_P-AavFfQ","https:\/\/www.linkedin.com\/company\/icab-s-r-l\/","https:\/\/www.instagram.com\/boostial.surf\/"]}]}},"_links":{"self":[{"href":"https:\/\/boostialsurf.com\/de\/wp-json\/wp\/v2\/product\/15803","targetHints":{"allow":["GET"]}}],"collection":[{"href":"https:\/\/boostialsurf.com\/de\/wp-json\/wp\/v2\/product"}],"about":[{"href":"https:\/\/boostialsurf.com\/de\/wp-json\/wp\/v2\/types\/product"}],"replies":[{"embeddable":true,"href":"https:\/\/boostialsurf.com\/de\/wp-json\/wp\/v2\/comments?post=15803"}],"wp:featuredmedia":[{"embeddable":true,"href":"https:\/\/boostialsurf.com\/de\/wp-json\/wp\/v2\/media\/15806"}],"wp:attachment":[{"href":"https:\/\/boostialsurf.com\/de\/wp-json\/wp\/v2\/media?parent=15803"}],"wp:term":[{"taxonomy":"product_brand","embeddable":true,"href":"https:\/\/boostialsurf.com\/de\/wp-json\/wp\/v2\/product_brand?post=15803"},{"taxonomy":"product_cat","embeddable":true,"href":"https:\/\/boostialsurf.com\/de\/wp-json\/wp\/v2\/product_cat?post=15803"},{"taxonomy":"product_tag","embeddable":true,"href":"https:\/\/boostialsurf.com\/de\/wp-json\/wp\/v2\/product_tag?post=15803"}],"curies":[{"name":"wp","href":"https:\/\/api.w.org\/{rel}","templated":true}]}}