{"id":16189,"date":"2023-09-12T12:13:24","date_gmt":"2023-09-12T10:13:24","guid":{"rendered":"https:\/\/boostialsurf.com\/?post_type=product&#038;p=16189"},"modified":"2023-09-12T14:25:00","modified_gmt":"2023-09-12T12:25:00","slug":"aura-v2","status":"publish","type":"product","link":"https:\/\/boostialsurf.com\/de\/produkt\/aura-v2\/","title":{"rendered":"AURA V2"},"content":{"rendered":"<p>Der brandneue AURA 2 \u2013 Ein Meisterwerk auf dem Wasser!<\/p>\n<p>Epische Sessions sind lauter denn je.\u00a0Der neue Aura 2 ist der H\u00f6hepunkt des Vayu-Fl\u00fcgeldesigns.\u00a0Dieser vielseitige Fl\u00fcgel gl\u00e4nzt bei allen Bedingungen, egal ob Sie Wellen bew\u00e4ltigen oder einfach nur Freeriden.\u00a0Wir haben den Aura 2 sorgf\u00e4ltig gefertigt und dabei auf die besten Eigenschaften jedes Fl\u00fcgels zur\u00fcckgegriffen, den wir jemals entworfen haben, um ein Meisterwerk zu schaffen, das die Grenzen verschiebt und Ihr Wingfoiling-Erlebnis auf ein neues Niveau hebt.<\/p>\n<p>Der Aura II ist auf Langlebigkeit und geringes Gewicht ausgelegt und verf\u00fcgt \u00fcber das innovative KPE 165-Gewebe im vorderen Bereich der Vorderkante, um die Steifigkeit zu erh\u00f6hen.\u00a0Die Verwendung hochwertiger Materialien sorgt f\u00fcr Langlebigkeit und sorgt f\u00fcr Seelenfrieden, sodass Sie sich ausschlie\u00dflich auf Ihre F\u00e4higkeiten und die aufregenden Momente auf dem Wasser konzentrieren k\u00f6nnen.<\/p>\n<p>FlexWingTips Die Fl\u00fcgelspitze des Aura 2 ist deutlich schlanker.\u00a0Dadurch hat es weniger Masse, was sich positiv auf das Handling und die Balance auswirkt.\u00a0Dar\u00fcber hinaus bietet dieses Design etwas Flex, was Vorteile beim Pumpen bringt und den Komfort beispielsweise bei b\u00f6igen Bedingungen verbessert.<\/p>\n<p>Steifigkeit der Vorderkante<br \/>\n\u2013 Der gesamte LE wurde neu gestaltet, um maximale Steifigkeit und Stabilit\u00e4t unter Last zu bieten.\u00a0Die Mittelteile bestehen aus KPE165 Dacron mit geringerer Dehnung und einem etwas gr\u00f6\u00dferen LE-Durchmesser f\u00fcr einen breiteren Sweetspot und einfache Handhabung.<br \/>\n&#8211; Die LE-Geometrie ist auf der Ober- und Unterseite variabel verj\u00fcngt, um ein geraderes oberes und dreieckiges unteres Rohrprofil zu erzielen, das Falten an der Mittelstrebe reduziert.<br \/>\n&#8211; Das Dieder ist mit einer flacheren Mitte und einer st\u00e4rkeren Aufw\u00e4rtsbewegung an den Fl\u00fcgelspitzen kombiniert, um ein kraftvolleres Mittelprofil und eine verbesserte Effizienz an den Per\u00fcckenspitzen zu erzielen.<\/p>\n<p>3 x Griffsystem.\u00a0Der Aura 2 verf\u00fcgt \u00fcber unser fahrerfreundliches Griffsystemdesign, das eine schnelle und einfache Einrichtung erm\u00f6glicht.\u00a0Egal, ob Sie das leichteste Setup mit Soft-Griffen oder das direkteste Erlebnis mit den Hard-Griffen oder dem neuen optionalen Carbon Boom suchen.\u00a0Sie sind im Handumdrehen auf dem Wasser und k\u00f6nnen jede Minute, die Sie dort drau\u00dfen verbringen, optimal nutzen.\u00a0Wir haben an alles gedacht, damit Sie sich auf das Wesentliche konzentrieren k\u00f6nnen \u2013 ein unvergessliches Erlebnis.<\/p>\n<ol>\n<li>FlexWingTips\u00a0F\u00fcr besseres Handling, Balance und Komfort.<\/li>\n<li>Hochpr\u00e4zises Direkthandling<\/li>\n<li>3-Griff-System: Softgriffe + Carbongriffe + Carbon Boom*.<\/li>\n<li>KPE165 hochbest\u00e4ndiges Dacron<\/li>\n<li>X-Ply-Fenster Leichter, steifer, keine Verformung bei kaltem\/warmem Wetter<\/li>\n<li>Vorw\u00e4rtsprofil f\u00fcr schnellere Beschleunigung und Nickstabilit\u00e4t<\/li>\n<li>Ultraleichte und d\u00fcnnere Fl\u00fcgelspitzen<\/li>\n<li>Premium Teijin R2 Ridstop-\u00dcberdachung<\/li>\n<li>Verbesserte Driftstabilit\u00e4t f\u00fcr m\u00fcheloses Surfen und Downwind.<\/li>\n<li>Neue Bungee-Leine<\/li>\n<\/ol>\n<p>*Carbon-Boom ist optional<\/p>\n","protected":false},"excerpt":{"rendered":"<p>Der brandneue AURA 2 \u2013 Ein Meisterwerk auf dem Wasser! Epische Sessions sind lauter denn je.\u00a0Der neue Aura 2 ist der H\u00f6hepunkt des Vayu-Fl\u00fcgeldesigns.\u00a0Dieser vielseitige Fl\u00fcgel gl\u00e4nzt bei allen Bedingungen, egal ob Sie Wellen bew\u00e4ltigen oder einfach nur Freeriden.<\/p>\n<p><strong>Deine Bestellung wird einer Verf\u00fcgbarkeitspr\u00fcfung des Artikels beim Lieferanten unterzogen. Die Versandzeit wird in Zusammenarbeit mit dem Lieferanten verwaltet.<\/strong><\/p>\n","protected":false},"featured_media":16195,"comment_status":"open","ping_status":"closed","template":"","meta":[],"product_brand":[],"product_cat":[141],"product_tag":[],"class_list":{"0":"post-16189","1":"product","2":"type-product","3":"status-publish","4":"has-post-thumbnail","6":"product_cat-vayu-wings-de","7":"product_shipping_class-classe-partner-de","9":"first","10":"instock","11":"taxable","12":"shipping-taxable","13":"purchasable","14":"product-type-variable"},"yoast_head":"<!-- This site is optimized with the Yoast SEO plugin v27.3 - https:\/\/yoast.com\/product\/yoast-seo-wordpress\/ -->\n<title>AURA V2 - BOOSTIAL SURF | Tavole da wing foil gonfiabili<\/title>\n<meta name=\"description\" content=\"Der brandneue AURA 2 \u2013 Ein Meisterwerk auf dem Wasser! Epische Sessions sind lauter denn je.\u00a0Der neue Aura 2 ist der H\u00f6hepunkt des Vayu-Fl\u00fcgeldesigns.\u00a0Dieser vielseitige Fl\u00fcgel gl\u00e4nzt bei allen Bedingungen, egal ob Sie Wellen bew\u00e4ltigen oder einfach nur Freeriden.\" \/>\n<meta name=\"robots\" content=\"index, follow, max-snippet:-1, max-image-preview:large, max-video-preview:-1\" \/>\n<link rel=\"canonical\" href=\"https:\/\/boostialsurf.com\/de\/produkt\/aura-v2\/\" \/>\n<meta property=\"og:locale\" content=\"de_DE\" \/>\n<meta property=\"og:type\" content=\"article\" \/>\n<meta property=\"og:title\" content=\"AURA V2 - BOOSTIAL SURF | Tavole da wing foil gonfiabili\" \/>\n<meta property=\"og:description\" content=\"Der brandneue AURA 2 \u2013 Ein Meisterwerk auf dem Wasser! Epische Sessions sind lauter denn je.\u00a0Der neue Aura 2 ist der H\u00f6hepunkt des Vayu-Fl\u00fcgeldesigns.\u00a0Dieser vielseitige Fl\u00fcgel gl\u00e4nzt bei allen Bedingungen, egal ob Sie Wellen bew\u00e4ltigen oder einfach nur Freeriden.\" \/>\n<meta property=\"og:url\" content=\"https:\/\/boostialsurf.com\/de\/produkt\/aura-v2\/\" \/>\n<meta property=\"og:site_name\" content=\"BOOSTIAL SURF | Tavole da wing foil gonfiabili\" \/>\n<meta property=\"article:publisher\" content=\"https:\/\/www.facebook.com\/boostial.surf\" \/>\n<meta property=\"article:modified_time\" content=\"2023-09-12T12:25:00+00:00\" \/>\n<meta property=\"og:image\" content=\"https:\/\/boostialsurf.com\/wp-content\/uploads\/2023\/09\/aura-v2-25-white-black-v.webp\" \/>\n\t<meta property=\"og:image:width\" content=\"1000\" \/>\n\t<meta property=\"og:image:height\" content=\"1000\" \/>\n\t<meta property=\"og:image:type\" content=\"image\/webp\" \/>\n<meta name=\"twitter:card\" content=\"summary_large_image\" \/>\n<meta name=\"twitter:label1\" content=\"Gesch\u00e4tzte Lesezeit\" \/>\n\t<meta name=\"twitter:data1\" content=\"3\u00a0Minuten\" \/>\n<script type=\"application\/ld+json\" class=\"yoast-schema-graph\">{\"@context\":\"https:\\\/\\\/schema.org\",\"@graph\":[{\"@type\":\"WebPage\",\"@id\":\"https:\\\/\\\/boostialsurf.com\\\/de\\\/produkt\\\/aura-v2\\\/\",\"url\":\"https:\\\/\\\/boostialsurf.com\\\/de\\\/produkt\\\/aura-v2\\\/\",\"name\":\"AURA V2 - BOOSTIAL SURF | Tavole da wing foil gonfiabili\",\"isPartOf\":{\"@id\":\"https:\\\/\\\/boostialsurf.com\\\/de\\\/#website\"},\"primaryImageOfPage\":{\"@id\":\"https:\\\/\\\/boostialsurf.com\\\/de\\\/produkt\\\/aura-v2\\\/#primaryimage\"},\"image\":{\"@id\":\"https:\\\/\\\/boostialsurf.com\\\/de\\\/produkt\\\/aura-v2\\\/#primaryimage\"},\"thumbnailUrl\":\"https:\\\/\\\/boostialsurf.com\\\/wp-content\\\/uploads\\\/2023\\\/09\\\/aura-v2-25-white-black-v.webp\",\"datePublished\":\"2023-09-12T10:13:24+00:00\",\"dateModified\":\"2023-09-12T12:25:00+00:00\",\"description\":\"Der brandneue AURA 2 \u2013 Ein Meisterwerk auf dem Wasser! Epische Sessions sind lauter denn je.\u00a0Der neue Aura 2 ist der H\u00f6hepunkt des Vayu-Fl\u00fcgeldesigns.\u00a0Dieser vielseitige Fl\u00fcgel gl\u00e4nzt bei allen Bedingungen, egal ob Sie Wellen bew\u00e4ltigen oder einfach nur Freeriden.\",\"breadcrumb\":{\"@id\":\"https:\\\/\\\/boostialsurf.com\\\/de\\\/produkt\\\/aura-v2\\\/#breadcrumb\"},\"inLanguage\":\"de\",\"potentialAction\":[{\"@type\":\"ReadAction\",\"target\":[\"https:\\\/\\\/boostialsurf.com\\\/de\\\/produkt\\\/aura-v2\\\/\"]}]},{\"@type\":\"ImageObject\",\"inLanguage\":\"de\",\"@id\":\"https:\\\/\\\/boostialsurf.com\\\/de\\\/produkt\\\/aura-v2\\\/#primaryimage\",\"url\":\"https:\\\/\\\/boostialsurf.com\\\/wp-content\\\/uploads\\\/2023\\\/09\\\/aura-v2-25-white-black-v.webp\",\"contentUrl\":\"https:\\\/\\\/boostialsurf.com\\\/wp-content\\\/uploads\\\/2023\\\/09\\\/aura-v2-25-white-black-v.webp\",\"width\":1000,\"height\":1000},{\"@type\":\"BreadcrumbList\",\"@id\":\"https:\\\/\\\/boostialsurf.com\\\/de\\\/produkt\\\/aura-v2\\\/#breadcrumb\",\"itemListElement\":[{\"@type\":\"ListItem\",\"position\":1,\"name\":\"Home\",\"item\":\"https:\\\/\\\/boostialsurf.com\\\/de\\\/\"},{\"@type\":\"ListItem\",\"position\":2,\"name\":\"Shop\",\"item\":\"https:\\\/\\\/boostialsurf.com\\\/de\\\/shop\\\/\"},{\"@type\":\"ListItem\",\"position\":3,\"name\":\"AURA V2\"}]},{\"@type\":\"WebSite\",\"@id\":\"https:\\\/\\\/boostialsurf.com\\\/de\\\/#website\",\"url\":\"https:\\\/\\\/boostialsurf.com\\\/de\\\/\",\"name\":\"BOOSTIAL SURF | Tavole da wing foil gonfiabili\",\"description\":\"\",\"publisher\":{\"@id\":\"https:\\\/\\\/boostialsurf.com\\\/de\\\/#organization\"},\"potentialAction\":[{\"@type\":\"SearchAction\",\"target\":{\"@type\":\"EntryPoint\",\"urlTemplate\":\"https:\\\/\\\/boostialsurf.com\\\/de\\\/?s={search_term_string}\"},\"query-input\":{\"@type\":\"PropertyValueSpecification\",\"valueRequired\":true,\"valueName\":\"search_term_string\"}}],\"inLanguage\":\"de\"},{\"@type\":\"Organization\",\"@id\":\"https:\\\/\\\/boostialsurf.com\\\/de\\\/#organization\",\"name\":\"BOOSTIAL SURF | Tavole da wing foil gonfiabili\",\"url\":\"https:\\\/\\\/boostialsurf.com\\\/de\\\/\",\"logo\":{\"@type\":\"ImageObject\",\"inLanguage\":\"de\",\"@id\":\"https:\\\/\\\/boostialsurf.com\\\/de\\\/#\\\/schema\\\/logo\\\/image\\\/\",\"url\":\"https:\\\/\\\/boostialsurf.com\\\/wp-content\\\/uploads\\\/2022\\\/11\\\/boostial-logo.png\",\"contentUrl\":\"https:\\\/\\\/boostialsurf.com\\\/wp-content\\\/uploads\\\/2022\\\/11\\\/boostial-logo.png\",\"width\":340,\"height\":60,\"caption\":\"BOOSTIAL SURF | Tavole da wing foil gonfiabili\"},\"image\":{\"@id\":\"https:\\\/\\\/boostialsurf.com\\\/de\\\/#\\\/schema\\\/logo\\\/image\\\/\"},\"sameAs\":[\"https:\\\/\\\/www.facebook.com\\\/boostial.surf\",\"https:\\\/\\\/www.youtube.com\\\/channel\\\/UCkhn29F8XryPBI_P-AavFfQ\",\"https:\\\/\\\/www.linkedin.com\\\/company\\\/icab-s-r-l\\\/\",\"https:\\\/\\\/www.instagram.com\\\/boostial.surf\\\/\"]}]}<\/script>\n<!-- \/ Yoast SEO plugin. -->","yoast_head_json":{"title":"AURA V2 - BOOSTIAL SURF | Tavole da wing foil gonfiabili","description":"Der brandneue AURA 2 \u2013 Ein Meisterwerk auf dem Wasser! Epische Sessions sind lauter denn je.\u00a0Der neue Aura 2 ist der H\u00f6hepunkt des Vayu-Fl\u00fcgeldesigns.\u00a0Dieser vielseitige Fl\u00fcgel gl\u00e4nzt bei allen Bedingungen, egal ob Sie Wellen bew\u00e4ltigen oder einfach nur Freeriden.","robots":{"index":"index","follow":"follow","max-snippet":"max-snippet:-1","max-image-preview":"max-image-preview:large","max-video-preview":"max-video-preview:-1"},"canonical":"https:\/\/boostialsurf.com\/de\/produkt\/aura-v2\/","og_locale":"de_DE","og_type":"article","og_title":"AURA V2 - BOOSTIAL SURF | Tavole da wing foil gonfiabili","og_description":"Der brandneue AURA 2 \u2013 Ein Meisterwerk auf dem Wasser! Epische Sessions sind lauter denn je.\u00a0Der neue Aura 2 ist der H\u00f6hepunkt des Vayu-Fl\u00fcgeldesigns.\u00a0Dieser vielseitige Fl\u00fcgel gl\u00e4nzt bei allen Bedingungen, egal ob Sie Wellen bew\u00e4ltigen oder einfach nur Freeriden.","og_url":"https:\/\/boostialsurf.com\/de\/produkt\/aura-v2\/","og_site_name":"BOOSTIAL SURF | Tavole da wing foil gonfiabili","article_publisher":"https:\/\/www.facebook.com\/boostial.surf","article_modified_time":"2023-09-12T12:25:00+00:00","og_image":[{"width":1000,"height":1000,"url":"https:\/\/boostialsurf.com\/wp-content\/uploads\/2023\/09\/aura-v2-25-white-black-v.webp","type":"image\/webp"}],"twitter_card":"summary_large_image","twitter_misc":{"Gesch\u00e4tzte Lesezeit":"3\u00a0Minuten"},"schema":{"@context":"https:\/\/schema.org","@graph":[{"@type":"WebPage","@id":"https:\/\/boostialsurf.com\/de\/produkt\/aura-v2\/","url":"https:\/\/boostialsurf.com\/de\/produkt\/aura-v2\/","name":"AURA V2 - BOOSTIAL SURF | Tavole da wing foil gonfiabili","isPartOf":{"@id":"https:\/\/boostialsurf.com\/de\/#website"},"primaryImageOfPage":{"@id":"https:\/\/boostialsurf.com\/de\/produkt\/aura-v2\/#primaryimage"},"image":{"@id":"https:\/\/boostialsurf.com\/de\/produkt\/aura-v2\/#primaryimage"},"thumbnailUrl":"https:\/\/boostialsurf.com\/wp-content\/uploads\/2023\/09\/aura-v2-25-white-black-v.webp","datePublished":"2023-09-12T10:13:24+00:00","dateModified":"2023-09-12T12:25:00+00:00","description":"Der brandneue AURA 2 \u2013 Ein Meisterwerk auf dem Wasser! Epische Sessions sind lauter denn je.\u00a0Der neue Aura 2 ist der H\u00f6hepunkt des Vayu-Fl\u00fcgeldesigns.\u00a0Dieser vielseitige Fl\u00fcgel gl\u00e4nzt bei allen Bedingungen, egal ob Sie Wellen bew\u00e4ltigen oder einfach nur Freeriden.","breadcrumb":{"@id":"https:\/\/boostialsurf.com\/de\/produkt\/aura-v2\/#breadcrumb"},"inLanguage":"de","potentialAction":[{"@type":"ReadAction","target":["https:\/\/boostialsurf.com\/de\/produkt\/aura-v2\/"]}]},{"@type":"ImageObject","inLanguage":"de","@id":"https:\/\/boostialsurf.com\/de\/produkt\/aura-v2\/#primaryimage","url":"https:\/\/boostialsurf.com\/wp-content\/uploads\/2023\/09\/aura-v2-25-white-black-v.webp","contentUrl":"https:\/\/boostialsurf.com\/wp-content\/uploads\/2023\/09\/aura-v2-25-white-black-v.webp","width":1000,"height":1000},{"@type":"BreadcrumbList","@id":"https:\/\/boostialsurf.com\/de\/produkt\/aura-v2\/#breadcrumb","itemListElement":[{"@type":"ListItem","position":1,"name":"Home","item":"https:\/\/boostialsurf.com\/de\/"},{"@type":"ListItem","position":2,"name":"Shop","item":"https:\/\/boostialsurf.com\/de\/shop\/"},{"@type":"ListItem","position":3,"name":"AURA V2"}]},{"@type":"WebSite","@id":"https:\/\/boostialsurf.com\/de\/#website","url":"https:\/\/boostialsurf.com\/de\/","name":"BOOSTIAL SURF | Tavole da wing foil gonfiabili","description":"","publisher":{"@id":"https:\/\/boostialsurf.com\/de\/#organization"},"potentialAction":[{"@type":"SearchAction","target":{"@type":"EntryPoint","urlTemplate":"https:\/\/boostialsurf.com\/de\/?s={search_term_string}"},"query-input":{"@type":"PropertyValueSpecification","valueRequired":true,"valueName":"search_term_string"}}],"inLanguage":"de"},{"@type":"Organization","@id":"https:\/\/boostialsurf.com\/de\/#organization","name":"BOOSTIAL SURF | Tavole da wing foil gonfiabili","url":"https:\/\/boostialsurf.com\/de\/","logo":{"@type":"ImageObject","inLanguage":"de","@id":"https:\/\/boostialsurf.com\/de\/#\/schema\/logo\/image\/","url":"https:\/\/boostialsurf.com\/wp-content\/uploads\/2022\/11\/boostial-logo.png","contentUrl":"https:\/\/boostialsurf.com\/wp-content\/uploads\/2022\/11\/boostial-logo.png","width":340,"height":60,"caption":"BOOSTIAL SURF | Tavole da wing foil gonfiabili"},"image":{"@id":"https:\/\/boostialsurf.com\/de\/#\/schema\/logo\/image\/"},"sameAs":["https:\/\/www.facebook.com\/boostial.surf","https:\/\/www.youtube.com\/channel\/UCkhn29F8XryPBI_P-AavFfQ","https:\/\/www.linkedin.com\/company\/icab-s-r-l\/","https:\/\/www.instagram.com\/boostial.surf\/"]}]}},"_links":{"self":[{"href":"https:\/\/boostialsurf.com\/de\/wp-json\/wp\/v2\/product\/16189","targetHints":{"allow":["GET"]}}],"collection":[{"href":"https:\/\/boostialsurf.com\/de\/wp-json\/wp\/v2\/product"}],"about":[{"href":"https:\/\/boostialsurf.com\/de\/wp-json\/wp\/v2\/types\/product"}],"replies":[{"embeddable":true,"href":"https:\/\/boostialsurf.com\/de\/wp-json\/wp\/v2\/comments?post=16189"}],"wp:featuredmedia":[{"embeddable":true,"href":"https:\/\/boostialsurf.com\/de\/wp-json\/wp\/v2\/media\/16195"}],"wp:attachment":[{"href":"https:\/\/boostialsurf.com\/de\/wp-json\/wp\/v2\/media?parent=16189"}],"wp:term":[{"taxonomy":"product_brand","embeddable":true,"href":"https:\/\/boostialsurf.com\/de\/wp-json\/wp\/v2\/product_brand?post=16189"},{"taxonomy":"product_cat","embeddable":true,"href":"https:\/\/boostialsurf.com\/de\/wp-json\/wp\/v2\/product_cat?post=16189"},{"taxonomy":"product_tag","embeddable":true,"href":"https:\/\/boostialsurf.com\/de\/wp-json\/wp\/v2\/product_tag?post=16189"}],"curies":[{"name":"wp","href":"https:\/\/api.w.org\/{rel}","templated":true}]}}